{"id":179,"date":"2016-05-30T12:36:11","date_gmt":"2016-05-30T10:36:11","guid":{"rendered":"https:\/\/llcg.trafic-influence.net\/?page_id=179"},"modified":"2018-01-08T16:50:41","modified_gmt":"2018-01-08T15:50:41","slug":"intellectual-property-law","status":"publish","type":"page","link":"https:\/\/www.llcg-avocats.com\/en\/intellectual-property-law\/","title":{"rendered":"PROPRI\u00c9T\u00c9 LITT\u00c9RAIRE ET ARTISTIQUE"},"content":{"rendered":"<p>[et_pb_section admin_label=&#8221;Section&#8221; fullwidth=&#8221;off&#8221; specialty=&#8221;off&#8221; background_image=&#8221;https:\/\/www.llcg-avocats.com\/wp-content\/uploads\/2016\/05\/propriete-litteraire-artistique-1.jpg&#8221; transparent_background=&#8221;off&#8221; background_color=&#8221;#ffffff&#8221; allow_player_pause=&#8221;off&#8221; inner_shadow=&#8221;off&#8221; parallax=&#8221;on&#8221; parallax_method=&#8221;off&#8221; padding_mobile=&#8221;off&#8221; make_fullwidth=&#8221;off&#8221; use_custom_width=&#8221;off&#8221; width_unit=&#8221;on&#8221; make_equal=&#8221;off&#8221; use_custom_gutter=&#8221;off&#8221;][et_pb_row admin_label=&#8221;Ligne&#8221;][et_pb_column type=&#8221;4_4&#8243;][et_pb_image admin_label=&#8221;Image&#8221; src=&#8221;https:\/\/www.llcg-avocats.com\/wp-content\/uploads\/2016\/05\/propriete-litteraire.png&#8221; show_in_lightbox=&#8221;off&#8221; url_new_window=&#8221;off&#8221; use_overlay=&#8221;off&#8221; animation=&#8221;fade_in&#8221; sticky=&#8221;off&#8221; align=&#8221;center&#8221; force_fullwidth=&#8221;off&#8221; always_center_on_mobile=&#8221;on&#8221; use_border_color=&#8221;off&#8221; border_color=&#8221;#ffffff&#8221; border_style=&#8221;solid&#8221; alt=&#8221;Propri\u00e9t\u00e9 litt\u00e9raire et artistique&#8221; title_text=&#8221;Propri\u00e9t\u00e9 litt\u00e9raire et artistique&#8221;] [\/et_pb_image][et_pb_text admin_label=&#8221;Texte&#8221; background_layout=&#8221;light&#8221; text_orientation=&#8221;center&#8221; use_border_color=&#8221;off&#8221; border_color=&#8221;#ffffff&#8221; border_style=&#8221;solid&#8221;]<\/p>\n<h1>Literary and Artistic Property Rights<\/h1>\n<p>[\/et_pb_text][et_pb_text admin_label=&#8221;Texte&#8221; background_layout=&#8221;light&#8221; text_orientation=&#8221;center&#8221; use_border_color=&#8221;off&#8221; border_color=&#8221;#ffffff&#8221; border_style=&#8221;solid&#8221;]<\/p>\n<p>Copyright and neighbouring rights are protected by numerous articles of the French Code of Intellectual Property, by European law and international agreements, as well as by abundant and fast-changing case law at both national and EU levels, in fields that are well covered by LEGRAND LESAGE-CATEL GAULTIER advisory and litigation services.<\/p>\n<p>Legislation on literary and artistic property may in certain cases afford protection that supplements that available to holders of rights to designs and models<\/p>\n<p>Literary and artistic property rights traditionally cover works of the mind such as novels, poetry, theatre, cinema, speeches, press articles, scientific, historical and geographical works, sculpture, paintings, music, photography, interior design, architecture, and the applied arts. The enabling condition is that artistic work be original and bear the mark of the personality of its maker.<\/p>\n<p>Protection is also available under so-called \u201cneighbouring\u201d rights, among them the rights of performing artists, of producers of phonograms and videograms, of audiovisual communication companies and of producers of databases \u2026<\/p>\n<p>Copyright also applies in part to the rights attaching to digital technologies and software.<\/p>\n<p>The law of copyright and its complexities requires in-depth knowledge which is permanently updated by LEGRAND LESAGE-CATEL GAULTIER specialist lawyers.<\/p>\n<p>Other rights may be available when seeking protection under droit d\u2019auteur, such as the right to personality, image or privacy. LEGRAND LESAGE-CATEL GAULTIER specialist lawyers handle the intricate relationships between the various forms of protection available.<\/p>\n<p>[\/et_pb_text][\/et_pb_column][\/et_pb_row][\/et_pb_section][et_pb_section admin_label=&#8221;Section&#8221; fullwidth=&#8221;off&#8221; specialty=&#8221;off&#8221; background_image=&#8221;https:\/\/www.llcg-avocats.com\/wp-content\/uploads\/2016\/05\/propriete-litteraire-artistique-2.jpg&#8221; transparent_background=&#8221;off&#8221; background_color=&#8221;#ffffff&#8221; allow_player_pause=&#8221;off&#8221; inner_shadow=&#8221;off&#8221; parallax=&#8221;on&#8221; parallax_method=&#8221;off&#8221; padding_mobile=&#8221;off&#8221; make_fullwidth=&#8221;off&#8221; use_custom_width=&#8221;off&#8221; width_unit=&#8221;on&#8221; make_equal=&#8221;off&#8221; use_custom_gutter=&#8221;off&#8221;][et_pb_row admin_label=&#8221;Ligne&#8221; global_parent=&#8221;222&#8243;][et_pb_column type=&#8221;4_4&#8243;][et_pb_text admin_label=&#8221;Texte&#8221; global_parent=&#8221;222&#8243; background_layout=&#8221;light&#8221; text_orientation=&#8221;center&#8221; use_border_color=&#8221;off&#8221; border_color=&#8221;#ffffff&#8221; border_style=&#8221;solid&#8221;]<\/p>\n<p style=\"font-size: 30px;\">Fields of expertise<\/p>\n<p>[\/et_pb_text][\/et_pb_column][\/et_pb_row][et_pb_row admin_label=&#8221;Ligne&#8221; global_parent=&#8221;222&#8243;][et_pb_column type=&#8221;1_3&#8243;][et_pb_blurb admin_label=&#8221;R\u00e9sum\u00e9&#8221; global_parent=&#8221;222&#8243; title=&#8221;Industrial Property Rights&#8221; url=&#8221;https:\/\/www.llcg-avocats.com\/en\/industrial-property\/&#8221; url_new_window=&#8221;off&#8221; use_icon=&#8221;off&#8221; icon_color=&#8221;#125675&#8243; use_circle=&#8221;off&#8221; circle_color=&#8221;#125675&#8243; use_circle_border=&#8221;off&#8221; circle_border_color=&#8221;#125675&#8243; image=&#8221;https:\/\/www.llcg-avocats.com\/wp-content\/uploads\/2016\/05\/propriete-industriel-b.png&#8221; icon_placement=&#8221;top&#8221; animation=&#8221;top&#8221; background_layout=&#8221;light&#8221; text_orientation=&#8221;center&#8221; use_icon_font_size=&#8221;off&#8221; use_border_color=&#8221;off&#8221; border_color=&#8221;#ffffff&#8221; border_style=&#8221;solid&#8221; header_font=&#8221;|on|||&#8221;]<\/p>\n<p><a href=\"https:\/\/www.llcg-avocats.com\/en\/industrial-property\/patent-law\/\">Patent Law<br \/>\n<\/a><a href=\"https:\/\/www.llcg-avocats.com\/en\/industrial-property\/trademark-law\/\">Trademark Law<\/a><br \/>\n<a href=\"https:\/\/www.llcg-avocats.com\/en\/industrial-property\/design-law\/\">Design Law<\/a><\/p>\n<p>[\/et_pb_blurb][\/et_pb_column][et_pb_column type=&#8221;1_3&#8243;][et_pb_blurb admin_label=&#8221;R\u00e9sum\u00e9&#8221; global_parent=&#8221;222&#8243; title=&#8221;Literary and Artistic Property Rights&#8221; url=&#8221;https:\/\/www.llcg-avocats.com\/en\/intellectual-property-law\/&#8221; url_new_window=&#8221;off&#8221; use_icon=&#8221;off&#8221; icon_color=&#8221;#125675&#8243; use_circle=&#8221;off&#8221; circle_color=&#8221;#125675&#8243; use_circle_border=&#8221;off&#8221; circle_border_color=&#8221;#125675&#8243; image=&#8221;https:\/\/www.llcg-avocats.com\/wp-content\/uploads\/2016\/05\/propriete-litteraire.png&#8221; icon_placement=&#8221;top&#8221; animation=&#8221;top&#8221; background_layout=&#8221;light&#8221; text_orientation=&#8221;center&#8221; use_icon_font_size=&#8221;off&#8221; use_border_color=&#8221;off&#8221; border_color=&#8221;#ffffff&#8221; border_style=&#8221;solid&#8221; header_font=&#8221;|on|||&#8221;]<\/p>\n<p><a href=\"https:\/\/www.llcg-avocats.com\/en\/intellectual-property-law\/copyright-law\/\">Copyright<\/a><br \/>\n<a href=\"https:\/\/www.llcg-avocats.com\/en\/intellectual-property-law\/photography-law\/\">Rights to Photography<\/a><br \/>\n<a href=\"https:\/\/www.llcg-avocats.com\/en\/intellectual-property-law\/personality-and-image-rights\/\">Rights to personality and image<\/a><br \/>\n<a href=\"https:\/\/www.llcg-avocats.com\/en\/intellectual-property-law\/respect-for-privacy\/\">Right to respect for privacy<\/a><\/p>\n<p>[\/et_pb_blurb][\/et_pb_column][et_pb_column type=&#8221;1_3&#8243;][et_pb_blurb admin_label=&#8221;R\u00e9sum\u00e9&#8221; global_parent=&#8221;222&#8243; title=&#8221;Law on Electronic Technology and Internet&#8221; url=&#8221;https:\/\/www.llcg-avocats.com\/en\/internet-technology-law\/&#8221; url_new_window=&#8221;off&#8221; use_icon=&#8221;off&#8221; icon_color=&#8221;#125675&#8243; use_circle=&#8221;off&#8221; circle_color=&#8221;#125675&#8243; use_circle_border=&#8221;off&#8221; circle_border_color=&#8221;#125675&#8243; image=&#8221;https:\/\/www.llcg-avocats.com\/wp-content\/uploads\/2016\/05\/propriete-web.png&#8221; icon_placement=&#8221;top&#8221; animation=&#8221;top&#8221; background_layout=&#8221;light&#8221; text_orientation=&#8221;center&#8221; use_icon_font_size=&#8221;off&#8221; use_border_color=&#8221;off&#8221; border_color=&#8221;#ffffff&#8221; border_style=&#8221;solid&#8221; header_font=&#8221;|on|||&#8221;]<\/p>\n<p><a href=\"https:\/\/www.llcg-avocats.com\/en\/internet-technology-law\/software-databases\/\">Software and databases<\/a><br \/>\n<a href=\"https:\/\/www.llcg-avocats.com\/en\/internet-technology-law\/domain-names\/\">Domain Names<\/a><br \/>\n<a href=\"https:\/\/www.llcg-avocats.com\/en\/internet-technology-law\/ecommerce-ereputation\/\">E-commerce and E-reputation<\/a><\/p>\n<p>[\/et_pb_blurb][\/et_pb_column][\/et_pb_row][et_pb_row admin_label=&#8221;Ligne&#8221; global_parent=&#8221;222&#8243;][et_pb_column type=&#8221;1_2&#8243;][et_pb_blurb admin_label=&#8221;R\u00e9sum\u00e9&#8221; global_parent=&#8221;222&#8243; title=&#8221;Other fields of expertise&#8221; url_new_window=&#8221;off&#8221; use_icon=&#8221;off&#8221; icon_color=&#8221;#125675&#8243; use_circle=&#8221;off&#8221; circle_color=&#8221;#125675&#8243; use_circle_border=&#8221;off&#8221; circle_border_color=&#8221;#125675&#8243; image=&#8221;https:\/\/www.llcg-avocats.com\/wp-content\/uploads\/2016\/05\/autre.png&#8221; icon_placement=&#8221;top&#8221; animation=&#8221;top&#8221; background_layout=&#8221;light&#8221; text_orientation=&#8221;center&#8221; use_icon_font_size=&#8221;off&#8221; use_border_color=&#8221;off&#8221; border_color=&#8221;#ffffff&#8221; border_style=&#8221;solid&#8221; header_font=&#8221;|on|||&#8221;]<\/p>\n<p><a href=\"https:\/\/www.llcg-avocats.com\/en\/unfair-and-parasitic-competition\/\">Unfair and parasitical competition<\/a><br \/>\n<a href=\"https:\/\/www.llcg-avocats.com\/en\/criminal-law-customs-law\/\">Criminal and Customs Law<\/a><br \/>\n<a href=\"https:\/\/www.llcg-avocats.com\/en\/inheritance-law\/\">Inheritance Law<\/a><\/p>\n<p>[\/et_pb_blurb][\/et_pb_column][et_pb_column type=&#8221;1_2&#8243;][et_pb_blurb admin_label=&#8221;R\u00e9sum\u00e9&#8221; global_parent=&#8221;222&#8243; title=&#8221;Art Market&#8221; url=&#8221;https:\/\/www.llcg-avocats.com\/en\/art-market\/&#8221; url_new_window=&#8221;off&#8221; use_icon=&#8221;off&#8221; icon_color=&#8221;#125675&#8243; use_circle=&#8221;off&#8221; circle_color=&#8221;#125675&#8243; use_circle_border=&#8221;off&#8221; circle_border_color=&#8221;#125675&#8243; image=&#8221;https:\/\/www.llcg-avocats.com\/wp-content\/uploads\/2016\/05\/marche-de-art.png&#8221; icon_placement=&#8221;top&#8221; animation=&#8221;top&#8221; background_layout=&#8221;light&#8221; text_orientation=&#8221;center&#8221; use_icon_font_size=&#8221;off&#8221; use_border_color=&#8221;off&#8221; border_color=&#8221;#ffffff&#8221; border_style=&#8221;solid&#8221; header_font=&#8221;|on|||&#8221;]<\/p>\n<p><a href=\"https:\/\/www.llcg-avocats.com\/en\/art-market\/\">Law on artworks<\/a><br \/>\n<a href=\"https:\/\/www.llcg-avocats.com\/en\/public-auctions-law\/\">Law governing auction sales<\/a><\/p>\n<p>[\/et_pb_blurb][\/et_pb_column][\/et_pb_row][\/et_pb_section][et_pb_section admin_label=&#8221;Section&#8221; fullwidth=&#8221;off&#8221; specialty=&#8221;off&#8221; background_image=&#8221;https:\/\/www.llcg-avocats.com\/wp-content\/uploads\/2016\/05\/propriete-litteraire-artistique-3.jpg&#8221; transparent_background=&#8221;off&#8221; background_color=&#8221;#ffffff&#8221; allow_player_pause=&#8221;off&#8221; inner_shadow=&#8221;off&#8221; parallax=&#8221;on&#8221; parallax_method=&#8221;off&#8221; padding_mobile=&#8221;off&#8221; make_fullwidth=&#8221;off&#8221; use_custom_width=&#8221;off&#8221; width_unit=&#8221;on&#8221; make_equal=&#8221;off&#8221; use_custom_gutter=&#8221;off&#8221;][et_pb_row admin_label=&#8221;Ligne&#8221; global_parent=&#8221;221&#8243;][et_pb_column type=&#8221;4_4&#8243;][et_pb_cta admin_label=&#8221;Appel d&#8217;action&#8221; global_parent=&#8221;221&#8243; title=&#8221;Any inquiry?&#8221; button_url=&#8221;https:\/\/www.llcg-avocats.com\/en\/contact\/&#8221; url_new_window=&#8221;off&#8221; button_text=&#8221;Contact us&#8221; use_background_color=&#8221;off&#8221; background_color=&#8221;#125675&#8243; background_layout=&#8221;light&#8221; text_orientation=&#8221;center&#8221; use_border_color=&#8221;off&#8221; border_color=&#8221;#ffffff&#8221; border_style=&#8221;solid&#8221; custom_button=&#8221;off&#8221; button_letter_spacing=&#8221;0&#8243; button_use_icon=&#8221;default&#8221; button_icon_placement=&#8221;right&#8221; button_on_hover=&#8221;on&#8221; button_letter_spacing_hover=&#8221;0&#8243;] [\/et_pb_cta][\/et_pb_column][\/et_pb_row][\/et_pb_section][et_pb_section admin_label=&#8221;Section&#8221; fullwidth=&#8221;off&#8221; specialty=&#8221;off&#8221; background_image=&#8221;https:\/\/www.llcg-avocats.com\/wp-content\/uploads\/2016\/05\/propriete-litteraire-artistique-4.jpg&#8221; transparent_background=&#8221;off&#8221; background_color=&#8221;#ffffff&#8221; allow_player_pause=&#8221;off&#8221; inner_shadow=&#8221;off&#8221; parallax=&#8221;on&#8221; parallax_method=&#8221;off&#8221; padding_mobile=&#8221;off&#8221; make_fullwidth=&#8221;off&#8221; use_custom_width=&#8221;off&#8221; width_unit=&#8221;on&#8221; make_equal=&#8221;off&#8221; use_custom_gutter=&#8221;off&#8221; module_id=&#8221;footer&#8221;][et_pb_row admin_label=&#8221;Ligne&#8221; global_parent=&#8221;212&#8243;][et_pb_column type=&#8221;1_4&#8243;][et_pb_text admin_label=&#8221;Texte&#8221; global_parent=&#8221;212&#8243; background_layout=&#8221;dark&#8221; text_orientation=&#8221;left&#8221; use_border_color=&#8221;off&#8221; border_color=&#8221;#ffffff&#8221; border_style=&#8221;solid&#8221;]<\/p>\n<h4>LLCG law firm<\/h4>\n<ul>\n<li><a href=\"https:\/\/www.llcg-avocats.com\/en\/partners\/\">Partners<\/a><\/li>\n<li><a href=\"https:\/\/www.llcg-avocats.com\/en\/attorney-at-law-lesage-catel\/\">Of Counsel<\/a><\/li>\n<li><a href=\"https:\/\/www.llcg-avocats.com\/en\/associates\/\">Associates<\/a><\/li>\n<li><a href=\"https:\/\/www.llcg-avocats.com\/en\/assistants\/\">Legal assistant<\/a><\/li>\n<li><a href=\"https:\/\/www.llcg-avocats.com\/en\/professional-associations\/\">Professional associations<\/a><\/li>\n<li><a href=\"https:\/\/www.llcg-avocats.com\/en\/fees\/\">Fees<\/a><\/li>\n<\/ul>\n<p>[\/et_pb_text][\/et_pb_column][et_pb_column type=&#8221;1_4&#8243;][et_pb_text admin_label=&#8221;Texte&#8221; global_parent=&#8221;212&#8243; background_layout=&#8221;dark&#8221; text_orientation=&#8221;left&#8221; use_border_color=&#8221;off&#8221; border_color=&#8221;#ffffff&#8221; border_style=&#8221;solid&#8221;]<\/p>\n<h4>Our Legal Services<\/h4>\n<ul>\n<li><a href=\"https:\/\/www.llcg-avocats.com\/en\/industrial-and-intellectual-property-advice\/\">Advice<\/a><\/li>\n<li><a href=\"https:\/\/www.llcg-avocats.com\/en\/litigation\/\">Litigation<\/a><\/li>\n<li><a href=\"https:\/\/www.llcg-avocats.com\/en\/representation-before-courts\/\">Assistance and representation before Offices and Courts<\/a><\/li>\n<li><a href=\"https:\/\/www.llcg-avocats.com\/en\/company-audit-creation-and-divestments\/\">Company audits, start-ups and divestments<\/a><\/li>\n<li><a href=\"https:\/\/www.llcg-avocats.com\/en\/mediation-arbitration\/\">Mediation, conciliation and arbitration<\/a><\/li>\n<\/ul>\n<p>[\/et_pb_text][\/et_pb_column][et_pb_column type=&#8221;1_4&#8243;][et_pb_text admin_label=&#8221;Texte&#8221; global_parent=&#8221;212&#8243; background_layout=&#8221;dark&#8221; text_orientation=&#8221;left&#8221; use_border_color=&#8221;off&#8221; border_color=&#8221;#ffffff&#8221; border_style=&#8221;solid&#8221;]<\/p>\n<h4>Expertise<\/h4>\n<ul>\n<li><a href=\"https:\/\/www.llcg-avocats.com\/en\/industrial-property\/\">Industrial Property Rights<\/a><\/li>\n<li><a href=\"https:\/\/www.llcg-avocats.com\/en\/intellectual-property-law\/\">Literary and Artistic Property Rights<\/a><\/li>\n<li><a href=\"https:\/\/www.llcg-avocats.com\/en\/internet-technology-law\/\">Law on Electronic Technologies and Internet, E-commerce and E-reputation<\/a><\/li>\n<li>Other fiels of expertise<\/li>\n<li><a href=\"https:\/\/www.llcg-avocats.com\/en\/art-market\/\">Art Market<\/a><\/li>\n<\/ul>\n<p>[\/et_pb_text][\/et_pb_column][et_pb_column type=&#8221;1_4&#8243;][et_pb_text admin_label=&#8221;Texte&#8221; global_parent=&#8221;212&#8243; background_layout=&#8221;dark&#8221; text_orientation=&#8221;left&#8221; use_border_color=&#8221;off&#8221; border_color=&#8221;#ffffff&#8221; border_style=&#8221;solid&#8221;]<\/p>\n<ul>\n<li><a href=\"https:\/\/www.llcg-avocats.com\/en\/news\/\">News<\/a><\/li>\n<li><a href=\"https:\/\/www.llcg-avocats.com\/en\/contact\/\">Contact<\/a><\/li>\n<\/ul>\n<p>[\/et_pb_text][\/et_pb_column][\/et_pb_row][et_pb_row admin_label=&#8221;Ligne&#8221;][et_pb_column type=&#8221;4_4&#8243;][et_pb_text admin_label=&#8221;Texte&#8221; background_layout=&#8221;dark&#8221; text_orientation=&#8221;left&#8221; use_border_color=&#8221;off&#8221; border_color=&#8221;#ffffff&#8221; border_style=&#8221;solid&#8221;] Copyright \u00a92016-2017 LLCG Avocats &#8211; Intellectual Property Law Firm in Paris &#8211; <a href=\"https:\/\/www.llcg-avocats.com\/mentions-legales\/\">Legal Notice<\/a> [\/et_pb_text][\/et_pb_column][\/et_pb_row][\/et_pb_section]<\/p>\n","protected":false},"excerpt":{"rendered":"<p>Literary and Artistic Property Rights Copyright and neighbouring rights are protected by numerous articles of the French Code of Intellectual Property, by European law and international agreements, as well as by abundant and fast-changing case law at both national and EU levels, in fields that are well covered by LEGRAND LESAGE-CATEL GAULTIER advisory and litigation [&hellip;]<\/p>\n","protected":false},"author":1,"featured_media":0,"parent":0,"menu_order":0,"comment_status":"closed","ping_status":"closed","template":"","meta":{"_et_pb_use_builder":"on","_et_pb_old_content":"","_et_gb_content_width":"","footnotes":""},"class_list":["post-179","page","type-page","status-publish","hentry"],"yoast_head":"<!-- This site is optimized with the Yoast SEO plugin v27.4 - https:\/\/yoast.com\/product\/yoast-seo-wordpress\/ -->\n<title>Intellectual property lawyers | Legrand Lesage-Catel Gaultier<\/title>\n<meta name=\"description\" content=\"Intellectual property law specialist, Legrand Lesage-Catel Gaultier law office assists you in legal proceedings\" \/>\n<meta name=\"robots\" content=\"index, follow, max-snippet:-1, max-image-preview:large, max-video-preview:-1\" \/>\n<link rel=\"canonical\" href=\"https:\/\/www.llcg-avocats.com\/en\/intellectual-property-law\/\" \/>\n<meta property=\"og:locale\" content=\"en_US\" \/>\n<meta property=\"og:type\" content=\"article\" \/>\n<meta property=\"og:title\" content=\"Intellectual property lawyers | Legrand Lesage-Catel Gaultier\" \/>\n<meta property=\"og:description\" content=\"Intellectual property law specialist, Legrand Lesage-Catel Gaultier law office assists you in legal proceedings\" \/>\n<meta property=\"og:url\" content=\"https:\/\/www.llcg-avocats.com\/en\/intellectual-property-law\/\" \/>\n<meta property=\"og:site_name\" content=\"Avocats propri\u00e9t\u00e9 intellectuelle \u00e0 Paris\" \/>\n<meta property=\"article:modified_time\" content=\"2018-01-08T15:50:41+00:00\" \/>\n<meta name=\"twitter:card\" content=\"summary_large_image\" \/>\n<meta name=\"twitter:label1\" content=\"Est. reading time\" \/>\n\t<meta name=\"twitter:data1\" content=\"8 minutes\" \/>\n<script type=\"application\/ld+json\" class=\"yoast-schema-graph\">{\"@context\":\"https:\\\/\\\/schema.org\",\"@graph\":[{\"@type\":\"WebPage\",\"@id\":\"https:\\\/\\\/www.llcg-avocats.com\\\/en\\\/intellectual-property-law\\\/\",\"url\":\"https:\\\/\\\/www.llcg-avocats.com\\\/en\\\/intellectual-property-law\\\/\",\"name\":\"Intellectual property lawyers | Legrand Lesage-Catel Gaultier\",\"isPartOf\":{\"@id\":\"https:\\\/\\\/www.llcg-avocats.com\\\/en\\\/#website\"},\"datePublished\":\"2016-05-30T10:36:11+00:00\",\"dateModified\":\"2018-01-08T15:50:41+00:00\",\"description\":\"Intellectual property law specialist, Legrand Lesage-Catel Gaultier law office assists you in legal proceedings\",\"breadcrumb\":{\"@id\":\"https:\\\/\\\/www.llcg-avocats.com\\\/en\\\/intellectual-property-law\\\/#breadcrumb\"},\"inLanguage\":\"en-US\",\"potentialAction\":[{\"@type\":\"ReadAction\",\"target\":[\"https:\\\/\\\/www.llcg-avocats.com\\\/en\\\/intellectual-property-law\\\/\"]}]},{\"@type\":\"BreadcrumbList\",\"@id\":\"https:\\\/\\\/www.llcg-avocats.com\\\/en\\\/intellectual-property-law\\\/#breadcrumb\",\"itemListElement\":[{\"@type\":\"ListItem\",\"position\":1,\"name\":\"Accueil\",\"item\":\"https:\\\/\\\/www.llcg-avocats.com\\\/en\\\/\"},{\"@type\":\"ListItem\",\"position\":2,\"name\":\"PROPRI\u00c9T\u00c9 LITT\u00c9RAIRE ET ARTISTIQUE\"}]},{\"@type\":\"WebSite\",\"@id\":\"https:\\\/\\\/www.llcg-avocats.com\\\/en\\\/#website\",\"url\":\"https:\\\/\\\/www.llcg-avocats.com\\\/en\\\/\",\"name\":\"Avocats propri\u00e9t\u00e9 intellectuelle \u00e0 Paris\",\"description\":\"Legrand Lesage-Catel Gaultier\",\"potentialAction\":[{\"@type\":\"SearchAction\",\"target\":{\"@type\":\"EntryPoint\",\"urlTemplate\":\"https:\\\/\\\/www.llcg-avocats.com\\\/en\\\/?s={search_term_string}\"},\"query-input\":{\"@type\":\"PropertyValueSpecification\",\"valueRequired\":true,\"valueName\":\"search_term_string\"}}],\"inLanguage\":\"en-US\"}]}<\/script>\n<!-- \/ Yoast SEO plugin. -->","yoast_head_json":{"title":"Intellectual property lawyers | Legrand Lesage-Catel Gaultier","description":"Intellectual property law specialist, Legrand Lesage-Catel Gaultier law office assists you in legal proceedings","robots":{"index":"index","follow":"follow","max-snippet":"max-snippet:-1","max-image-preview":"max-image-preview:large","max-video-preview":"max-video-preview:-1"},"canonical":"https:\/\/www.llcg-avocats.com\/en\/intellectual-property-law\/","og_locale":"en_US","og_type":"article","og_title":"Intellectual property lawyers | Legrand Lesage-Catel Gaultier","og_description":"Intellectual property law specialist, Legrand Lesage-Catel Gaultier law office assists you in legal proceedings","og_url":"https:\/\/www.llcg-avocats.com\/en\/intellectual-property-law\/","og_site_name":"Avocats propri\u00e9t\u00e9 intellectuelle \u00e0 Paris","article_modified_time":"2018-01-08T15:50:41+00:00","twitter_card":"summary_large_image","twitter_misc":{"Est. reading time":"8 minutes"},"schema":{"@context":"https:\/\/schema.org","@graph":[{"@type":"WebPage","@id":"https:\/\/www.llcg-avocats.com\/en\/intellectual-property-law\/","url":"https:\/\/www.llcg-avocats.com\/en\/intellectual-property-law\/","name":"Intellectual property lawyers | Legrand Lesage-Catel Gaultier","isPartOf":{"@id":"https:\/\/www.llcg-avocats.com\/en\/#website"},"datePublished":"2016-05-30T10:36:11+00:00","dateModified":"2018-01-08T15:50:41+00:00","description":"Intellectual property law specialist, Legrand Lesage-Catel Gaultier law office assists you in legal proceedings","breadcrumb":{"@id":"https:\/\/www.llcg-avocats.com\/en\/intellectual-property-law\/#breadcrumb"},"inLanguage":"en-US","potentialAction":[{"@type":"ReadAction","target":["https:\/\/www.llcg-avocats.com\/en\/intellectual-property-law\/"]}]},{"@type":"BreadcrumbList","@id":"https:\/\/www.llcg-avocats.com\/en\/intellectual-property-law\/#breadcrumb","itemListElement":[{"@type":"ListItem","position":1,"name":"Accueil","item":"https:\/\/www.llcg-avocats.com\/en\/"},{"@type":"ListItem","position":2,"name":"PROPRI\u00c9T\u00c9 LITT\u00c9RAIRE ET ARTISTIQUE"}]},{"@type":"WebSite","@id":"https:\/\/www.llcg-avocats.com\/en\/#website","url":"https:\/\/www.llcg-avocats.com\/en\/","name":"Avocats propri\u00e9t\u00e9 intellectuelle \u00e0 Paris","description":"Legrand Lesage-Catel Gaultier","potentialAction":[{"@type":"SearchAction","target":{"@type":"EntryPoint","urlTemplate":"https:\/\/www.llcg-avocats.com\/en\/?s={search_term_string}"},"query-input":{"@type":"PropertyValueSpecification","valueRequired":true,"valueName":"search_term_string"}}],"inLanguage":"en-US"}]}},"_links":{"self":[{"href":"https:\/\/www.llcg-avocats.com\/en\/wp-json\/wp\/v2\/pages\/179","targetHints":{"allow":["GET"]}}],"collection":[{"href":"https:\/\/www.llcg-avocats.com\/en\/wp-json\/wp\/v2\/pages"}],"about":[{"href":"https:\/\/www.llcg-avocats.com\/en\/wp-json\/wp\/v2\/types\/page"}],"author":[{"embeddable":true,"href":"https:\/\/www.llcg-avocats.com\/en\/wp-json\/wp\/v2\/users\/1"}],"replies":[{"embeddable":true,"href":"https:\/\/www.llcg-avocats.com\/en\/wp-json\/wp\/v2\/comments?post=179"}],"version-history":[{"count":1,"href":"https:\/\/www.llcg-avocats.com\/en\/wp-json\/wp\/v2\/pages\/179\/revisions"}],"predecessor-version":[{"id":1386,"href":"https:\/\/www.llcg-avocats.com\/en\/wp-json\/wp\/v2\/pages\/179\/revisions\/1386"}],"wp:attachment":[{"href":"https:\/\/www.llcg-avocats.com\/en\/wp-json\/wp\/v2\/media?parent=179"}],"curies":[{"name":"wp","href":"https:\/\/api.w.org\/{rel}","templated":true}]}}