{"id":773,"date":"2016-05-27T12:42:19","date_gmt":"2016-05-27T10:42:19","guid":{"rendered":"https:\/\/llcg.trafic-influence.net\/index\/?lang=en"},"modified":"2025-06-05T10:36:22","modified_gmt":"2025-06-05T08:36:22","slug":"index","status":"publish","type":"page","link":"https:\/\/www.llcg-avocats.com\/en\/","title":{"rendered":"index"},"content":{"rendered":"<p>[et_pb_section fb_built=&#8221;1&#8243; fullwidth=&#8221;on&#8221; _builder_version=&#8221;4.16&#8243; global_colors_info=&#8221;{}&#8221;][et_pb_fullwidth_slider _builder_version=&#8221;4.27.4&#8243; header_level=&#8221;h1&#8243; header_font=&#8221;|600|||||||&#8221; header_text_align=&#8221;center&#8221; header_text_color=&#8221;#ffffff&#8221; header_font_size=&#8221;60px&#8221; header_line_height=&#8221;1.6em&#8221; body_font=&#8221;||||||||&#8221; body_text_align=&#8221;center&#8221; body_line_height=&#8221;1.4em&#8221; custom_button=&#8221;on&#8221; button_text_color=&#8221;#ffffff&#8221; button_border_color=&#8221;#ffffff&#8221; button_on_hover=&#8221;off&#8221; button_custom_margin=&#8221;30px||||false|false&#8221; custom_margin=&#8221;0px||||false|false&#8221; link_option_url=&#8221;https:\/\/www.llcg-avocats.com\/en\/law-firm-paris\/&#8221; hover_enabled=&#8221;0&#8243; global_colors_info=&#8221;{}&#8221; sticky_enabled=&#8221;0&#8243;][et_pb_slide button_text=&#8221;Read More&#8221; button_link=&#8221;https:\/\/www.llcg-avocats.com\/en\/law-firm-paris\/&#8221; use_bg_overlay=&#8221;on&#8221; bg_overlay_color=&#8221;rgba(0,0,0,0.35)&#8221; use_text_overlay=&#8221;off&#8221; _builder_version=&#8221;4.27.4&#8243; header_level=&#8221;h1&#8243; header_font=&#8221;||||||||&#8221; header_text_align=&#8221;left&#8221; body_text_align=&#8221;left&#8221; body_font_size=&#8221;20px&#8221; background_color=&#8221;#ffffff&#8221; background_enable_color=&#8221;on&#8221; background_image=&#8221;https:\/\/www.llcg-avocats.com\/wp-content\/uploads\/2016\/05\/propriete-litteraire-artistique-4.jpg&#8221; background_enable_image=&#8221;on&#8221; parallax=&#8221;on&#8221; parallax_method=&#8221;off&#8221; text_orientation=&#8221;left&#8221; header_font_size_tablet=&#8221;35px&#8221; header_font_size_phone=&#8221;30px&#8221; header_font_size_last_edited=&#8221;on|desktop&#8221; header_line_height_tablet=&#8221;60px&#8221; header_line_height_phone=&#8221;30px&#8221; header_line_height_last_edited=&#8221;on|phone&#8221; body_font_size_tablet=&#8221;20px&#8221; body_font_size_phone=&#8221;&#8221; body_font_size_last_edited=&#8221;on|tablet&#8221; global_colors_info=&#8221;{}&#8221; heading__hover_enabled=&#8221;off|desktop&#8221; sticky_transition=&#8221;on&#8221;]<\/p>\n<p class=\"et_pb_slide_title\">LLCG<\/p>\n<p>Law Firm specializing in<br \/><strong>Intellectual Property<\/strong><\/p>\n<p>[\/et_pb_slide][et_pb_slide button_text=&#8221;Read more&#8221; _builder_version=&#8221;4.27.4&#8243; _module_preset=&#8221;default&#8221; background_image=&#8221;https:\/\/www.llcg-avocats.com\/wp-content\/uploads\/2020\/02\/object-connected.jpg&#8221; background_enable_image=&#8221;on&#8221; hover_enabled=&#8221;0&#8243; global_colors_info=&#8221;{}&#8221; sticky_transition=&#8221;on&#8221; button_link=&#8221;https:\/\/www.llcg-avocats.com\/en\/2025\/06\/llcg-avocats-to-attend-ecta-annual-conference-in-berlin\/&#8221; sticky_enabled=&#8221;0&#8243;]<\/p>\n<h2 class=\"entry-title\"><a href=\"https:\/\/www.llcg-avocats.com\/en\/2025\/06\/llcg-avocats-to-attend-ecta-annual-conference-in-berlin\/\">LLCG Avocats to attend ECTA Annual Conference in Berlin<\/a><\/h2>\n<p>Olivier Legrand, a member of the Patent Committee, will participate in the 43rd Annual Conference of ECTA (European Communities Trade Mark Association), taking place in Berlin from 18 to 21 June 2025.<\/p>\n<p>[\/et_pb_slide][\/et_pb_fullwidth_slider][\/et_pb_section][et_pb_section fb_built=&#8221;1&#8243; _builder_version=&#8221;4.16&#8243; global_colors_info=&#8221;{}&#8221;][et_pb_row _builder_version=&#8221;4.16&#8243; global_colors_info=&#8221;{}&#8221;][et_pb_column type=&#8221;4_4&#8243; _builder_version=&#8221;4.16&#8243; global_colors_info=&#8221;{}&#8221;][et_pb_text _builder_version=&#8221;4.16&#8243; header_2_font=&#8221;|700|||||||&#8221; global_colors_info=&#8221;{}&#8221;]<\/p>\n<h2>Fields of expertise<\/h2>\n<p>[\/et_pb_text][\/et_pb_column][\/et_pb_row][et_pb_row column_structure=&#8221;1_3,1_3,1_3&#8243; _builder_version=&#8221;4.16&#8243; global_colors_info=&#8221;{}&#8221;][et_pb_column type=&#8221;1_3&#8243; _builder_version=&#8221;4.16&#8243; global_colors_info=&#8221;{}&#8221;][et_pb_blurb title=&#8221;Industrial Property Rights&#8221; image=&#8221;https:\/\/www.llcg-avocats.com\/wp-content\/uploads\/2020\/02\/droit-propriete-industrielle.png&#8221; icon_alignment=&#8221;left&#8221; content_max_width=&#8221;1100px&#8221; _builder_version=&#8221;4.16&#8243; header_font=&#8221;|700|||||||&#8221; header_font_size=&#8221;20px&#8221; header_line_height=&#8221;1.2em&#8221; body_font=&#8221;Montserrat|300|||||||&#8221; body_text_color=&#8221;#085772&#8243; body_font_size=&#8221;14px&#8221; background_color=&#8221;#ffffff&#8221; background_image=&#8221;https:\/\/www.llcg-avocats.com\/wp-content\/uploads\/2020\/03\/propriete-industrielle-1-1s.jpg&#8221; custom_padding=&#8221;36px|30px|36px|30px|true|true&#8221; animation_style=&#8221;zoom&#8221; animation_intensity_zoom=&#8221;10%&#8221; animation=&#8221;off&#8221; border_radii=&#8221;on|10px|10px|10px|10px&#8221; border_radii_image=&#8221;off||||&#8221; box_shadow_style=&#8221;preset3&#8243; box_shadow_vertical=&#8221;10px&#8221; box_shadow_blur=&#8221;80px&#8221; box_shadow_spread=&#8221;-10px&#8221; box_shadow_color=&#8221;rgba(44,54,92,0.2)&#8221; global_colors_info=&#8221;{}&#8221;]<\/p>\n<ul>\n<li><a href=\"https:\/\/www.llcg-avocats.com\/en\/industrial-property\/patent-law\/\">Patent law<\/a><\/li>\n<li><a href=\"https:\/\/www.llcg-avocats.com\/en\/industrial-property\/trademark-law\/\">Trademark law<\/a><\/li>\n<li><a href=\"https:\/\/www.llcg-avocats.com\/en\/industrial-property\/design-law\/\">Design law<\/a><\/li>\n<\/ul>\n<p><a class=\"et_pb_button et_pb_more_button\" style=\"border: 1px solid; font-size: 15px; font-weight: normal; color: white; background-color: #125675;\" href=\"https:\/\/www.llcg-avocats.com\/en\/industrial-property\/\">Read more<\/a><\/p>\n<p>[\/et_pb_blurb][\/et_pb_column][et_pb_column type=&#8221;1_3&#8243; _builder_version=&#8221;4.16&#8243; global_colors_info=&#8221;{}&#8221;][et_pb_blurb title=&#8221;Literary and Artistic Property Rights&#8221; image=&#8221;https:\/\/www.llcg-avocats.com\/wp-content\/uploads\/2019\/11\/droit-propriete-intellectuelle.png&#8221; alt=&#8221;droit propri\u00e9t\u00e9 intellectuelle&#8221; icon_alignment=&#8221;left&#8221; content_max_width=&#8221;1100px&#8221; _builder_version=&#8221;4.16&#8243; header_font=&#8221;|700|||||||&#8221; header_font_size=&#8221;20px&#8221; header_line_height=&#8221;1.2em&#8221; body_font=&#8221;Montserrat|300|||||||&#8221; body_text_color=&#8221;#085772&#8243; body_font_size=&#8221;14px&#8221; background_color=&#8221;#ffffff&#8221; background_image=&#8221;https:\/\/www.llcg-avocats.com\/wp-content\/uploads\/2020\/03\/propriete-industrielle-1-1s.jpg&#8221; custom_padding=&#8221;36px|30px|36px|30px|true|true&#8221; animation_style=&#8221;zoom&#8221; animation_intensity_zoom=&#8221;10%&#8221; animation=&#8221;off&#8221; border_radii=&#8221;on|10px|10px|10px|10px&#8221; border_radii_image=&#8221;off||||&#8221; box_shadow_style=&#8221;preset3&#8243; box_shadow_vertical=&#8221;10px&#8221; box_shadow_blur=&#8221;80px&#8221; box_shadow_spread=&#8221;-10px&#8221; box_shadow_color=&#8221;rgba(44,54,92,0.2)&#8221; global_colors_info=&#8221;{}&#8221;]<\/p>\n<ul>\n<li><a href=\"https:\/\/www.llcg-avocats.com\/en\/intellectual-property-law\/copyright-law\/\">Copyright<\/a><\/li>\n<li><a href=\"https:\/\/www.llcg-avocats.com\/en\/intellectual-property-law\/photography-law\/\">Rights to photography<\/a><\/li>\n<li><a href=\"https:\/\/www.llcg-avocats.com\/en\/intellectual-property-law\/personality-and-image-rights\/\">Rights to personality and image<\/a><\/li>\n<li><a href=\"https:\/\/www.llcg-avocats.com\/en\/intellectual-property-law\/respect-for-privacy\/\">Right to respect for privacy<\/a><\/li>\n<\/ul>\n<p><a class=\"et_pb_button et_pb_more_button\" style=\"border: 1px solid; font-size: 15px; font-weight: normal; color: white; background-color: #125675;\" href=\"https:\/\/www.llcg-avocats.com\/en\/intellectual-property-law\/copyright-law\/\">Read more<\/a><\/p>\n<p>[\/et_pb_blurb][\/et_pb_column][et_pb_column type=&#8221;1_3&#8243; _builder_version=&#8221;4.16&#8243; global_colors_info=&#8221;{}&#8221;][et_pb_blurb title=&#8221;Law on Electronic Technology and Internet&#8221; image=&#8221;https:\/\/www.llcg-avocats.com\/wp-content\/uploads\/2019\/11\/droit-informaatique-nouvelles-technologie.png&#8221; icon_alignment=&#8221;left&#8221; content_max_width=&#8221;1100px&#8221; _builder_version=&#8221;4.16&#8243; header_font=&#8221;|700|||||||&#8221; header_font_size=&#8221;20px&#8221; header_line_height=&#8221;1.2em&#8221; body_font=&#8221;Montserrat|300|||||||&#8221; body_text_color=&#8221;#085772&#8243; body_font_size=&#8221;14px&#8221; background_color=&#8221;#ffffff&#8221; background_image=&#8221;https:\/\/www.llcg-avocats.com\/wp-content\/uploads\/2020\/03\/propriete-industrielle-1-1s.jpg&#8221; custom_padding=&#8221;36px|30px|36px|30px|true|true&#8221; animation_style=&#8221;zoom&#8221; animation_intensity_zoom=&#8221;10%&#8221; animation=&#8221;off&#8221; border_radii=&#8221;on|10px|10px|10px|10px&#8221; border_radii_image=&#8221;off||||&#8221; box_shadow_style=&#8221;preset3&#8243; box_shadow_vertical=&#8221;10px&#8221; box_shadow_blur=&#8221;80px&#8221; box_shadow_spread=&#8221;-10px&#8221; box_shadow_color=&#8221;rgba(44,54,92,0.2)&#8221; global_colors_info=&#8221;{}&#8221;]<\/p>\n<ul>\n<li><a href=\"https:\/\/www.llcg-avocats.com\/en\/internet-technology-law\/software-databases\/\">Software and databases<\/a><\/li>\n<li><a href=\"https:\/\/www.llcg-avocats.com\/en\/internet-technology-law\/domain-names\/\">Domain Names<\/a><\/li>\n<li><a href=\"https:\/\/www.llcg-avocats.com\/en\/internet-technology-law\/ecommerce-ereputation\/\">E-commerce and E-reputation<\/a><\/li>\n<\/ul>\n<p><a class=\"et_pb_button et_pb_more_button\" style=\"border: 1px solid; font-size: 15px; font-weight: normal; color: white; background-color: #125675;\" href=\"https:\/\/www.llcg-avocats.com\/en\/internet-technology-law\/\">Read more<\/a><\/p>\n<p>[\/et_pb_blurb][\/et_pb_column][\/et_pb_row][et_pb_row column_structure=&#8221;1_3,1_3,1_3&#8243; _builder_version=&#8221;4.16&#8243; global_colors_info=&#8221;{}&#8221;][et_pb_column type=&#8221;1_3&#8243; _builder_version=&#8221;4.16&#8243; global_colors_info=&#8221;{}&#8221;][et_pb_blurb title=&#8221;Other fields of expertise&#8221; image=&#8221;https:\/\/www.llcg-avocats.com\/wp-content\/uploads\/2020\/02\/llcg-avocat.png&#8221; icon_alignment=&#8221;left&#8221; content_max_width=&#8221;1100px&#8221; _builder_version=&#8221;4.16&#8243; header_font=&#8221;|700|||||||&#8221; header_font_size=&#8221;20px&#8221; header_line_height=&#8221;1.2em&#8221; body_font=&#8221;Montserrat|300|||||||&#8221; body_text_color=&#8221;#085772&#8243; body_font_size=&#8221;14px&#8221; background_color=&#8221;#ffffff&#8221; background_image=&#8221;https:\/\/www.llcg-avocats.com\/wp-content\/uploads\/2020\/03\/propriete-industrielle-1-1s.jpg&#8221; custom_padding=&#8221;36px|30px|36px|30px|true|true&#8221; animation_style=&#8221;zoom&#8221; animation_intensity_zoom=&#8221;10%&#8221; animation=&#8221;off&#8221; border_radii=&#8221;on|10px|10px|10px|10px&#8221; border_radii_image=&#8221;off||||&#8221; box_shadow_style=&#8221;preset3&#8243; box_shadow_vertical=&#8221;10px&#8221; box_shadow_blur=&#8221;80px&#8221; box_shadow_spread=&#8221;-10px&#8221; box_shadow_color=&#8221;rgba(44,54,92,0.2)&#8221; global_colors_info=&#8221;{}&#8221;]<\/p>\n<ul>\n<li><a href=\"https:\/\/www.llcg-avocats.com\/en\/unfair-and-parasitic-competition\/\">Unfair and parasitical competition<\/a><\/li>\n<li><a href=\"https:\/\/www.llcg-avocats.com\/en\/criminal-law-customs-law\/\">Criminal and customs law<\/a><\/li>\n<li><a href=\"https:\/\/www.llcg-avocats.com\/en\/inheritance-law\/\">Inhritance law<\/a><\/li>\n<\/ul>\n<p>[\/et_pb_blurb][\/et_pb_column][et_pb_column type=&#8221;1_3&#8243; _builder_version=&#8221;4.16&#8243; global_colors_info=&#8221;{}&#8221;][et_pb_blurb title=&#8221;Art Market&#8221; image=&#8221;https:\/\/www.llcg-avocats.com\/wp-content\/uploads\/2019\/11\/droit-de-l-art.png&#8221; alt=&#8221;droit de l&#8217;art&#8221; icon_alignment=&#8221;left&#8221; content_max_width=&#8221;1100px&#8221; _builder_version=&#8221;4.16&#8243; header_font=&#8221;|700|||||||&#8221; header_font_size=&#8221;20px&#8221; header_line_height=&#8221;1.2em&#8221; body_font=&#8221;Montserrat|300|||||||&#8221; body_text_color=&#8221;#085772&#8243; body_font_size=&#8221;14px&#8221; background_color=&#8221;#ffffff&#8221; background_image=&#8221;https:\/\/www.llcg-avocats.com\/wp-content\/uploads\/2020\/03\/propriete-industrielle-1-1s.jpg&#8221; custom_padding=&#8221;36px|30px|36px|30px|true|true&#8221; animation_style=&#8221;zoom&#8221; animation_intensity_zoom=&#8221;10%&#8221; animation=&#8221;off&#8221; border_radii=&#8221;on|10px|10px|10px|10px&#8221; border_radii_image=&#8221;off||||&#8221; box_shadow_style=&#8221;preset3&#8243; box_shadow_vertical=&#8221;10px&#8221; box_shadow_blur=&#8221;80px&#8221; box_shadow_spread=&#8221;-10px&#8221; box_shadow_color=&#8221;rgba(44,54,92,0.2)&#8221; global_colors_info=&#8221;{}&#8221;]<\/p>\n<ul>\n<li><a href=\"https:\/\/www.llcg-avocats.com\/en\/art-market\/\">Law on artworks<\/a><\/li>\n<li><a href=\"https:\/\/www.llcg-avocats.com\/en\/public-auctions-law\/\">Law governing auction sales<\/a><\/li>\n<\/ul>\n<p>[\/et_pb_blurb][\/et_pb_column][et_pb_column type=&#8221;1_3&#8243; _builder_version=&#8221;4.16&#8243; global_colors_info=&#8221;{}&#8221;][\/et_pb_column][\/et_pb_row][et_pb_row _builder_version=&#8221;4.16&#8243; global_colors_info=&#8221;{}&#8221;][et_pb_column type=&#8221;4_4&#8243; _builder_version=&#8221;4.16&#8243; global_colors_info=&#8221;{}&#8221;][et_pb_text _builder_version=&#8221;4.16&#8243; text_font=&#8221;|300|||||||&#8221; text_font_size=&#8221;15px&#8221; global_colors_info=&#8221;{}&#8221;]<\/p>\n<p>LEGRAND LESAGE-CATEL law firm has a 35 year history of specialization in Intellectual Property law.<\/p>\n<p>Our skills and reputation are highly acknowledged.<\/p>\n<p>LEGRAND LESAGE-CATEL covers all fields of intellectual property law from patents, trademarks and distinctive signs, to designs and models, literary and artistic property rights, Internet and domain names.<\/p>\n<p>Our law firm also assists and counsels its clients in France and the European Union on the granting and exploitation of industrial property rights.<\/p>\n<p>We also specialize in legal disputes over the validity and infringement of intellectual property rights (patents, trademarks, designs, models and copyright), as well as in issues of unfair competition, redress and representation of clients before French and EU jurisdictions. We are also involved in Customs disputes bearing on the law on intellectual property, and provide legal opinions, advice and certificates of custom when claiming such rights under foreign jurisdictions.<\/p>\n<p>LEGRAND LESAGE-CATEL carries out intellectual property audits with a view to the assessment and valuation of corporate intellectual property assets.<\/p>\n<p>The traditional legal work of LEGRAND LESAGE-CATEL is enriched by its substantial caseload in the market for artworks, whether in public auctions or private sales, including advising and representing clients in disputes involving auction houses, private treaties, authors, artists and purchasers.<\/p>\n<p>A further field of expertise is inheritance law, notably the specialist areas of gifts and life assurance including a particular focus on associations and foundations.<\/p>\n<p>The quality and effectiveness of the services rendered by LEGRAND LESAGE-CATEL is backed up by a close-knit and structured team organization that ensures rapid and relaxed access to the specialists assigned to each case and by a clear fee rationale that factors in affordability.<\/p>\n<p>[\/et_pb_text][\/et_pb_column][\/et_pb_row][\/et_pb_section]<\/p>\n","protected":false},"excerpt":{"rendered":"<p>LLCG Law Firm specializing inIntellectual PropertyLLCG Avocats to attend ECTA Annual Conference in Berlin Olivier Legrand, a member of the Patent Committee, will participate in the 43rd Annual Conference of ECTA (European Communities Trade Mark Association), taking place in Berlin from 18 to 21 June 2025.Fields of expertise Patent law Trademark law Design law Read [&hellip;]<\/p>\n","protected":false},"author":1,"featured_media":0,"parent":0,"menu_order":0,"comment_status":"closed","ping_status":"closed","template":"","meta":{"_et_pb_use_builder":"on","_et_pb_old_content":"","_et_gb_content_width":"","footnotes":""},"class_list":["post-773","page","type-page","status-publish","hentry"],"yoast_head":"<!-- This site is optimized with the Yoast SEO plugin v27.5 - https:\/\/yoast.com\/product\/yoast-seo-wordpress\/ -->\n<title>Lawyers intellectual property in Paris | Legrand Lesage-Catel Gaultier<\/title>\n<meta name=\"description\" content=\"Law office in Paris, Legrand Lesage-Catel Gaultier specializes in intellectual property, industrial property, art market...\" \/>\n<meta name=\"robots\" content=\"index, follow, max-snippet:-1, max-image-preview:large, max-video-preview:-1\" \/>\n<link rel=\"canonical\" href=\"https:\/\/www.llcg-avocats.com\/en\/\" \/>\n<meta property=\"og:locale\" content=\"en_US\" \/>\n<meta property=\"og:type\" content=\"article\" \/>\n<meta property=\"og:title\" content=\"Lawyers intellectual property in Paris | Legrand Lesage-Catel Gaultier\" \/>\n<meta property=\"og:description\" content=\"Law office in Paris, Legrand Lesage-Catel Gaultier specializes in intellectual property, industrial property, art market...\" \/>\n<meta property=\"og:url\" content=\"https:\/\/www.llcg-avocats.com\/en\/\" \/>\n<meta property=\"og:site_name\" content=\"Avocats propri\u00e9t\u00e9 intellectuelle \u00e0 Paris\" \/>\n<meta property=\"article:modified_time\" content=\"2025-06-05T08:36:22+00:00\" \/>\n<meta name=\"twitter:card\" content=\"summary_large_image\" \/>\n<meta name=\"twitter:label1\" content=\"Est. reading time\" \/>\n\t<meta name=\"twitter:data1\" content=\"4 minutes\" \/>\n<script type=\"application\/ld+json\" class=\"yoast-schema-graph\">{\"@context\":\"https:\\\/\\\/schema.org\",\"@graph\":[{\"@type\":\"WebPage\",\"@id\":\"https:\\\/\\\/www.llcg-avocats.com\\\/en\\\/\",\"url\":\"https:\\\/\\\/www.llcg-avocats.com\\\/en\\\/\",\"name\":\"Lawyers intellectual property in Paris | Legrand Lesage-Catel Gaultier\",\"isPartOf\":{\"@id\":\"https:\\\/\\\/www.llcg-avocats.com\\\/en\\\/#website\"},\"datePublished\":\"2016-05-27T10:42:19+00:00\",\"dateModified\":\"2025-06-05T08:36:22+00:00\",\"description\":\"Law office in Paris, Legrand Lesage-Catel Gaultier specializes in intellectual property, industrial property, art market...\",\"breadcrumb\":{\"@id\":\"https:\\\/\\\/www.llcg-avocats.com\\\/en\\\/#breadcrumb\"},\"inLanguage\":\"en-US\",\"potentialAction\":[{\"@type\":\"ReadAction\",\"target\":[\"https:\\\/\\\/www.llcg-avocats.com\\\/en\\\/\"]}]},{\"@type\":\"BreadcrumbList\",\"@id\":\"https:\\\/\\\/www.llcg-avocats.com\\\/en\\\/#breadcrumb\",\"itemListElement\":[{\"@type\":\"ListItem\",\"position\":1,\"name\":\"Accueil\",\"item\":\"https:\\\/\\\/www.llcg-avocats.com\\\/en\\\/\"},{\"@type\":\"ListItem\",\"position\":2,\"name\":\"index\"}]},{\"@type\":\"WebSite\",\"@id\":\"https:\\\/\\\/www.llcg-avocats.com\\\/en\\\/#website\",\"url\":\"https:\\\/\\\/www.llcg-avocats.com\\\/en\\\/\",\"name\":\"Avocats propri\u00e9t\u00e9 intellectuelle \u00e0 Paris\",\"description\":\"Legrand Lesage-Catel Gaultier\",\"potentialAction\":[{\"@type\":\"SearchAction\",\"target\":{\"@type\":\"EntryPoint\",\"urlTemplate\":\"https:\\\/\\\/www.llcg-avocats.com\\\/en\\\/?s={search_term_string}\"},\"query-input\":{\"@type\":\"PropertyValueSpecification\",\"valueRequired\":true,\"valueName\":\"search_term_string\"}}],\"inLanguage\":\"en-US\"}]}<\/script>\n<!-- \/ Yoast SEO plugin. -->","yoast_head_json":{"title":"Lawyers intellectual property in Paris | Legrand Lesage-Catel Gaultier","description":"Law office in Paris, Legrand Lesage-Catel Gaultier specializes in intellectual property, industrial property, art market...","robots":{"index":"index","follow":"follow","max-snippet":"max-snippet:-1","max-image-preview":"max-image-preview:large","max-video-preview":"max-video-preview:-1"},"canonical":"https:\/\/www.llcg-avocats.com\/en\/","og_locale":"en_US","og_type":"article","og_title":"Lawyers intellectual property in Paris | Legrand Lesage-Catel Gaultier","og_description":"Law office in Paris, Legrand Lesage-Catel Gaultier specializes in intellectual property, industrial property, art market...","og_url":"https:\/\/www.llcg-avocats.com\/en\/","og_site_name":"Avocats propri\u00e9t\u00e9 intellectuelle \u00e0 Paris","article_modified_time":"2025-06-05T08:36:22+00:00","twitter_card":"summary_large_image","twitter_misc":{"Est. reading time":"4 minutes"},"schema":{"@context":"https:\/\/schema.org","@graph":[{"@type":"WebPage","@id":"https:\/\/www.llcg-avocats.com\/en\/","url":"https:\/\/www.llcg-avocats.com\/en\/","name":"Lawyers intellectual property in Paris | Legrand Lesage-Catel Gaultier","isPartOf":{"@id":"https:\/\/www.llcg-avocats.com\/en\/#website"},"datePublished":"2016-05-27T10:42:19+00:00","dateModified":"2025-06-05T08:36:22+00:00","description":"Law office in Paris, Legrand Lesage-Catel Gaultier specializes in intellectual property, industrial property, art market...","breadcrumb":{"@id":"https:\/\/www.llcg-avocats.com\/en\/#breadcrumb"},"inLanguage":"en-US","potentialAction":[{"@type":"ReadAction","target":["https:\/\/www.llcg-avocats.com\/en\/"]}]},{"@type":"BreadcrumbList","@id":"https:\/\/www.llcg-avocats.com\/en\/#breadcrumb","itemListElement":[{"@type":"ListItem","position":1,"name":"Accueil","item":"https:\/\/www.llcg-avocats.com\/en\/"},{"@type":"ListItem","position":2,"name":"index"}]},{"@type":"WebSite","@id":"https:\/\/www.llcg-avocats.com\/en\/#website","url":"https:\/\/www.llcg-avocats.com\/en\/","name":"Avocats propri\u00e9t\u00e9 intellectuelle \u00e0 Paris","description":"Legrand Lesage-Catel Gaultier","potentialAction":[{"@type":"SearchAction","target":{"@type":"EntryPoint","urlTemplate":"https:\/\/www.llcg-avocats.com\/en\/?s={search_term_string}"},"query-input":{"@type":"PropertyValueSpecification","valueRequired":true,"valueName":"search_term_string"}}],"inLanguage":"en-US"}]}},"_links":{"self":[{"href":"https:\/\/www.llcg-avocats.com\/en\/wp-json\/wp\/v2\/pages\/773","targetHints":{"allow":["GET"]}}],"collection":[{"href":"https:\/\/www.llcg-avocats.com\/en\/wp-json\/wp\/v2\/pages"}],"about":[{"href":"https:\/\/www.llcg-avocats.com\/en\/wp-json\/wp\/v2\/types\/page"}],"author":[{"embeddable":true,"href":"https:\/\/www.llcg-avocats.com\/en\/wp-json\/wp\/v2\/users\/1"}],"replies":[{"embeddable":true,"href":"https:\/\/www.llcg-avocats.com\/en\/wp-json\/wp\/v2\/comments?post=773"}],"version-history":[{"count":31,"href":"https:\/\/www.llcg-avocats.com\/en\/wp-json\/wp\/v2\/pages\/773\/revisions"}],"predecessor-version":[{"id":4921,"href":"https:\/\/www.llcg-avocats.com\/en\/wp-json\/wp\/v2\/pages\/773\/revisions\/4921"}],"wp:attachment":[{"href":"https:\/\/www.llcg-avocats.com\/en\/wp-json\/wp\/v2\/media?parent=773"}],"curies":[{"name":"wp","href":"https:\/\/api.w.org\/{rel}","templated":true}]}}