{"id":775,"date":"2016-05-27T13:50:37","date_gmt":"2016-05-27T11:50:37","guid":{"rendered":"https:\/\/llcg.trafic-influence.net\/associes\/?lang=en"},"modified":"2021-10-14T16:52:00","modified_gmt":"2021-10-14T14:52:00","slug":"partners","status":"publish","type":"page","link":"https:\/\/www.llcg-avocats.com\/en\/law-firm-paris\/partners\/","title":{"rendered":"AVOCATS ASSOCI\u00c9S"},"content":{"rendered":"<p>[et_pb_section fb_built=&#8221;1&#8243; _builder_version=&#8221;4.6.1&#8243; background_enable_color=&#8221;off&#8221; background_image=&#8221;https:\/\/www.llcg-avocats.com\/wp-content\/uploads\/2016\/05\/avocats-llcg-4.jpg&#8221;][et_pb_row column_structure=&#8221;3_4,1_4&#8243; _builder_version=&#8221;4.0.6&#8243;][et_pb_column type=&#8221;3_4&#8243; _builder_version=&#8221;4.0.6&#8243;][et_pb_text _builder_version=&#8221;4.0.6&#8243; header_font=&#8221;|600|||||||&#8221; header_text_color=&#8221;#ffffff&#8221; header_font_size=&#8221;40px&#8221; header_font_size_tablet=&#8221;&#8221; header_font_size_phone=&#8221;27px&#8221; header_font_size_last_edited=&#8221;on|phone&#8221;]<\/p>\n<h1>Partners of Cabinet LEGRAND LESAGE-CATEL<\/h1>\n<p>[\/et_pb_text][\/et_pb_column][et_pb_column type=&#8221;1_4&#8243; _builder_version=&#8221;4.0.6&#8243;][et_pb_button button_url=&#8221;https:\/\/www.llcg-avocats.com\/en\/contact\/&#8221; button_text=&#8221;Contact us&#8221; _builder_version=&#8221;4.0.6&#8243; custom_button=&#8221;on&#8221; button_text_size=&#8221;15px&#8221; button_text_color=&#8221;#ffffff&#8221; button_border_width=&#8221;1px&#8221; button_border_color=&#8221;#ffffff&#8221;][\/et_pb_button][\/et_pb_column][\/et_pb_row][\/et_pb_section][et_pb_section fb_built=&#8221;1&#8243; _builder_version=&#8221;4.0.6&#8243;][et_pb_row column_structure=&#8221;1_4,3_4&#8243; _builder_version=&#8221;4.0.6&#8243;][et_pb_column type=&#8221;1_4&#8243; _builder_version=&#8221;4.0.6&#8243;][et_pb_image src=&#8221;https:\/\/www.llcg-avocats.com\/wp-content\/uploads\/2016\/05\/stephanie-legrand.jpg&#8221; title_text=&#8221;stephanie-legrand&#8221; url=&#8221;#slegrand&#8221; align=&#8221;center&#8221; _builder_version=&#8221;4.6.1&#8243; border_radii=&#8221;on|20px|20px|20px|20px&#8221; box_shadow_style=&#8221;preset1&#8243; box_shadow_vertical=&#8221;10px&#8221; box_shadow_blur=&#8221;30px&#8221; box_shadow_spread=&#8221;10px&#8221; box_shadow_color=&#8221;rgba(44,54,92,0.2)&#8221; use_border_color=&#8221;off&#8221; border_color=&#8221;#ffffff&#8221; border_style=&#8221;solid&#8221; animation=&#8221;fade_in&#8221; sticky=&#8221;off&#8221;][\/et_pb_image][et_pb_text _builder_version=&#8221;4.6.1&#8243; header_3_font=&#8221;|300|||||||&#8221; header_3_text_color=&#8221;#000000&#8243; header_3_font_size=&#8221;16px&#8221; background_size=&#8221;initial&#8221; background_position=&#8221;top_left&#8221; background_repeat=&#8221;repeat&#8221; text_orientation=&#8221;center&#8221; module_alignment=&#8221;center&#8221; use_border_color=&#8221;off&#8221; border_color=&#8221;#ffffff&#8221; border_style=&#8221;solid&#8221;]<\/p>\n<h2 style=\"text-align: center;\">St\u00e9phanie Legrand\u00a0: Avocat au Barreau de Paris<\/h2>\n<h3 style=\"text-align: center;\">Specialist in intellectual property law<\/h3>\n<p style=\"text-align: center;\"><a href=\"mailto:slegrand@llcg-avocats.com\">slegrand@llcg-avocats.com<\/a><\/p>\n<p>[\/et_pb_text][et_pb_social_media_follow _builder_version=&#8221;4.6.1&#8243; _module_preset=&#8221;default&#8221; text_orientation=&#8221;center&#8221; locked=&#8221;off&#8221;][et_pb_social_media_follow_network social_network=&#8221;linkedin&#8221; url=&#8221;https:\/\/www.linkedin.com\/in\/st%C3%A9phanie-legrand-57557919&#8243; _builder_version=&#8221;4.6.1&#8243; _module_preset=&#8221;default&#8221; background_color=&#8221;#007bb6&#8243; follow_button=&#8221;off&#8221; url_new_window=&#8221;on&#8221;]linkedin[\/et_pb_social_media_follow_network][et_pb_social_media_follow_network social_network=&#8221;twitter&#8221; url=&#8221;https:\/\/twitter.com\/IPAvocat&#8221; _builder_version=&#8221;4.6.1&#8243; _module_preset=&#8221;default&#8221; background_color=&#8221;#00aced&#8221; follow_button=&#8221;off&#8221; url_new_window=&#8221;on&#8221;]twitter[\/et_pb_social_media_follow_network][\/et_pb_social_media_follow][\/et_pb_column][et_pb_column type=&#8221;3_4&#8243; _builder_version=&#8221;4.0.6&#8243;][et_pb_text _builder_version=&#8221;4.9.2&#8243; text_font=&#8221;|300|||||||&#8221; background_size=&#8221;initial&#8221; background_position=&#8221;top_left&#8221; background_repeat=&#8221;repeat&#8221; text_orientation=&#8221;center&#8221; module_alignment=&#8221;center&#8221; use_border_color=&#8221;off&#8221; border_color=&#8221;#ffffff&#8221; border_style=&#8221;solid&#8221;]<\/p>\n<p style=\"text-align: left;\">St\u00e9phanie Legrand has in the last 20 years been essentially involved in Intellectual Property. She advises, assists and represents both French and international clients in the fields of copyright, the law of designs and models, trademarks and domain names, patents, applicable law in new technologies and Customs, as well as unfair competition, the protection of knowhow and business confidentiality, advertising and the rights to image. St\u00e9phanie Legrand is also active in national bodies, AFNIC, in the national, civil and criminal courts, as well as in the courts of the European Union and WIPO.<\/p>\n<h4 style=\"text-align: left;\">Professional Background:<\/h4>\n<ul>\n<li style=\"text-align: left;\">1990-1994: Member of Ronsseray &amp; Associ\u00e9s Law Firm<\/li>\n<li style=\"text-align: left;\"><span style=\"font-size: 16px;\">1996-2002: Member of Legrand Lesage-Catel Law Firm<\/span><\/li>\n<li style=\"text-align: left;\"><span style=\"font-size: 16px;\">2003-2009: Partner Legrand Lesage-Catel Law Firm<\/span><\/li>\n<li style=\"text-align: left;\"><span style=\"font-size: 16px;\">2009-2011: Partner Bardehle Pagenberg Law Firm<\/span><\/li>\n<li style=\"text-align: left;\"><span style=\"font-size: 16px;\">Since end 2011: Partner Legrand Lesage-Catel Law Firm<\/span><\/li>\n<\/ul>\n<h4 style=\"text-align: left;\">Training:<\/h4>\n<ul>\n<li style=\"text-align: left;\">1985: DEUG Oriental Languages, University Paris IV<\/li>\n<li style=\"text-align: left;\">1989: Masters 2 Business Law \u2013 Masters in Business and Tax Law, University Paris II<\/li>\n<li style=\"text-align: left;\">1990: Called to Bar of Paris<\/li>\n<li style=\"text-align: left;\">2009: Certificate of Specialisation Intellectual Property Law<\/li>\n<\/ul>\n<h4 style=\"text-align: left;\">Languages<\/h4>\n<p style=\"text-align: left;\">French, English, Russian<\/p>\n<p style=\"text-align: left;\">[\/et_pb_text][\/et_pb_column][\/et_pb_row][et_pb_row column_structure=&#8221;1_2,1_2&#8243; _builder_version=&#8221;4.0.6&#8243;][et_pb_column type=&#8221;1_2&#8243; _builder_version=&#8221;4.0.6&#8243;][et_pb_text _builder_version=&#8221;4.0.6&#8243; text_font=&#8221;|300|||||||&#8221; background_size=&#8221;initial&#8221; background_position=&#8221;top_left&#8221; background_repeat=&#8221;repeat&#8221; text_orientation=&#8221;center&#8221; module_alignment=&#8221;center&#8221; use_border_color=&#8221;off&#8221; border_color=&#8221;#ffffff&#8221; border_style=&#8221;solid&#8221;]<\/p>\n<h4 style=\"text-align: left;\">References:<\/h4>\n<p style=\"text-align: left;\">St\u00e9phanie Legrand has since 2010 had an entry in Guide D\u00e9cideurs under the heading \u201cInnovation and its protection\u201d.<\/p>\n<p style=\"text-align: left;\"><strong>Trademarks, designs and models:<\/strong> outstanding practitioner<\/p>\n<p style=\"text-align: left;\"><strong>Patent litigation:<\/strong> highly acknowledged<\/p>\n<p style=\"text-align: left;\">She has an entry in Guide D\u00e9cideurs \u201c\u00a0Marketing, E-Commerce et Distribution\u201d 2015.<br \/> <strong>Luxury goods and fashion:<\/strong> reputed practitioner<\/p>\n<p style=\"text-align: left;\"><strong>Advertising and marketing:<\/strong> reputed practitioner<\/p>\n<p style=\"text-align: left;\"><strong>Publishing:<\/strong> highly acknowledged<\/p>\n<p style=\"text-align: left;\">\n<p>[\/et_pb_text][\/et_pb_column][et_pb_column type=&#8221;1_2&#8243; _builder_version=&#8221;4.0.6&#8243;][et_pb_text _builder_version=&#8221;4.0.6&#8243; text_font=&#8221;|300|||||||&#8221; background_size=&#8221;initial&#8221; background_position=&#8221;top_left&#8221; background_repeat=&#8221;repeat&#8221; text_orientation=&#8221;center&#8221; module_alignment=&#8221;center&#8221; use_border_color=&#8221;off&#8221; border_color=&#8221;#ffffff&#8221; border_style=&#8221;solid&#8221;]<\/p>\n<h4 style=\"text-align: left;\">Associations:<\/h4>\n<p style=\"text-align: left;\">AAPI, Association des Avocats de Propri\u00e9t\u00e9 Industrielle (Association of Industrial Property Attorneys)<br \/> AIPPI, Association Internationale pour la Protection de la Propri\u00e9t\u00e9 Intellectuelle (International Association for Protection of Intellectual Property)<br \/> APRAM, Association des Praticiens du Droit des Marques et des Mod\u00e8les (Association of Practitioners of Law on Trademarks and Models)<br \/> ECTA, European Communities Trademark Association: member of Council and Secretary to Designs and Models Committee<\/p>\n<ul><\/ul>\n<p>[\/et_pb_text][\/et_pb_column][\/et_pb_row][et_pb_row column_structure=&#8221;1_4,3_4&#8243; _builder_version=&#8221;4.0.6&#8243; border_width_top=&#8221;1px&#8221; border_color_top=&#8221;#dddddd&#8221;][et_pb_column type=&#8221;1_4&#8243; _builder_version=&#8221;4.0.6&#8243;][et_pb_image src=&#8221;https:\/\/www.llcg-avocats.com\/wp-content\/uploads\/2016\/05\/olivier-legrand.jpg&#8221; alt=&#8221;Olivier Legrand&#8221; title_text=&#8221;olivier-legrand&#8221; url=&#8221;#olegrand&#8221; align=&#8221;center&#8221; _builder_version=&#8221;4.6.1&#8243; border_radii=&#8221;on|20px|20px|20px|20px&#8221; box_shadow_style=&#8221;preset1&#8243; box_shadow_vertical=&#8221;10px&#8221; box_shadow_blur=&#8221;30px&#8221; box_shadow_spread=&#8221;10px&#8221; box_shadow_color=&#8221;rgba(44,54,92,0.2)&#8221; use_border_color=&#8221;off&#8221; border_color=&#8221;#ffffff&#8221; border_style=&#8221;solid&#8221; animation=&#8221;fade_in&#8221; sticky=&#8221;off&#8221;][\/et_pb_image][et_pb_text _builder_version=&#8221;4.6.1&#8243; header_3_font=&#8221;|300|||||||&#8221; header_3_text_color=&#8221;#000000&#8243; header_3_font_size=&#8221;16px&#8221; background_size=&#8221;initial&#8221; background_position=&#8221;top_left&#8221; background_repeat=&#8221;repeat&#8221; text_orientation=&#8221;center&#8221; module_alignment=&#8221;center&#8221; use_border_color=&#8221;off&#8221; border_color=&#8221;#ffffff&#8221; border_style=&#8221;solid&#8221;]<\/p>\n<h2>Olivier Legrand : Avocat au Barreau de Paris<\/h2>\n<h3>Specialist in intellectual property law<\/h3>\n<p><a href=\"mailto:olegrand@llcg-avocats.com\">olegrand@llcg-avocats.com<\/a><\/p>\n<p>[\/et_pb_text][et_pb_social_media_follow _builder_version=&#8221;4.6.1&#8243; _module_preset=&#8221;default&#8221; text_orientation=&#8221;center&#8221;][et_pb_social_media_follow_network social_network=&#8221;linkedin&#8221; url=&#8221;https:\/\/www.linkedin.com\/in\/olivier-legrand-15313047&#8243; _builder_version=&#8221;4.6.1&#8243; _module_preset=&#8221;default&#8221; background_color=&#8221;#007bb6&#8243; follow_button=&#8221;off&#8221; url_new_window=&#8221;on&#8221;]linkedin[\/et_pb_social_media_follow_network][\/et_pb_social_media_follow][\/et_pb_column][et_pb_column type=&#8221;3_4&#8243; _builder_version=&#8221;4.0.6&#8243;][et_pb_text _builder_version=&#8221;4.9.2&#8243; text_font=&#8221;|300|||||||&#8221; background_size=&#8221;initial&#8221; background_position=&#8221;top_left&#8221; background_repeat=&#8221;repeat&#8221; text_orientation=&#8221;center&#8221; module_alignment=&#8221;center&#8221; use_border_color=&#8221;off&#8221; border_color=&#8221;#ffffff&#8221; border_style=&#8221;solid&#8221;]<\/p>\n<h4 style=\"text-align: left;\">Specialist Fields:<\/h4>\n<p style=\"text-align: left;\">Intellectual Property Law has been at the heart of Olivier Legrand\u2019s practice for over 15 years. He is Counsel and adviser to both French and international clients across the full range of Intellectual Property law, copyright, the law of trademarks, designs and models, as well as in cases involving issues of competition and the protection of know-how. He is particularly active in the fields of patents and of the law on information and new technologies. Although most of his time is taken up in litigation on patent law, due to his twin qualifications (business studies and law), he is sought after in fields such company mergers, intellectual property audits and contract negotiations.<\/p>\n<h4 style=\"text-align: left;\">Professional Background:<\/h4>\n<ul>\n<li style=\"text-align: left;\">1997-1999: Member of Sal\u00e8s Vincent &amp; Associ\u00e9s Law Firm<\/li>\n<li style=\"text-align: left;\">2000-2002: Member of Legrand Lesage-Catel Law Firm<\/li>\n<li style=\"text-align: left;\">2003-2009: Partner Legrand Lesage-Catel Law Firm<\/li>\n<li style=\"text-align: left;\">2009-2011: Partner Bardehle Pagenberg Law Firm<\/li>\n<li style=\"text-align: left;\">Since end 2011: Partner Legrand Lesage-Catel<\/li>\n<\/ul>\n<h4 style=\"text-align: left;\">Qualifications:<\/h4>\n<ul>\n<li style=\"text-align: left;\">1995: Graduate of ESSEC<\/li>\n<li style=\"text-align: left;\">1996: Masters 2 in Intellectual Property Law, University Paris II<\/li>\n<li style=\"text-align: left;\">1999: Called to the Bar of Paris<\/li>\n<li style=\"text-align: left;\">2002: Diploma of International Studies on Intellectual Property \u201cInvention Patents\u201d, CEIPI<\/li>\n<li style=\"text-align: left;\">2006: Certificate of Specialisation in Intellectual Property Law<\/li>\n<\/ul>\n<p style=\"text-align: left;\">[\/et_pb_text][\/et_pb_column][\/et_pb_row][et_pb_row column_structure=&#8221;1_2,1_2&#8243; _builder_version=&#8221;4.0.6&#8243;][et_pb_column type=&#8221;1_2&#8243; _builder_version=&#8221;4.0.6&#8243;][et_pb_text _builder_version=&#8221;4.0.6&#8243; text_font=&#8221;|300|||||||&#8221; background_size=&#8221;initial&#8221; background_position=&#8221;top_left&#8221; background_repeat=&#8221;repeat&#8221; text_orientation=&#8221;center&#8221; module_alignment=&#8221;center&#8221; use_border_color=&#8221;off&#8221; border_color=&#8221;#ffffff&#8221; border_style=&#8221;solid&#8221;]<\/p>\n<h4 style=\"text-align: left;\">Languages:<\/h4>\n<p style=\"text-align: left;\">French, English, German<\/p>\n<h4 style=\"text-align: left;\">References:<\/h4>\n<p style=\"text-align: left;\">Olivier Legrand has since 2010 had an entry in Guide D\u00e9cideurs \u201cInnovation et sa protection\u201d since 2010.<\/p>\n<p style=\"text-align: left;\"><strong>Patent litigation:<\/strong> outstanding practitioner<br \/> <strong>Trademarks, designs and models:<\/strong> highly acknowledged practitioner<\/p>\n<p style=\"text-align: left;\">2015 entry in Guide D\u00e9cideurs under the heading \u201cMarketing, E-Commerce et Distribution\u201d.<\/p>\n<p style=\"text-align: left;\"><strong>Distribution:<\/strong> reputed practitioner<br \/> <strong>Luxury goods and fashion:<\/strong> reputed practitioner<br \/> <strong>Advertising and marketing:<\/strong> reputed practitioner<br \/> <strong>Publishing:<\/strong> highly acknowledged<\/p>\n<p style=\"text-align: left;\">Olivier Legrand teaches introductory courses on Intellectual Property Law at ESSEC school of commerce.<\/p>\n<p style=\"text-align: left;\">\n<p>[\/et_pb_text][\/et_pb_column][et_pb_column type=&#8221;1_2&#8243; _builder_version=&#8221;4.0.6&#8243;][et_pb_text _builder_version=&#8221;4.0.6&#8243; text_font=&#8221;|300|||||||&#8221; background_size=&#8221;initial&#8221; background_position=&#8221;top_left&#8221; background_repeat=&#8221;repeat&#8221; text_orientation=&#8221;center&#8221; module_alignment=&#8221;center&#8221; use_border_color=&#8221;off&#8221; border_color=&#8221;#ffffff&#8221; border_style=&#8221;solid&#8221;]<\/p>\n<h4 style=\"text-align: left;\">Associations\u00a0:<\/h4>\n<p style=\"text-align: left;\">AAPI, Association des Avocats de Propri\u00e9t\u00e9 Industrielle (Association of Industrial Property Attorneys): Member of Executive Committee<br \/> AIPPI, Association Internationale pour la Protection de la Propri\u00e9t\u00e9 Intellectuelle (International Association for the Protection of Intellectual Property)<br \/> APEB, Association des Praticiens Europ\u00e9ens des Brevets (Association of European Patent Practitioners)<br \/> AACEIPI, Association des Amis du CEIPI (Association of Friends of CEIPI)<br \/> ESSEC, Ecole Sup\u00e9rieure des Sciences Economiques et Commerciales (Essec Business School)<\/p>\n<p>[\/et_pb_text][\/et_pb_column][\/et_pb_row][\/et_pb_section]<\/p>\n","protected":false},"excerpt":{"rendered":"<p>Partners of Cabinet LEGRAND LESAGE-CATELSt\u00e9phanie Legrand\u00a0: Avocat au Barreau de Paris Specialist in intellectual property law slegrand@llcg-avocats.comSt\u00e9phanie Legrand has in the last 20 years been essentially involved in Intellectual Property. She advises, assists and represents both French and international clients in the fields of copyright, the law of designs and models, trademarks and domain names, [&hellip;]<\/p>\n","protected":false},"author":1,"featured_media":0,"parent":821,"menu_order":0,"comment_status":"closed","ping_status":"closed","template":"","meta":{"_et_pb_use_builder":"on","_et_pb_old_content":"","_et_gb_content_width":"","footnotes":""},"class_list":["post-775","page","type-page","status-publish","hentry"],"yoast_head":"<!-- This site is optimized with the Yoast SEO plugin v27.6 - https:\/\/yoast.com\/product\/yoast-seo-wordpress\/ -->\n<title>Partners lawyers | Legrand Lesage-Catel<\/title>\n<meta name=\"description\" content=\"St\u00e9phanie Legrand and Olivier Legrand, partners of Legrand Lesage-Catel law office, intellectual property specialists\" \/>\n<meta name=\"robots\" content=\"index, follow, max-snippet:-1, max-image-preview:large, max-video-preview:-1\" \/>\n<link rel=\"canonical\" href=\"https:\/\/www.llcg-avocats.com\/en\/law-firm-paris\/partners\/\" \/>\n<meta property=\"og:locale\" content=\"en_US\" \/>\n<meta property=\"og:type\" content=\"article\" \/>\n<meta property=\"og:title\" content=\"Partners lawyers | Legrand Lesage-Catel\" \/>\n<meta property=\"og:description\" content=\"St\u00e9phanie Legrand and Olivier Legrand, partners of Legrand Lesage-Catel law office, intellectual property specialists\" \/>\n<meta property=\"og:url\" content=\"https:\/\/www.llcg-avocats.com\/en\/law-firm-paris\/partners\/\" \/>\n<meta property=\"og:site_name\" content=\"Avocats propri\u00e9t\u00e9 intellectuelle \u00e0 Paris\" \/>\n<meta property=\"article:modified_time\" content=\"2021-10-14T14:52:00+00:00\" \/>\n<meta name=\"twitter:card\" content=\"summary_large_image\" \/>\n<meta name=\"twitter:label1\" content=\"Est. reading time\" \/>\n\t<meta name=\"twitter:data1\" content=\"8 minutes\" \/>\n<script type=\"application\/ld+json\" class=\"yoast-schema-graph\">{\"@context\":\"https:\\\/\\\/schema.org\",\"@graph\":[{\"@type\":\"WebPage\",\"@id\":\"https:\\\/\\\/www.llcg-avocats.com\\\/en\\\/law-firm-paris\\\/partners\\\/\",\"url\":\"https:\\\/\\\/www.llcg-avocats.com\\\/en\\\/law-firm-paris\\\/partners\\\/\",\"name\":\"Partners lawyers | Legrand Lesage-Catel\",\"isPartOf\":{\"@id\":\"https:\\\/\\\/www.llcg-avocats.com\\\/en\\\/#website\"},\"datePublished\":\"2016-05-27T11:50:37+00:00\",\"dateModified\":\"2021-10-14T14:52:00+00:00\",\"description\":\"St\u00e9phanie Legrand and Olivier Legrand, partners of Legrand Lesage-Catel law office, intellectual property specialists\",\"breadcrumb\":{\"@id\":\"https:\\\/\\\/www.llcg-avocats.com\\\/en\\\/law-firm-paris\\\/partners\\\/#breadcrumb\"},\"inLanguage\":\"en-US\",\"potentialAction\":[{\"@type\":\"ReadAction\",\"target\":[\"https:\\\/\\\/www.llcg-avocats.com\\\/en\\\/law-firm-paris\\\/partners\\\/\"]}]},{\"@type\":\"BreadcrumbList\",\"@id\":\"https:\\\/\\\/www.llcg-avocats.com\\\/en\\\/law-firm-paris\\\/partners\\\/#breadcrumb\",\"itemListElement\":[{\"@type\":\"ListItem\",\"position\":1,\"name\":\"Accueil\",\"item\":\"https:\\\/\\\/www.llcg-avocats.com\\\/en\\\/\"},{\"@type\":\"ListItem\",\"position\":2,\"name\":\"LE CABINET LLCG\",\"item\":\"https:\\\/\\\/www.llcg-avocats.com\\\/en\\\/law-firm-paris\\\/\"},{\"@type\":\"ListItem\",\"position\":3,\"name\":\"AVOCATS ASSOCI\u00c9S\"}]},{\"@type\":\"WebSite\",\"@id\":\"https:\\\/\\\/www.llcg-avocats.com\\\/en\\\/#website\",\"url\":\"https:\\\/\\\/www.llcg-avocats.com\\\/en\\\/\",\"name\":\"Avocats propri\u00e9t\u00e9 intellectuelle \u00e0 Paris\",\"description\":\"Legrand Lesage-Catel Gaultier\",\"potentialAction\":[{\"@type\":\"SearchAction\",\"target\":{\"@type\":\"EntryPoint\",\"urlTemplate\":\"https:\\\/\\\/www.llcg-avocats.com\\\/en\\\/?s={search_term_string}\"},\"query-input\":{\"@type\":\"PropertyValueSpecification\",\"valueRequired\":true,\"valueName\":\"search_term_string\"}}],\"inLanguage\":\"en-US\"}]}<\/script>\n<!-- \/ Yoast SEO plugin. -->","yoast_head_json":{"title":"Partners lawyers | Legrand Lesage-Catel","description":"St\u00e9phanie Legrand and Olivier Legrand, partners of Legrand Lesage-Catel law office, intellectual property specialists","robots":{"index":"index","follow":"follow","max-snippet":"max-snippet:-1","max-image-preview":"max-image-preview:large","max-video-preview":"max-video-preview:-1"},"canonical":"https:\/\/www.llcg-avocats.com\/en\/law-firm-paris\/partners\/","og_locale":"en_US","og_type":"article","og_title":"Partners lawyers | Legrand Lesage-Catel","og_description":"St\u00e9phanie Legrand and Olivier Legrand, partners of Legrand Lesage-Catel law office, intellectual property specialists","og_url":"https:\/\/www.llcg-avocats.com\/en\/law-firm-paris\/partners\/","og_site_name":"Avocats propri\u00e9t\u00e9 intellectuelle \u00e0 Paris","article_modified_time":"2021-10-14T14:52:00+00:00","twitter_card":"summary_large_image","twitter_misc":{"Est. reading time":"8 minutes"},"schema":{"@context":"https:\/\/schema.org","@graph":[{"@type":"WebPage","@id":"https:\/\/www.llcg-avocats.com\/en\/law-firm-paris\/partners\/","url":"https:\/\/www.llcg-avocats.com\/en\/law-firm-paris\/partners\/","name":"Partners lawyers | Legrand Lesage-Catel","isPartOf":{"@id":"https:\/\/www.llcg-avocats.com\/en\/#website"},"datePublished":"2016-05-27T11:50:37+00:00","dateModified":"2021-10-14T14:52:00+00:00","description":"St\u00e9phanie Legrand and Olivier Legrand, partners of Legrand Lesage-Catel law office, intellectual property specialists","breadcrumb":{"@id":"https:\/\/www.llcg-avocats.com\/en\/law-firm-paris\/partners\/#breadcrumb"},"inLanguage":"en-US","potentialAction":[{"@type":"ReadAction","target":["https:\/\/www.llcg-avocats.com\/en\/law-firm-paris\/partners\/"]}]},{"@type":"BreadcrumbList","@id":"https:\/\/www.llcg-avocats.com\/en\/law-firm-paris\/partners\/#breadcrumb","itemListElement":[{"@type":"ListItem","position":1,"name":"Accueil","item":"https:\/\/www.llcg-avocats.com\/en\/"},{"@type":"ListItem","position":2,"name":"LE CABINET LLCG","item":"https:\/\/www.llcg-avocats.com\/en\/law-firm-paris\/"},{"@type":"ListItem","position":3,"name":"AVOCATS ASSOCI\u00c9S"}]},{"@type":"WebSite","@id":"https:\/\/www.llcg-avocats.com\/en\/#website","url":"https:\/\/www.llcg-avocats.com\/en\/","name":"Avocats propri\u00e9t\u00e9 intellectuelle \u00e0 Paris","description":"Legrand Lesage-Catel Gaultier","potentialAction":[{"@type":"SearchAction","target":{"@type":"EntryPoint","urlTemplate":"https:\/\/www.llcg-avocats.com\/en\/?s={search_term_string}"},"query-input":{"@type":"PropertyValueSpecification","valueRequired":true,"valueName":"search_term_string"}}],"inLanguage":"en-US"}]}},"_links":{"self":[{"href":"https:\/\/www.llcg-avocats.com\/en\/wp-json\/wp\/v2\/pages\/775","targetHints":{"allow":["GET"]}}],"collection":[{"href":"https:\/\/www.llcg-avocats.com\/en\/wp-json\/wp\/v2\/pages"}],"about":[{"href":"https:\/\/www.llcg-avocats.com\/en\/wp-json\/wp\/v2\/types\/page"}],"author":[{"embeddable":true,"href":"https:\/\/www.llcg-avocats.com\/en\/wp-json\/wp\/v2\/users\/1"}],"replies":[{"embeddable":true,"href":"https:\/\/www.llcg-avocats.com\/en\/wp-json\/wp\/v2\/comments?post=775"}],"version-history":[{"count":12,"href":"https:\/\/www.llcg-avocats.com\/en\/wp-json\/wp\/v2\/pages\/775\/revisions"}],"predecessor-version":[{"id":4571,"href":"https:\/\/www.llcg-avocats.com\/en\/wp-json\/wp\/v2\/pages\/775\/revisions\/4571"}],"up":[{"embeddable":true,"href":"https:\/\/www.llcg-avocats.com\/en\/wp-json\/wp\/v2\/pages\/821"}],"wp:attachment":[{"href":"https:\/\/www.llcg-avocats.com\/en\/wp-json\/wp\/v2\/media?parent=775"}],"curies":[{"name":"wp","href":"https:\/\/api.w.org\/{rel}","templated":true}]}}