{"id":833,"date":"2016-05-27T13:51:44","date_gmt":"2016-05-27T11:51:44","guid":{"rendered":"https:\/\/llcg.trafic-influence.net\/en\/associations-professionnelles\/"},"modified":"2021-05-09T15:37:42","modified_gmt":"2021-05-09T13:37:42","slug":"professional-associations","status":"publish","type":"page","link":"https:\/\/www.llcg-avocats.com\/en\/law-firm-paris\/professional-associations\/","title":{"rendered":"LES ASSOCIATIONS PROFESSIONNELLES"},"content":{"rendered":"<p>[et_pb_section fb_built=&#8221;1&#8243; _builder_version=&#8221;4.6.1&#8243; background_enable_color=&#8221;off&#8221; background_image=&#8221;https:\/\/www.llcg-avocats.com\/wp-content\/uploads\/2020\/05\/covid-19-reprise-tribunal-paris-3.jpg&#8221;][et_pb_row column_structure=&#8221;3_4,1_4&#8243; _builder_version=&#8221;4.0.6&#8243;][et_pb_column type=&#8221;3_4&#8243; _builder_version=&#8221;4.0.6&#8243;][et_pb_text _builder_version=&#8221;4.0.6&#8243; header_font=&#8221;|600|||||||&#8221; header_text_color=&#8221;#ffffff&#8221; header_font_size=&#8221;40px&#8221; header_font_size_tablet=&#8221;&#8221; header_font_size_phone=&#8221;27px&#8221; header_font_size_last_edited=&#8221;on|phone&#8221;]<\/p>\n<h1>Professional Associations<\/h1>\n<p>[\/et_pb_text][et_pb_text _builder_version=&#8221;4.9.2&#8243; text_font=&#8221;|300|||||||&#8221; text_text_color=&#8221;#ffffff&#8221; text_font_size=&#8221;15px&#8221;]<\/p>\n<p>Lawyers in LEGRAND LESAGE-CATEL are members of national and international associations of specialists in intellectual property law.<br \/>These associations play a major role in the dissemination of knowledge in the diverse fields pertaining to intellectual property law, in the coordination of work contributing to the preparation of new legislation at French national, EU and international level, while keeping widely in touch with expert opinion so as to provide the best advice across all fields of industrial and intellectual property law.<br \/>LEGRAND LESAGE-CATEL works with a network of correspondents across the world giving it the ability to respond to best effect to client requests..<\/p>\n<p>[\/et_pb_text][\/et_pb_column][et_pb_column type=&#8221;1_4&#8243; _builder_version=&#8221;4.0.6&#8243;][et_pb_button button_url=&#8221;https:\/\/www.llcg-avocats.com\/en\/contact\/&#8221; button_text=&#8221;Contact us&#8221; _builder_version=&#8221;4.0.6&#8243; custom_button=&#8221;on&#8221; button_text_size=&#8221;15px&#8221; button_text_color=&#8221;#ffffff&#8221; button_border_width=&#8221;1px&#8221; button_border_color=&#8221;#ffffff&#8221;][\/et_pb_button][\/et_pb_column][\/et_pb_row][\/et_pb_section][et_pb_section fb_built=&#8221;1&#8243; _builder_version=&#8221;4.0.6&#8243; background_enable_image=&#8221;off&#8221; parallax=&#8221;on&#8221; parallax_method=&#8221;off&#8221;][et_pb_row column_structure=&#8221;1_4,3_4&#8243; _builder_version=&#8221;4.0.6&#8243;][et_pb_column type=&#8221;1_4&#8243; _builder_version=&#8221;4.0.6&#8243;][et_pb_image src=&#8221;https:\/\/www.llcg-avocats.com\/wp-content\/uploads\/2020\/03\/aapi.png&#8221; align=&#8221;center&#8221; _builder_version=&#8221;4.4.0&#8243; locked=&#8221;off&#8221;][\/et_pb_image][\/et_pb_column][et_pb_column type=&#8221;3_4&#8243; _builder_version=&#8221;4.0.6&#8243;][et_pb_text _builder_version=&#8221;4.9.2&#8243; text_font=&#8221;|300|||||||&#8221; text_font_size=&#8221;15px&#8221; header_font=&#8221;||||||||&#8221; header_text_align=&#8221;left&#8221; header_2_font=&#8221;|600|||||||&#8221; header_2_text_align=&#8221;left&#8221; text_orientation=&#8221;center&#8221; custom_margin=&#8221;|0px||||&#8221; hover_enabled=&#8221;0&#8243; sticky_enabled=&#8221;0&#8243;]<\/p>\n<h2>Association des Avocats de Propri\u00e9t\u00e9 Intellectuelle (AAPI)<\/h2>\n<p style=\"text-align: left;\"><span>AAPI, the association of attorneys specializing in intellectual property issues, is concerned with maintaining relationships with judges sitting on specialized benches, with procedural rules and the acceleration of procedures.<\/span><br \/><span>AAPI is consulted at all preparatory stages of law-making concerned with Intellectual Property, as also in regard to the future of the professions involved and on issues of the requisite skills and expertise, including detailed technical aspects of the imminent set-up in Paris of the Unified Patent Court.<\/span><br \/><span>St\u00e9phanie Legrand, Olivier Legrand and Mich\u00e8le Lesage-Catel are members of AAPI.<\/span><\/p>\n<p>[\/et_pb_text][\/et_pb_column][\/et_pb_row][et_pb_row column_structure=&#8221;1_4,3_4&#8243; _builder_version=&#8221;4.0.6&#8243;][et_pb_column type=&#8221;1_4&#8243; _builder_version=&#8221;4.0.6&#8243;][et_pb_image src=&#8221;https:\/\/www.llcg-avocats.com\/wp-content\/uploads\/2020\/03\/acpi.png&#8221; align=&#8221;center&#8221; _builder_version=&#8221;4.4.0&#8243; max_width=&#8221;200px&#8221; locked=&#8221;off&#8221;][\/et_pb_image][\/et_pb_column][et_pb_column type=&#8221;3_4&#8243; _builder_version=&#8221;4.0.6&#8243;][et_pb_text _builder_version=&#8221;4.0.6&#8243; text_font=&#8221;|300|||||||&#8221; text_font_size=&#8221;15px&#8221; header_font=&#8221;||||||||&#8221; header_text_align=&#8221;left&#8221; header_2_font=&#8221;|600|||||||&#8221; header_2_text_align=&#8221;left&#8221; text_orientation=&#8221;center&#8221; custom_margin=&#8221;|0px||||&#8221;]<\/p>\n<h2>L\u2019Association des Conseils en Propri\u00e9t\u00e9 Industrielle (ACPI)<\/h2>\n<p style=\"text-align: left;\"><span>ACPI, the Association of Counsel in Intellectual Property, has a select membership of barristers specialising in Intellectual Property issues.<\/span><br \/><span>ACPI set up an Industrial Property arbitration procedure.<\/span><br \/><span>Mich\u00e8le Lesage-Catel is on the list of ACPI arbitrators.<\/span><\/p>\n<p>[\/et_pb_text][\/et_pb_column][\/et_pb_row][et_pb_row column_structure=&#8221;1_4,3_4&#8243; _builder_version=&#8221;4.0.6&#8243;][et_pb_column type=&#8221;1_4&#8243; _builder_version=&#8221;4.0.6&#8243;][et_pb_image src=&#8221;https:\/\/www.llcg-avocats.com\/wp-content\/uploads\/2020\/03\/logo-aippi.jpg&#8221; align=&#8221;center&#8221; _builder_version=&#8221;4.4.0&#8243; max_width=&#8221;200px&#8221; locked=&#8221;off&#8221;][\/et_pb_image][\/et_pb_column][et_pb_column type=&#8221;3_4&#8243; _builder_version=&#8221;4.0.6&#8243;][et_pb_text _builder_version=&#8221;4.0.6&#8243; text_font=&#8221;|300|||||||&#8221; text_font_size=&#8221;15px&#8221; header_font=&#8221;||||||||&#8221; header_text_align=&#8221;left&#8221; header_2_font=&#8221;|600|||||||&#8221; header_2_text_align=&#8221;left&#8221; text_orientation=&#8221;center&#8221; custom_margin=&#8221;|0px||||&#8221;]<\/p>\n<h2 style=\"text-align: left;\">L\u2019Association Internationale pour la Protection de la Propri\u00e9t\u00e9 Intellectuelle (AIPPI)<\/h2>\n<p style=\"text-align: left;\"><span>Membership of AIPPI, the International Association for the Protection of Intellectual Property is open to professionals in most countries of the world, notably those specialising in Intellectual Property, to Counsel and advisors in Industrial Property law, and representatives of industry and academia.<\/span><br \/><span>The Association makes an active contribution to approximating the laws on intellectual property and is involved in issues of their interpretation and implementation, while contributing to the drafting of international agreements.<\/span><br \/><span>St\u00e9phanie Legrand, Olivier Legrand and Mich\u00e8le Lesage-Catel are members of AIPPI.<\/span><\/p>\n<p>[\/et_pb_text][\/et_pb_column][\/et_pb_row][et_pb_row column_structure=&#8221;1_4,3_4&#8243; _builder_version=&#8221;4.0.6&#8243;][et_pb_column type=&#8221;1_4&#8243; _builder_version=&#8221;4.0.6&#8243;][et_pb_text _builder_version=&#8221;4.4.0&#8243; text_font=&#8221;Arial|700|||||||&#8221; text_font_size=&#8221;40px&#8221; text_orientation=&#8221;center&#8221; locked=&#8221;off&#8221;]APEB[\/et_pb_text][\/et_pb_column][et_pb_column type=&#8221;3_4&#8243; _builder_version=&#8221;4.0.6&#8243;][et_pb_text _builder_version=&#8221;4.0.6&#8243; text_font=&#8221;|300|||||||&#8221; text_font_size=&#8221;15px&#8221; header_font=&#8221;||||||||&#8221; header_text_align=&#8221;left&#8221; header_2_font=&#8221;|600|||||||&#8221; header_2_text_align=&#8221;left&#8221; text_orientation=&#8221;center&#8221; custom_margin=&#8221;|0px||||&#8221;]<\/p>\n<h2 style=\"text-align: left;\">L\u2019Association des Praticiens Europ\u00e9ens des Brevets (APEB)<\/h2>\n<p style=\"text-align: left;\"><span>APEB, the Association of European Patent Practitioners, founded in 2003, has attracted a membership of outstanding specialists in the field of patent law, among them attorneys specialising in Intellectual Property, Counsel and advisors in Industrial Property and representatives of industry.<\/span><br \/><span>The goal of the Association is to promote and defend the law on patents as an essential part of the entrepreneurial world and as a major contributor to human, industrial and intangible wealth, at both national, European and international levels.<\/span><br \/><span>The Association works closely with others in the same field to develop, harmonise and implement the law on patentable inventions.<\/span><br \/><span>Mich\u00e8le Lesage-Catel and Olivier Legrand are members of APEB.<\/span><\/p>\n<p>[\/et_pb_text][\/et_pb_column][\/et_pb_row][et_pb_row column_structure=&#8221;1_4,3_4&#8243; _builder_version=&#8221;4.0.6&#8243;][et_pb_column type=&#8221;1_4&#8243; _builder_version=&#8221;4.0.6&#8243;][et_pb_image src=&#8221;https:\/\/www.llcg-avocats.com\/wp-content\/uploads\/2020\/03\/apram.png&#8221; align=&#8221;center&#8221; _builder_version=&#8221;4.4.0&#8243; width=&#8221;100%&#8221; max_width=&#8221;150px&#8221; locked=&#8221;off&#8221;][\/et_pb_image][\/et_pb_column][et_pb_column type=&#8221;3_4&#8243; _builder_version=&#8221;4.0.6&#8243;][et_pb_text _builder_version=&#8221;4.0.6&#8243; text_font=&#8221;|300|||||||&#8221; text_font_size=&#8221;15px&#8221; header_font=&#8221;||||||||&#8221; header_text_align=&#8221;left&#8221; header_2_font=&#8221;|600|||||||&#8221; header_2_text_align=&#8221;left&#8221; text_orientation=&#8221;center&#8221; custom_margin=&#8221;|0px||||&#8221;]<\/p>\n<h2 style=\"text-align: left;\">L\u2019Association des Praticiens du Droit des Marques et des Mod\u00e8les (APRAM)<\/h2>\n<p style=\"text-align: left;\"><span>APRAM, the French-speaking association of practitioners in the law of trademarks and models, is the most representative organization of specialists in trademarks, designs and models.<\/span><br \/><span>Created in 1978, APRAM is a focal point for Counsel in Intellectual Property law advising on Industrial Property, and for representatives of industry. From France, its influence extends world over.<\/span><br \/><span>It organises many events and wide-reaching training with a view to improving understanding of the fast evolving rules governing Intellectual Property while contributing to their dissemination..<\/span><br \/><span>St\u00e9phanie Legrand is a member of APRAM.<\/span><\/p>\n<p>[\/et_pb_text][\/et_pb_column][\/et_pb_row][et_pb_row column_structure=&#8221;1_4,3_4&#8243; _builder_version=&#8221;4.0.6&#8243;][et_pb_column type=&#8221;1_4&#8243; _builder_version=&#8221;4.0.6&#8243;][et_pb_image src=&#8221;https:\/\/www.llcg-avocats.com\/wp-content\/uploads\/2020\/03\/ecta.png&#8221; align=&#8221;center&#8221; _builder_version=&#8221;4.4.0&#8243; width=&#8221;100%&#8221; locked=&#8221;off&#8221;][\/et_pb_image][\/et_pb_column][et_pb_column type=&#8221;3_4&#8243; _builder_version=&#8221;4.0.6&#8243;][et_pb_text _builder_version=&#8221;4.0.6&#8243; text_font=&#8221;|300|||||||&#8221; text_font_size=&#8221;15px&#8221; header_font=&#8221;||||||||&#8221; header_text_align=&#8221;left&#8221; header_2_font=&#8221;|600|||||||&#8221; header_2_text_align=&#8221;left&#8221; text_orientation=&#8221;center&#8221; custom_margin=&#8221;|0px||||&#8221;]<\/p>\n<h2 style=\"text-align: left;\">L\u2019European Communities Trademark Association (ECTA)<\/h2>\n<p style=\"text-align: left;\"><span>ECTA is a European association of practitioners of the law on trademarks, designs and models, domain names, copyright and issues of unfair competition.<\/span><br \/><span>It is open to lawyers specialising in Intellectual Property, to Counsel and advisors in Industrial Property and to corporate lawyers.<\/span><br \/><span>Its competency is acknowledged by the authorities and in particular by OHIM, whose privileged interlocutor it is.<\/span><br \/><span>ECTA participates actively in the development of European Union law and in the dissemination among its members of knowledge of the law on Intellectual Property.<\/span><br \/><span>St\u00e9phanie Legrand is a member of the Council and Secretary of the ECTA Committee on Designs and Models.<\/span><\/p>\n<p>[\/et_pb_text][\/et_pb_column][\/et_pb_row][et_pb_row column_structure=&#8221;1_4,3_4&#8243; _builder_version=&#8221;4.0.6&#8243;][et_pb_column type=&#8221;1_4&#8243; _builder_version=&#8221;4.0.6&#8243;][et_pb_image src=&#8221;https:\/\/www.llcg-avocats.com\/wp-content\/uploads\/2020\/03\/eplaw.png&#8221; align=&#8221;center&#8221; _builder_version=&#8221;4.4.0&#8243; width=&#8221;100%&#8221; max_width=&#8221;200px&#8221; locked=&#8221;off&#8221;][\/et_pb_image][\/et_pb_column][et_pb_column type=&#8221;3_4&#8243; _builder_version=&#8221;4.0.6&#8243;][et_pb_text _builder_version=&#8221;4.0.6&#8243; text_font=&#8221;|300|||||||&#8221; text_font_size=&#8221;15px&#8221; header_font=&#8221;||||||||&#8221; header_text_align=&#8221;left&#8221; header_2_font=&#8221;|600|||||||&#8221; header_2_text_align=&#8221;left&#8221; text_orientation=&#8221;center&#8221; custom_margin=&#8221;|0px||||&#8221; custom_padding=&#8221;4px|||||&#8221;]<\/p>\n<h2 style=\"text-align: left;\">L\u2019European Patent Lawyer Association (EPLAW)<\/h2>\n<p style=\"text-align: left;\"><span>EPLAW is the association of European practitioners of patent law that actively contributes to the approximation of EU law and to the set-up of specific court procedures. It is currently working on devising and implementing the rules of the Unified Patent Court.<\/span><br \/><span>Mich\u00e8le Lesage-Catel is a member of EPLAW.<\/span><\/p>\n<p>[\/et_pb_text][\/et_pb_column][\/et_pb_row][et_pb_row column_structure=&#8221;1_4,3_4&#8243; _builder_version=&#8221;4.0.6&#8243;][et_pb_column type=&#8221;1_4&#8243; _builder_version=&#8221;4.0.6&#8243;][et_pb_image src=&#8221;https:\/\/www.llcg-avocats.com\/wp-content\/uploads\/2020\/03\/aaceipi-1.jpg&#8221; align=&#8221;center&#8221; _builder_version=&#8221;4.4.0&#8243; width=&#8221;100%&#8221; max_width=&#8221;200px&#8221; locked=&#8221;off&#8221;][\/et_pb_image][\/et_pb_column][et_pb_column type=&#8221;3_4&#8243; _builder_version=&#8221;4.0.6&#8243;][et_pb_text _builder_version=&#8221;4.0.6&#8243; text_font=&#8221;|300|||||||&#8221; text_font_size=&#8221;15px&#8221; header_font=&#8221;||||||||&#8221; header_text_align=&#8221;left&#8221; header_2_font=&#8221;|600|||||||&#8221; header_2_text_align=&#8221;left&#8221; text_orientation=&#8221;center&#8221; custom_margin=&#8221;|0px||||&#8221;]<\/p>\n<h2 style=\"text-align: left;\">L\u2019Association des Anciens El\u00e8ves du Centre d\u2019Etudes International de la Propri\u00e9t\u00e9 Intellectuelle (AACEIPI)<\/h2>\n<p style=\"text-align: left;\"><span>According its website, \u201cCEIPI\u2019s ambition is to centralise in the University of Strasbourg the finest skills in the field of Intellectual Property and thereby to rise to the challenge posed by the development of a truly knowledge-based society.\u201d<\/span><br \/><span>CEIPI trains specialists in France in large numbers (running to several hundred lawyers and engineers), and operates in 41 cities across Europe. In a given academic year, training is delivered to more than 2,000 Intellectual Property professionals.<\/span><br \/><span>CEIPI is acknowledged as one of the main university centres in Europe for the teaching of and research into Intellectual Property law.<\/span><br \/><span>Olivier Legrand, with CEIPI qualifications in patent law, is a member of the association of current students and alumni of CEIPI. Its purpose is to develop exchanges and cooperation, in both legal and scientific fields on issues of Intellectual Property law (patents, trademarks, models and copyright).<\/span><\/p>\n<p>[\/et_pb_text][\/et_pb_column][\/et_pb_row][et_pb_row column_structure=&#8221;1_4,3_4&#8243; _builder_version=&#8221;4.0.6&#8243;][et_pb_column type=&#8221;1_4&#8243; _builder_version=&#8221;4.0.6&#8243;][et_pb_image src=&#8221;https:\/\/www.llcg-avocats.com\/wp-content\/uploads\/2020\/03\/essec.png&#8221; align=&#8221;center&#8221; _builder_version=&#8221;4.4.0&#8243; width=&#8221;100%&#8221; locked=&#8221;off&#8221;][\/et_pb_image][\/et_pb_column][et_pb_column type=&#8221;3_4&#8243; _builder_version=&#8221;4.0.6&#8243;][et_pb_text _builder_version=&#8221;4.0.6&#8243; text_font=&#8221;|300|||||||&#8221; text_font_size=&#8221;15px&#8221; header_font=&#8221;||||||||&#8221; header_text_align=&#8221;left&#8221; header_2_font=&#8221;|600|||||||&#8221; header_2_text_align=&#8221;left&#8221; text_orientation=&#8221;center&#8221; custom_margin=&#8221;|0px||||&#8221;]<\/p>\n<h2 style=\"text-align: left;\">L\u2019Ecole Sup\u00e9rieure des Sciences Economiques et Commerciales (ESSEC)<\/h2>\n<p style=\"text-align: left;\"><span>ESSEC is one of France\u2019s largest business schools.<\/span><br \/><span>It delivers training to students in business law, and was ranked 3rd in the world by the Financial Times for its\u00a0\u201cMasters in Management\u201d programme.<\/span><br \/><span>Olivier Legrand, trained in Intellectual Property law and a graduate of this prestigious business school, teaches this specialist field.<\/span><\/p>\n<p>[\/et_pb_text][\/et_pb_column][\/et_pb_row][\/et_pb_section]<\/p>\n","protected":false},"excerpt":{"rendered":"<p>Professional AssociationsLawyers in LEGRAND LESAGE-CATEL are members of national and international associations of specialists in intellectual property law.These associations play a major role in the dissemination of knowledge in the diverse fields pertaining to intellectual property law, in the coordination of work contributing to the preparation of new legislation at French national, EU and international [&hellip;]<\/p>\n","protected":false},"author":1,"featured_media":0,"parent":821,"menu_order":0,"comment_status":"closed","ping_status":"closed","template":"","meta":{"_et_pb_use_builder":"on","_et_pb_old_content":"","_et_gb_content_width":"","footnotes":""},"class_list":["post-833","page","type-page","status-publish","hentry"],"yoast_head":"<!-- This site is optimized with the Yoast SEO plugin v27.5 - https:\/\/yoast.com\/product\/yoast-seo-wordpress\/ -->\n<title>Professional associations - Legrand Lesage-Catel Gaultier<\/title>\n<meta name=\"description\" content=\"Discover the national and international associations in the field of intellectual property in which Legrand Lesage-Catel Gaultier law office is involved.\" \/>\n<meta name=\"robots\" content=\"index, follow, max-snippet:-1, max-image-preview:large, max-video-preview:-1\" \/>\n<link rel=\"canonical\" href=\"https:\/\/www.llcg-avocats.com\/en\/law-firm-paris\/professional-associations\/\" \/>\n<meta property=\"og:locale\" content=\"en_US\" \/>\n<meta property=\"og:type\" content=\"article\" \/>\n<meta property=\"og:title\" content=\"Professional associations - Legrand Lesage-Catel Gaultier\" \/>\n<meta property=\"og:description\" content=\"Discover the national and international associations in the field of intellectual property in which Legrand Lesage-Catel Gaultier law office is involved.\" \/>\n<meta property=\"og:url\" content=\"https:\/\/www.llcg-avocats.com\/en\/law-firm-paris\/professional-associations\/\" \/>\n<meta property=\"og:site_name\" content=\"Avocats propri\u00e9t\u00e9 intellectuelle \u00e0 Paris\" \/>\n<meta property=\"article:modified_time\" content=\"2021-05-09T13:37:42+00:00\" \/>\n<meta name=\"twitter:card\" content=\"summary_large_image\" \/>\n<meta name=\"twitter:label1\" content=\"Est. reading time\" \/>\n\t<meta name=\"twitter:data1\" content=\"9 minutes\" \/>\n<script type=\"application\/ld+json\" class=\"yoast-schema-graph\">{\"@context\":\"https:\\\/\\\/schema.org\",\"@graph\":[{\"@type\":\"WebPage\",\"@id\":\"https:\\\/\\\/www.llcg-avocats.com\\\/en\\\/law-firm-paris\\\/professional-associations\\\/\",\"url\":\"https:\\\/\\\/www.llcg-avocats.com\\\/en\\\/law-firm-paris\\\/professional-associations\\\/\",\"name\":\"Professional associations - Legrand Lesage-Catel Gaultier\",\"isPartOf\":{\"@id\":\"https:\\\/\\\/www.llcg-avocats.com\\\/en\\\/#website\"},\"datePublished\":\"2016-05-27T11:51:44+00:00\",\"dateModified\":\"2021-05-09T13:37:42+00:00\",\"description\":\"Discover the national and international associations in the field of intellectual property in which Legrand Lesage-Catel Gaultier law office is involved.\",\"breadcrumb\":{\"@id\":\"https:\\\/\\\/www.llcg-avocats.com\\\/en\\\/law-firm-paris\\\/professional-associations\\\/#breadcrumb\"},\"inLanguage\":\"en-US\",\"potentialAction\":[{\"@type\":\"ReadAction\",\"target\":[\"https:\\\/\\\/www.llcg-avocats.com\\\/en\\\/law-firm-paris\\\/professional-associations\\\/\"]}]},{\"@type\":\"BreadcrumbList\",\"@id\":\"https:\\\/\\\/www.llcg-avocats.com\\\/en\\\/law-firm-paris\\\/professional-associations\\\/#breadcrumb\",\"itemListElement\":[{\"@type\":\"ListItem\",\"position\":1,\"name\":\"Accueil\",\"item\":\"https:\\\/\\\/www.llcg-avocats.com\\\/en\\\/\"},{\"@type\":\"ListItem\",\"position\":2,\"name\":\"LE CABINET LLCG\",\"item\":\"https:\\\/\\\/www.llcg-avocats.com\\\/en\\\/law-firm-paris\\\/\"},{\"@type\":\"ListItem\",\"position\":3,\"name\":\"LES ASSOCIATIONS PROFESSIONNELLES\"}]},{\"@type\":\"WebSite\",\"@id\":\"https:\\\/\\\/www.llcg-avocats.com\\\/en\\\/#website\",\"url\":\"https:\\\/\\\/www.llcg-avocats.com\\\/en\\\/\",\"name\":\"Avocats propri\u00e9t\u00e9 intellectuelle \u00e0 Paris\",\"description\":\"Legrand Lesage-Catel Gaultier\",\"potentialAction\":[{\"@type\":\"SearchAction\",\"target\":{\"@type\":\"EntryPoint\",\"urlTemplate\":\"https:\\\/\\\/www.llcg-avocats.com\\\/en\\\/?s={search_term_string}\"},\"query-input\":{\"@type\":\"PropertyValueSpecification\",\"valueRequired\":true,\"valueName\":\"search_term_string\"}}],\"inLanguage\":\"en-US\"}]}<\/script>\n<!-- \/ Yoast SEO plugin. -->","yoast_head_json":{"title":"Professional associations - Legrand Lesage-Catel Gaultier","description":"Discover the national and international associations in the field of intellectual property in which Legrand Lesage-Catel Gaultier law office is involved.","robots":{"index":"index","follow":"follow","max-snippet":"max-snippet:-1","max-image-preview":"max-image-preview:large","max-video-preview":"max-video-preview:-1"},"canonical":"https:\/\/www.llcg-avocats.com\/en\/law-firm-paris\/professional-associations\/","og_locale":"en_US","og_type":"article","og_title":"Professional associations - Legrand Lesage-Catel Gaultier","og_description":"Discover the national and international associations in the field of intellectual property in which Legrand Lesage-Catel Gaultier law office is involved.","og_url":"https:\/\/www.llcg-avocats.com\/en\/law-firm-paris\/professional-associations\/","og_site_name":"Avocats propri\u00e9t\u00e9 intellectuelle \u00e0 Paris","article_modified_time":"2021-05-09T13:37:42+00:00","twitter_card":"summary_large_image","twitter_misc":{"Est. reading time":"9 minutes"},"schema":{"@context":"https:\/\/schema.org","@graph":[{"@type":"WebPage","@id":"https:\/\/www.llcg-avocats.com\/en\/law-firm-paris\/professional-associations\/","url":"https:\/\/www.llcg-avocats.com\/en\/law-firm-paris\/professional-associations\/","name":"Professional associations - Legrand Lesage-Catel Gaultier","isPartOf":{"@id":"https:\/\/www.llcg-avocats.com\/en\/#website"},"datePublished":"2016-05-27T11:51:44+00:00","dateModified":"2021-05-09T13:37:42+00:00","description":"Discover the national and international associations in the field of intellectual property in which Legrand Lesage-Catel Gaultier law office is involved.","breadcrumb":{"@id":"https:\/\/www.llcg-avocats.com\/en\/law-firm-paris\/professional-associations\/#breadcrumb"},"inLanguage":"en-US","potentialAction":[{"@type":"ReadAction","target":["https:\/\/www.llcg-avocats.com\/en\/law-firm-paris\/professional-associations\/"]}]},{"@type":"BreadcrumbList","@id":"https:\/\/www.llcg-avocats.com\/en\/law-firm-paris\/professional-associations\/#breadcrumb","itemListElement":[{"@type":"ListItem","position":1,"name":"Accueil","item":"https:\/\/www.llcg-avocats.com\/en\/"},{"@type":"ListItem","position":2,"name":"LE CABINET LLCG","item":"https:\/\/www.llcg-avocats.com\/en\/law-firm-paris\/"},{"@type":"ListItem","position":3,"name":"LES ASSOCIATIONS PROFESSIONNELLES"}]},{"@type":"WebSite","@id":"https:\/\/www.llcg-avocats.com\/en\/#website","url":"https:\/\/www.llcg-avocats.com\/en\/","name":"Avocats propri\u00e9t\u00e9 intellectuelle \u00e0 Paris","description":"Legrand Lesage-Catel Gaultier","potentialAction":[{"@type":"SearchAction","target":{"@type":"EntryPoint","urlTemplate":"https:\/\/www.llcg-avocats.com\/en\/?s={search_term_string}"},"query-input":{"@type":"PropertyValueSpecification","valueRequired":true,"valueName":"search_term_string"}}],"inLanguage":"en-US"}]}},"_links":{"self":[{"href":"https:\/\/www.llcg-avocats.com\/en\/wp-json\/wp\/v2\/pages\/833","targetHints":{"allow":["GET"]}}],"collection":[{"href":"https:\/\/www.llcg-avocats.com\/en\/wp-json\/wp\/v2\/pages"}],"about":[{"href":"https:\/\/www.llcg-avocats.com\/en\/wp-json\/wp\/v2\/types\/page"}],"author":[{"embeddable":true,"href":"https:\/\/www.llcg-avocats.com\/en\/wp-json\/wp\/v2\/users\/1"}],"replies":[{"embeddable":true,"href":"https:\/\/www.llcg-avocats.com\/en\/wp-json\/wp\/v2\/comments?post=833"}],"version-history":[{"count":10,"href":"https:\/\/www.llcg-avocats.com\/en\/wp-json\/wp\/v2\/pages\/833\/revisions"}],"predecessor-version":[{"id":4311,"href":"https:\/\/www.llcg-avocats.com\/en\/wp-json\/wp\/v2\/pages\/833\/revisions\/4311"}],"up":[{"embeddable":true,"href":"https:\/\/www.llcg-avocats.com\/en\/wp-json\/wp\/v2\/pages\/821"}],"wp:attachment":[{"href":"https:\/\/www.llcg-avocats.com\/en\/wp-json\/wp\/v2\/media?parent=833"}],"curies":[{"name":"wp","href":"https:\/\/api.w.org\/{rel}","templated":true}]}}