{"id":836,"date":"2016-05-27T13:52:03","date_gmt":"2016-05-27T11:52:03","guid":{"rendered":"https:\/\/llcg.trafic-influence.net\/en\/honoraires\/"},"modified":"2021-05-09T15:38:01","modified_gmt":"2021-05-09T13:38:01","slug":"fees","status":"publish","type":"page","link":"https:\/\/www.llcg-avocats.com\/en\/law-firm-paris\/fees\/","title":{"rendered":"HONORAIRES"},"content":{"rendered":"<p>[et_pb_section fb_built=&#8221;1&#8243; _builder_version=&#8221;4.6.1&#8243; background_enable_color=&#8221;off&#8221; background_image=&#8221;https:\/\/www.llcg-avocats.com\/wp-content\/uploads\/2016\/05\/audits-propriete-intellectuelle-4.jpg&#8221;][et_pb_row column_structure=&#8221;3_4,1_4&#8243; _builder_version=&#8221;4.0.6&#8243;][et_pb_column type=&#8221;3_4&#8243; _builder_version=&#8221;4.0.6&#8243;][et_pb_text _builder_version=&#8221;4.0.6&#8243; header_font=&#8221;|600|||||||&#8221; header_text_color=&#8221;#ffffff&#8221; header_font_size=&#8221;40px&#8221; header_font_size_tablet=&#8221;&#8221; header_font_size_phone=&#8221;27px&#8221; header_font_size_last_edited=&#8221;on|phone&#8221;]<\/p>\n<h1>Fees<\/h1>\n<p>[\/et_pb_text][\/et_pb_column][et_pb_column type=&#8221;1_4&#8243; _builder_version=&#8221;4.0.6&#8243;][et_pb_button button_url=&#8221;https:\/\/www.llcg-avocats.com\/en\/contact\/&#8221; button_text=&#8221;Contact us&#8221; _builder_version=&#8221;4.0.6&#8243; custom_button=&#8221;on&#8221; button_text_size=&#8221;15px&#8221; button_text_color=&#8221;#ffffff&#8221; button_border_width=&#8221;1px&#8221; button_border_color=&#8221;#ffffff&#8221;][\/et_pb_button][\/et_pb_column][\/et_pb_row][\/et_pb_section][et_pb_section fb_built=&#8221;1&#8243; _builder_version=&#8221;4.0.6&#8243;][et_pb_row _builder_version=&#8221;4.0.6&#8243;][et_pb_column type=&#8221;4_4&#8243; _builder_version=&#8221;4.0.6&#8243;][et_pb_image src=&#8221;https:\/\/www.llcg-avocats.com\/wp-content\/uploads\/2020\/03\/llcg.png&#8221; align=&#8221;center&#8221; _builder_version=&#8221;4.4.0&#8243; custom_margin=&#8221;||||false|false&#8221; custom_padding=&#8221;||||false|false&#8221; animation_style=&#8221;fade&#8221; border_radii=&#8221;on|80px|80px|80px|80px&#8221; box_shadow_style=&#8221;preset1&#8243; box_shadow_vertical=&#8221;10px&#8221; box_shadow_blur=&#8221;80px&#8221; box_shadow_spread=&#8221;-10px&#8221; box_shadow_color=&#8221;rgba(44,54,92,0.2)&#8221; locked=&#8221;off&#8221;][\/et_pb_image][et_pb_text _builder_version=&#8221;4.9.2&#8243; text_font=&#8221;|300|||||||&#8221; text_font_size=&#8221;14px&#8221; text_line_height=&#8221;1.5em&#8221; hover_enabled=&#8221;0&#8243; sticky_enabled=&#8221;0&#8243;]<\/p>\n<p>Fees charged by Cabinet LEGRAND LESAGE-CATEL are wherever necessary increased by expenses incurred (advances payable to court bailiffs, fees for expert opinion, translators, etc.), including the payment of mandatory taxes (stamp duty and court fees). Fees are set by agreement with clients to take into consideration (as required by Article 10 of Law No. 71-1130 of 31 December 1971), the client\u2019s situation, the difficulties inherent to the case, the workload entailed and costs of the required formal procedures.<\/p>\n<p>Fees are generally invoiced on an hourly basis at an average rate of \u20ac350 for partners and \u20ac230 for staff lawyers. Rates may be modified by agreement, setting specific hourly rates taking into consideration the scale or complexity of the case, the frequency of lawyer\/client meetings and other particulars. Performance-related supplementary fees may be payable. In certain circumstances flat rate charges may be preferred.<\/p>\n<p>LEGRAND LESAGE-CATEL fees are invoiced to clients at regular intervals detailing services performed, time spent on the case and the expenses incurred.<\/p>\n<p>Determining, invoicing and collecting fees takes place under the final authority of Monsieur le B\u00e2tonnier de l\u2019Ordre des Avocats au Barreau de Paris, the official representative of the Paris Bar, under procedures providing for the option to take unresolved disputes to the national Mediator appointed by the Conseil National des Barreaux (French National Bar Council).<\/p>\n<p>The information allowing you to contact and to seize the Mediator are accessible via the link: <a href=\"https:\/\/mediateur-consommation-avocat.fr\/saisir-le-mediateur\/\">https:\/\/mediateur-consommation-avocat.fr\/saisir-le-mediateur\/<\/a><\/p>\n<p>[\/et_pb_text][\/et_pb_column][\/et_pb_row][\/et_pb_section]<\/p>\n","protected":false},"excerpt":{"rendered":"<p>FeesFees charged by Cabinet LEGRAND LESAGE-CATEL are wherever necessary increased by expenses incurred (advances payable to court bailiffs, fees for expert opinion, translators, etc.), including the payment of mandatory taxes (stamp duty and court fees). Fees are set by agreement with clients to take into consideration (as required by Article 10 of Law No. 71-1130 [&hellip;]<\/p>\n","protected":false},"author":1,"featured_media":0,"parent":821,"menu_order":0,"comment_status":"closed","ping_status":"closed","template":"","meta":{"_et_pb_use_builder":"on","_et_pb_old_content":"","_et_gb_content_width":"","footnotes":""},"class_list":["post-836","page","type-page","status-publish","hentry"],"yoast_head":"<!-- This site is optimized with the Yoast SEO plugin v27.5 - https:\/\/yoast.com\/product\/yoast-seo-wordpress\/ -->\n<title>Lawyers fees | Legrand Lesage-Catel Gaultier<\/title>\n<meta name=\"description\" content=\"The fees of Legrand Lesage-Catel Gaultier law office, specializing in intellectual property\" \/>\n<meta name=\"robots\" content=\"index, follow, max-snippet:-1, max-image-preview:large, max-video-preview:-1\" \/>\n<link rel=\"canonical\" href=\"https:\/\/www.llcg-avocats.com\/en\/law-firm-paris\/fees\/\" \/>\n<meta property=\"og:locale\" content=\"en_US\" \/>\n<meta property=\"og:type\" content=\"article\" \/>\n<meta property=\"og:title\" content=\"Lawyers fees | Legrand Lesage-Catel Gaultier\" \/>\n<meta property=\"og:description\" content=\"The fees of Legrand Lesage-Catel Gaultier law office, specializing in intellectual property\" \/>\n<meta property=\"og:url\" content=\"https:\/\/www.llcg-avocats.com\/en\/law-firm-paris\/fees\/\" \/>\n<meta property=\"og:site_name\" content=\"Avocats propri\u00e9t\u00e9 intellectuelle \u00e0 Paris\" \/>\n<meta property=\"article:modified_time\" content=\"2021-05-09T13:38:01+00:00\" \/>\n<meta name=\"twitter:card\" content=\"summary_large_image\" \/>\n<meta name=\"twitter:label1\" content=\"Est. reading time\" \/>\n\t<meta name=\"twitter:data1\" content=\"2 minutes\" \/>\n<script type=\"application\/ld+json\" class=\"yoast-schema-graph\">{\"@context\":\"https:\\\/\\\/schema.org\",\"@graph\":[{\"@type\":\"WebPage\",\"@id\":\"https:\\\/\\\/www.llcg-avocats.com\\\/en\\\/law-firm-paris\\\/fees\\\/\",\"url\":\"https:\\\/\\\/www.llcg-avocats.com\\\/en\\\/law-firm-paris\\\/fees\\\/\",\"name\":\"Lawyers fees | Legrand Lesage-Catel Gaultier\",\"isPartOf\":{\"@id\":\"https:\\\/\\\/www.llcg-avocats.com\\\/en\\\/#website\"},\"datePublished\":\"2016-05-27T11:52:03+00:00\",\"dateModified\":\"2021-05-09T13:38:01+00:00\",\"description\":\"The fees of Legrand Lesage-Catel Gaultier law office, specializing in intellectual property\",\"breadcrumb\":{\"@id\":\"https:\\\/\\\/www.llcg-avocats.com\\\/en\\\/law-firm-paris\\\/fees\\\/#breadcrumb\"},\"inLanguage\":\"en-US\",\"potentialAction\":[{\"@type\":\"ReadAction\",\"target\":[\"https:\\\/\\\/www.llcg-avocats.com\\\/en\\\/law-firm-paris\\\/fees\\\/\"]}]},{\"@type\":\"BreadcrumbList\",\"@id\":\"https:\\\/\\\/www.llcg-avocats.com\\\/en\\\/law-firm-paris\\\/fees\\\/#breadcrumb\",\"itemListElement\":[{\"@type\":\"ListItem\",\"position\":1,\"name\":\"Accueil\",\"item\":\"https:\\\/\\\/www.llcg-avocats.com\\\/en\\\/\"},{\"@type\":\"ListItem\",\"position\":2,\"name\":\"LE CABINET LLCG\",\"item\":\"https:\\\/\\\/www.llcg-avocats.com\\\/en\\\/law-firm-paris\\\/\"},{\"@type\":\"ListItem\",\"position\":3,\"name\":\"HONORAIRES\"}]},{\"@type\":\"WebSite\",\"@id\":\"https:\\\/\\\/www.llcg-avocats.com\\\/en\\\/#website\",\"url\":\"https:\\\/\\\/www.llcg-avocats.com\\\/en\\\/\",\"name\":\"Avocats propri\u00e9t\u00e9 intellectuelle \u00e0 Paris\",\"description\":\"Legrand Lesage-Catel Gaultier\",\"potentialAction\":[{\"@type\":\"SearchAction\",\"target\":{\"@type\":\"EntryPoint\",\"urlTemplate\":\"https:\\\/\\\/www.llcg-avocats.com\\\/en\\\/?s={search_term_string}\"},\"query-input\":{\"@type\":\"PropertyValueSpecification\",\"valueRequired\":true,\"valueName\":\"search_term_string\"}}],\"inLanguage\":\"en-US\"}]}<\/script>\n<!-- \/ Yoast SEO plugin. -->","yoast_head_json":{"title":"Lawyers fees | Legrand Lesage-Catel Gaultier","description":"The fees of Legrand Lesage-Catel Gaultier law office, specializing in intellectual property","robots":{"index":"index","follow":"follow","max-snippet":"max-snippet:-1","max-image-preview":"max-image-preview:large","max-video-preview":"max-video-preview:-1"},"canonical":"https:\/\/www.llcg-avocats.com\/en\/law-firm-paris\/fees\/","og_locale":"en_US","og_type":"article","og_title":"Lawyers fees | Legrand Lesage-Catel Gaultier","og_description":"The fees of Legrand Lesage-Catel Gaultier law office, specializing in intellectual property","og_url":"https:\/\/www.llcg-avocats.com\/en\/law-firm-paris\/fees\/","og_site_name":"Avocats propri\u00e9t\u00e9 intellectuelle \u00e0 Paris","article_modified_time":"2021-05-09T13:38:01+00:00","twitter_card":"summary_large_image","twitter_misc":{"Est. reading time":"2 minutes"},"schema":{"@context":"https:\/\/schema.org","@graph":[{"@type":"WebPage","@id":"https:\/\/www.llcg-avocats.com\/en\/law-firm-paris\/fees\/","url":"https:\/\/www.llcg-avocats.com\/en\/law-firm-paris\/fees\/","name":"Lawyers fees | Legrand Lesage-Catel Gaultier","isPartOf":{"@id":"https:\/\/www.llcg-avocats.com\/en\/#website"},"datePublished":"2016-05-27T11:52:03+00:00","dateModified":"2021-05-09T13:38:01+00:00","description":"The fees of Legrand Lesage-Catel Gaultier law office, specializing in intellectual property","breadcrumb":{"@id":"https:\/\/www.llcg-avocats.com\/en\/law-firm-paris\/fees\/#breadcrumb"},"inLanguage":"en-US","potentialAction":[{"@type":"ReadAction","target":["https:\/\/www.llcg-avocats.com\/en\/law-firm-paris\/fees\/"]}]},{"@type":"BreadcrumbList","@id":"https:\/\/www.llcg-avocats.com\/en\/law-firm-paris\/fees\/#breadcrumb","itemListElement":[{"@type":"ListItem","position":1,"name":"Accueil","item":"https:\/\/www.llcg-avocats.com\/en\/"},{"@type":"ListItem","position":2,"name":"LE CABINET LLCG","item":"https:\/\/www.llcg-avocats.com\/en\/law-firm-paris\/"},{"@type":"ListItem","position":3,"name":"HONORAIRES"}]},{"@type":"WebSite","@id":"https:\/\/www.llcg-avocats.com\/en\/#website","url":"https:\/\/www.llcg-avocats.com\/en\/","name":"Avocats propri\u00e9t\u00e9 intellectuelle \u00e0 Paris","description":"Legrand Lesage-Catel Gaultier","potentialAction":[{"@type":"SearchAction","target":{"@type":"EntryPoint","urlTemplate":"https:\/\/www.llcg-avocats.com\/en\/?s={search_term_string}"},"query-input":{"@type":"PropertyValueSpecification","valueRequired":true,"valueName":"search_term_string"}}],"inLanguage":"en-US"}]}},"_links":{"self":[{"href":"https:\/\/www.llcg-avocats.com\/en\/wp-json\/wp\/v2\/pages\/836","targetHints":{"allow":["GET"]}}],"collection":[{"href":"https:\/\/www.llcg-avocats.com\/en\/wp-json\/wp\/v2\/pages"}],"about":[{"href":"https:\/\/www.llcg-avocats.com\/en\/wp-json\/wp\/v2\/types\/page"}],"author":[{"embeddable":true,"href":"https:\/\/www.llcg-avocats.com\/en\/wp-json\/wp\/v2\/users\/1"}],"replies":[{"embeddable":true,"href":"https:\/\/www.llcg-avocats.com\/en\/wp-json\/wp\/v2\/comments?post=836"}],"version-history":[{"count":8,"href":"https:\/\/www.llcg-avocats.com\/en\/wp-json\/wp\/v2\/pages\/836\/revisions"}],"predecessor-version":[{"id":4313,"href":"https:\/\/www.llcg-avocats.com\/en\/wp-json\/wp\/v2\/pages\/836\/revisions\/4313"}],"up":[{"embeddable":true,"href":"https:\/\/www.llcg-avocats.com\/en\/wp-json\/wp\/v2\/pages\/821"}],"wp:attachment":[{"href":"https:\/\/www.llcg-avocats.com\/en\/wp-json\/wp\/v2\/media?parent=836"}],"curies":[{"name":"wp","href":"https:\/\/api.w.org\/{rel}","templated":true}]}}