{"id":839,"date":"2016-05-27T13:53:21","date_gmt":"2016-05-27T11:53:21","guid":{"rendered":"https:\/\/llcg.trafic-influence.net\/en\/conseil-propriete-industrielle-intellectuelle\/"},"modified":"2021-05-09T15:33:58","modified_gmt":"2021-05-09T13:33:58","slug":"industrial-and-intellectual-property-advice","status":"publish","type":"page","link":"https:\/\/www.llcg-avocats.com\/en\/industrial-and-intellectual-property-advice\/","title":{"rendered":"LE CONSEIL EN PROPRI\u00c9T\u00c9 INDUSTRIELLE ET INTELLECTUELLE"},"content":{"rendered":"<p>[et_pb_section fb_built=&#8221;1&#8243; _builder_version=&#8221;4.6.1&#8243; background_enable_color=&#8221;off&#8221; background_image=&#8221;https:\/\/www.llcg-avocats.com\/wp-content\/uploads\/2016\/05\/conseil-propriete-industrielle-intellectuelle-4.jpg&#8221;][et_pb_row column_structure=&#8221;3_4,1_4&#8243; _builder_version=&#8221;4.0.6&#8243;][et_pb_column type=&#8221;3_4&#8243; _builder_version=&#8221;4.0.6&#8243;][et_pb_text _builder_version=&#8221;4.0.6&#8243; header_font=&#8221;|600|||||||&#8221; header_text_color=&#8221;#ffffff&#8221; header_font_size=&#8221;40px&#8221; header_font_size_tablet=&#8221;&#8221; header_font_size_phone=&#8221;27px&#8221; header_font_size_last_edited=&#8221;on|phone&#8221;]<\/p>\n<h1>Industrial and Intellectual Property advice and legal representation<\/h1>\n<p>[\/et_pb_text][\/et_pb_column][et_pb_column type=&#8221;1_4&#8243; _builder_version=&#8221;4.0.6&#8243;][et_pb_button button_url=&#8221;https:\/\/www.llcg-avocats.com\/en\/contact\/&#8221; button_text=&#8221;Contact us&#8221; _builder_version=&#8221;4.0.6&#8243; custom_button=&#8221;on&#8221; button_text_size=&#8221;15px&#8221; button_text_color=&#8221;#ffffff&#8221; button_border_width=&#8221;1px&#8221; button_border_color=&#8221;#ffffff&#8221;][\/et_pb_button][\/et_pb_column][\/et_pb_row][\/et_pb_section][et_pb_section fb_built=&#8221;1&#8243; _builder_version=&#8221;4.0.6&#8243;][et_pb_row _builder_version=&#8221;4.0.6&#8243;][et_pb_column type=&#8221;4_4&#8243; _builder_version=&#8221;4.0.6&#8243;][et_pb_text _builder_version=&#8221;4.0.6&#8243; text_font=&#8221;|300|||||||&#8221; text_font_size=&#8221;14px&#8221; text_line_height=&#8221;1.5em&#8221;]<\/p>\n<p>LEGRAND LESAGE-CATEL is Counsel to both companies and individuals in all areas of intellectual property law:<\/p>\n<ul>\n<li>Company disposals, contribution of assets, liquidation, restructuring and corporate mergers: LEGRAND LESAGE-CATEL lawyers identify, assess and contribute to the valuation of corporate Intellectual Property assets.The law firm is also involved in all issues of portfolios of invention patents, trademarks and models as well as domain names and the law of literary and artistic property.<\/li>\n<li>The law firm drafts agreements for the assignation or conveyance or licensing of intellectual property rights, acting in an advisory capacity to the corporate world and to individuals in regard to the warranty or other clauses best suited to the protection of rights both under contract and upon termination. The law firm also issues the legally required public notice of such contracts.<\/li>\n<li>In close collaboration with the legal experts and technical staff of its client companies, our lawyers review cases either pending or prior to action in the courts. Among issues are contract performance and termination, infringement, temporary injunctions, assessment of the suitability of court proceedings and\/or the search for alternative solutions by amicable compounding, arbitration or mediation.<\/li>\n<\/ul>\n<p>Acting in an advisory capacity in the Intellectual and more particularly in Industrial Property fields, the firm\u2019s lawyers seek to assess and protect the value of a business\u2019s intangible assets in clients\u2019 best interest.<\/p>\n<p>Seeking early legal advice in the intellectual property field from specialist Counsel outside the context of on-going litigation is a valuable means of ensuring that intellectual property rights are exploited to best effect, or protected in anticipation of potential legal threat.<\/p>\n<p>[\/et_pb_text][\/et_pb_column][\/et_pb_row][\/et_pb_section]<\/p>\n","protected":false},"excerpt":{"rendered":"<p>Industrial and Intellectual Property advice and legal representationLEGRAND LESAGE-CATEL is Counsel to both companies and individuals in all areas of intellectual property law: Company disposals, contribution of assets, liquidation, restructuring and corporate mergers: LEGRAND LESAGE-CATEL lawyers identify, assess and contribute to the valuation of corporate Intellectual Property assets.The law firm is also involved in all [&hellip;]<\/p>\n","protected":false},"author":1,"featured_media":0,"parent":0,"menu_order":0,"comment_status":"closed","ping_status":"closed","template":"","meta":{"_et_pb_use_builder":"on","_et_pb_old_content":"","_et_gb_content_width":"","footnotes":""},"class_list":["post-839","page","type-page","status-publish","hentry"],"yoast_head":"<!-- This site is optimized with the Yoast SEO plugin v27.4 - https:\/\/yoast.com\/product\/yoast-seo-wordpress\/ -->\n<title>Industrial and intellectual property advice | Legrand Lesage-Catel Gaultier<\/title>\n<meta name=\"description\" content=\"LLCG law office advises you in the fields of intellectual and industrial property: identification &amp; valuating intellectual property assets, drafting agreements, ...\" \/>\n<meta name=\"robots\" content=\"index, follow, max-snippet:-1, max-image-preview:large, max-video-preview:-1\" \/>\n<link rel=\"canonical\" href=\"https:\/\/www.llcg-avocats.com\/en\/industrial-and-intellectual-property-advice\/\" \/>\n<meta property=\"og:locale\" content=\"en_US\" \/>\n<meta property=\"og:type\" content=\"article\" \/>\n<meta property=\"og:title\" content=\"Industrial and intellectual property advice | Legrand Lesage-Catel Gaultier\" \/>\n<meta property=\"og:description\" content=\"LLCG law office advises you in the fields of intellectual and industrial property: identification &amp; valuating intellectual property assets, drafting agreements, ...\" \/>\n<meta property=\"og:url\" content=\"https:\/\/www.llcg-avocats.com\/en\/industrial-and-intellectual-property-advice\/\" \/>\n<meta property=\"og:site_name\" content=\"Avocats propri\u00e9t\u00e9 intellectuelle \u00e0 Paris\" \/>\n<meta property=\"article:modified_time\" content=\"2021-05-09T13:33:58+00:00\" \/>\n<meta name=\"twitter:card\" content=\"summary_large_image\" \/>\n<meta name=\"twitter:label1\" content=\"Est. reading time\" \/>\n\t<meta name=\"twitter:data1\" content=\"2 minutes\" \/>\n<script type=\"application\/ld+json\" class=\"yoast-schema-graph\">{\"@context\":\"https:\\\/\\\/schema.org\",\"@graph\":[{\"@type\":\"WebPage\",\"@id\":\"https:\\\/\\\/www.llcg-avocats.com\\\/en\\\/industrial-and-intellectual-property-advice\\\/\",\"url\":\"https:\\\/\\\/www.llcg-avocats.com\\\/en\\\/industrial-and-intellectual-property-advice\\\/\",\"name\":\"Industrial and intellectual property advice | Legrand Lesage-Catel Gaultier\",\"isPartOf\":{\"@id\":\"https:\\\/\\\/www.llcg-avocats.com\\\/en\\\/#website\"},\"datePublished\":\"2016-05-27T11:53:21+00:00\",\"dateModified\":\"2021-05-09T13:33:58+00:00\",\"description\":\"LLCG law office advises you in the fields of intellectual and industrial property: identification & valuating intellectual property assets, drafting agreements, ...\",\"breadcrumb\":{\"@id\":\"https:\\\/\\\/www.llcg-avocats.com\\\/en\\\/industrial-and-intellectual-property-advice\\\/#breadcrumb\"},\"inLanguage\":\"en-US\",\"potentialAction\":[{\"@type\":\"ReadAction\",\"target\":[\"https:\\\/\\\/www.llcg-avocats.com\\\/en\\\/industrial-and-intellectual-property-advice\\\/\"]}]},{\"@type\":\"BreadcrumbList\",\"@id\":\"https:\\\/\\\/www.llcg-avocats.com\\\/en\\\/industrial-and-intellectual-property-advice\\\/#breadcrumb\",\"itemListElement\":[{\"@type\":\"ListItem\",\"position\":1,\"name\":\"Accueil\",\"item\":\"https:\\\/\\\/www.llcg-avocats.com\\\/en\\\/\"},{\"@type\":\"ListItem\",\"position\":2,\"name\":\"LE CONSEIL EN PROPRI\u00c9T\u00c9 INDUSTRIELLE ET INTELLECTUELLE\"}]},{\"@type\":\"WebSite\",\"@id\":\"https:\\\/\\\/www.llcg-avocats.com\\\/en\\\/#website\",\"url\":\"https:\\\/\\\/www.llcg-avocats.com\\\/en\\\/\",\"name\":\"Avocats propri\u00e9t\u00e9 intellectuelle \u00e0 Paris\",\"description\":\"Legrand Lesage-Catel Gaultier\",\"potentialAction\":[{\"@type\":\"SearchAction\",\"target\":{\"@type\":\"EntryPoint\",\"urlTemplate\":\"https:\\\/\\\/www.llcg-avocats.com\\\/en\\\/?s={search_term_string}\"},\"query-input\":{\"@type\":\"PropertyValueSpecification\",\"valueRequired\":true,\"valueName\":\"search_term_string\"}}],\"inLanguage\":\"en-US\"}]}<\/script>\n<!-- \/ Yoast SEO plugin. -->","yoast_head_json":{"title":"Industrial and intellectual property advice | Legrand Lesage-Catel Gaultier","description":"LLCG law office advises you in the fields of intellectual and industrial property: identification & valuating intellectual property assets, drafting agreements, ...","robots":{"index":"index","follow":"follow","max-snippet":"max-snippet:-1","max-image-preview":"max-image-preview:large","max-video-preview":"max-video-preview:-1"},"canonical":"https:\/\/www.llcg-avocats.com\/en\/industrial-and-intellectual-property-advice\/","og_locale":"en_US","og_type":"article","og_title":"Industrial and intellectual property advice | Legrand Lesage-Catel Gaultier","og_description":"LLCG law office advises you in the fields of intellectual and industrial property: identification & valuating intellectual property assets, drafting agreements, ...","og_url":"https:\/\/www.llcg-avocats.com\/en\/industrial-and-intellectual-property-advice\/","og_site_name":"Avocats propri\u00e9t\u00e9 intellectuelle \u00e0 Paris","article_modified_time":"2021-05-09T13:33:58+00:00","twitter_card":"summary_large_image","twitter_misc":{"Est. reading time":"2 minutes"},"schema":{"@context":"https:\/\/schema.org","@graph":[{"@type":"WebPage","@id":"https:\/\/www.llcg-avocats.com\/en\/industrial-and-intellectual-property-advice\/","url":"https:\/\/www.llcg-avocats.com\/en\/industrial-and-intellectual-property-advice\/","name":"Industrial and intellectual property advice | Legrand Lesage-Catel Gaultier","isPartOf":{"@id":"https:\/\/www.llcg-avocats.com\/en\/#website"},"datePublished":"2016-05-27T11:53:21+00:00","dateModified":"2021-05-09T13:33:58+00:00","description":"LLCG law office advises you in the fields of intellectual and industrial property: identification & valuating intellectual property assets, drafting agreements, ...","breadcrumb":{"@id":"https:\/\/www.llcg-avocats.com\/en\/industrial-and-intellectual-property-advice\/#breadcrumb"},"inLanguage":"en-US","potentialAction":[{"@type":"ReadAction","target":["https:\/\/www.llcg-avocats.com\/en\/industrial-and-intellectual-property-advice\/"]}]},{"@type":"BreadcrumbList","@id":"https:\/\/www.llcg-avocats.com\/en\/industrial-and-intellectual-property-advice\/#breadcrumb","itemListElement":[{"@type":"ListItem","position":1,"name":"Accueil","item":"https:\/\/www.llcg-avocats.com\/en\/"},{"@type":"ListItem","position":2,"name":"LE CONSEIL EN PROPRI\u00c9T\u00c9 INDUSTRIELLE ET INTELLECTUELLE"}]},{"@type":"WebSite","@id":"https:\/\/www.llcg-avocats.com\/en\/#website","url":"https:\/\/www.llcg-avocats.com\/en\/","name":"Avocats propri\u00e9t\u00e9 intellectuelle \u00e0 Paris","description":"Legrand Lesage-Catel Gaultier","potentialAction":[{"@type":"SearchAction","target":{"@type":"EntryPoint","urlTemplate":"https:\/\/www.llcg-avocats.com\/en\/?s={search_term_string}"},"query-input":{"@type":"PropertyValueSpecification","valueRequired":true,"valueName":"search_term_string"}}],"inLanguage":"en-US"}]}},"_links":{"self":[{"href":"https:\/\/www.llcg-avocats.com\/en\/wp-json\/wp\/v2\/pages\/839","targetHints":{"allow":["GET"]}}],"collection":[{"href":"https:\/\/www.llcg-avocats.com\/en\/wp-json\/wp\/v2\/pages"}],"about":[{"href":"https:\/\/www.llcg-avocats.com\/en\/wp-json\/wp\/v2\/types\/page"}],"author":[{"embeddable":true,"href":"https:\/\/www.llcg-avocats.com\/en\/wp-json\/wp\/v2\/users\/1"}],"replies":[{"embeddable":true,"href":"https:\/\/www.llcg-avocats.com\/en\/wp-json\/wp\/v2\/comments?post=839"}],"version-history":[{"count":7,"href":"https:\/\/www.llcg-avocats.com\/en\/wp-json\/wp\/v2\/pages\/839\/revisions"}],"predecessor-version":[{"id":4300,"href":"https:\/\/www.llcg-avocats.com\/en\/wp-json\/wp\/v2\/pages\/839\/revisions\/4300"}],"wp:attachment":[{"href":"https:\/\/www.llcg-avocats.com\/en\/wp-json\/wp\/v2\/media?parent=839"}],"curies":[{"name":"wp","href":"https:\/\/api.w.org\/{rel}","templated":true}]}}