{"id":845,"date":"2016-05-27T13:54:11","date_gmt":"2016-05-27T11:54:11","guid":{"rendered":"https:\/\/llcg.trafic-influence.net\/en\/representation-juridictions\/"},"modified":"2021-05-09T15:33:17","modified_gmt":"2021-05-09T13:33:17","slug":"representation-before-courts","status":"publish","type":"page","link":"https:\/\/www.llcg-avocats.com\/en\/representation-before-courts\/","title":{"rendered":"REPR\u00c9SENTATION DEVANT LES JURIDICTIONS ET OFFICES"},"content":{"rendered":"<p>[et_pb_section fb_built=&#8221;1&#8243; _builder_version=&#8221;4.6.1&#8243; background_enable_color=&#8221;off&#8221; background_image=&#8221;https:\/\/www.llcg-avocats.com\/wp-content\/uploads\/2016\/05\/audits-propriete-intellectuelle-4.jpg&#8221;][et_pb_row column_structure=&#8221;3_4,1_4&#8243; _builder_version=&#8221;4.0.6&#8243;][et_pb_column type=&#8221;3_4&#8243; _builder_version=&#8221;4.0.6&#8243;][et_pb_text _builder_version=&#8221;4.0.6&#8243; header_font=&#8221;|600|||||||&#8221; header_text_color=&#8221;#ffffff&#8221; header_font_size=&#8221;40px&#8221; header_font_size_tablet=&#8221;&#8221; header_font_size_phone=&#8221;27px&#8221; header_font_size_last_edited=&#8221;on|phone&#8221;]<\/p>\n<h1>Client assistance and representation before Patent Offices and the Courts<\/h1>\n<p>[\/et_pb_text][\/et_pb_column][et_pb_column type=&#8221;1_4&#8243; _builder_version=&#8221;4.0.6&#8243;][et_pb_button button_url=&#8221;https:\/\/www.llcg-avocats.com\/en\/contact\/&#8221; button_text=&#8221;Contact us&#8221; _builder_version=&#8221;4.0.6&#8243; custom_button=&#8221;on&#8221; button_text_size=&#8221;15px&#8221; button_text_color=&#8221;#ffffff&#8221; button_border_width=&#8221;1px&#8221; button_border_color=&#8221;#ffffff&#8221;][\/et_pb_button][\/et_pb_column][\/et_pb_row][\/et_pb_section][et_pb_section fb_built=&#8221;1&#8243; _builder_version=&#8221;4.0.6&#8243;][et_pb_row _builder_version=&#8221;4.0.6&#8243;][et_pb_column type=&#8221;4_4&#8243; _builder_version=&#8221;4.0.6&#8243;][et_pb_text _builder_version=&#8221;4.9.2&#8243; text_font=&#8221;|300|||||||&#8221; text_font_size=&#8221;14px&#8221; text_line_height=&#8221;1.5em&#8221; hover_enabled=&#8221;0&#8243; sticky_enabled=&#8221;0&#8243;]<\/p>\n<p>LEGRAND LESAGE-CATEL\u00a0 advises, represents and assists companies and individuals, applicants or holders of intellectual property rights before specialist courts and bodies in cases of application for or disputes involving, intellectual property rights.<\/p>\n<ul>\n<li>In regard to inventions, LEGRAND LESAGE-CATEL advises parties, in collaboration with highly informed technicians about the options for protection of rights (secrecy, preservation of know-how, applications for patents). It advises and represents its clients in the matter of relevant claims before the Paris Court of Appeal.<\/li>\n<li>In regard to trademarks, the law firm represents and assists parties when claims go before the Institut National de la Propri\u00e9t\u00e9 Industrielle (INPI \u2013 French National Institute for Intellectual Property) and before the European Union Intellectual Property Office (EUIPO).<\/li>\n<li>The law firm represents clients and supports their appeals lodged with the 10 competent French Courts of Appeal, and before the General Court and Court of Justice of the European Union.<\/li>\n<li>In regard to French and EU designs and models, the law firm represents and assists rights-holders and claimants before the same national and international bodies.<\/li>\n<li>In regard to domain names, the law firm represents and assists parties before the Association Fran\u00e7aise pour le Nommage Internet en Coop\u00e9ration (AFNIC \u2013 the French Network Information Centre and its Syreli dispute resolution procedure, as well as before the World Intellectual Property Organization (WIPO, Uniform Domain-Name Dispute Resolution procedure).<\/li>\n<\/ul>\n<p>&nbsp;<\/p>\n<p>Finally, LEGRAND LESAGE-CATEL assists in the search for negotiated solutions within the framework of the Commission Nationale des Inventions de Salari\u00e9s (CNIS \u2013 National Commission for Employee Inventions) and other mediation bodies.<\/p>\n<p>[\/et_pb_text][\/et_pb_column][\/et_pb_row][\/et_pb_section]<\/p>\n","protected":false},"excerpt":{"rendered":"<p>Client assistance and representation before Patent Offices and the CourtsLEGRAND LESAGE-CATEL\u00a0 advises, represents and assists companies and individuals, applicants or holders of intellectual property rights before specialist courts and bodies in cases of application for or disputes involving, intellectual property rights. In regard to inventions, LEGRAND LESAGE-CATEL advises parties, in collaboration with highly informed technicians [&hellip;]<\/p>\n","protected":false},"author":1,"featured_media":0,"parent":0,"menu_order":0,"comment_status":"closed","ping_status":"closed","template":"","meta":{"_et_pb_use_builder":"on","_et_pb_old_content":"","_et_gb_content_width":"","footnotes":""},"class_list":["post-845","page","type-page","status-publish","hentry"],"yoast_head":"<!-- This site is optimized with the Yoast SEO plugin v27.6 - https:\/\/yoast.com\/product\/yoast-seo-wordpress\/ -->\n<title>Representation office, organization &amp; court | Legrand Lesage-Catel Gaultier<\/title>\n<meta name=\"description\" content=\"Legrand Lesage-Catel Gaultier law office assists and represents you before offices and courts in the field of intellectual property\" \/>\n<meta name=\"robots\" content=\"index, follow, max-snippet:-1, max-image-preview:large, max-video-preview:-1\" \/>\n<link rel=\"canonical\" href=\"https:\/\/www.llcg-avocats.com\/en\/representation-before-courts\/\" \/>\n<meta property=\"og:locale\" content=\"en_US\" \/>\n<meta property=\"og:type\" content=\"article\" \/>\n<meta property=\"og:title\" content=\"Representation office, organization &amp; court | Legrand Lesage-Catel Gaultier\" \/>\n<meta property=\"og:description\" content=\"Legrand Lesage-Catel Gaultier law office assists and represents you before offices and courts in the field of intellectual property\" \/>\n<meta property=\"og:url\" content=\"https:\/\/www.llcg-avocats.com\/en\/representation-before-courts\/\" \/>\n<meta property=\"og:site_name\" content=\"Avocats propri\u00e9t\u00e9 intellectuelle \u00e0 Paris\" \/>\n<meta property=\"article:modified_time\" content=\"2021-05-09T13:33:17+00:00\" \/>\n<meta name=\"twitter:card\" content=\"summary_large_image\" \/>\n<meta name=\"twitter:label1\" content=\"Est. reading time\" \/>\n\t<meta name=\"twitter:data1\" content=\"2 minutes\" \/>\n<script type=\"application\/ld+json\" class=\"yoast-schema-graph\">{\"@context\":\"https:\\\/\\\/schema.org\",\"@graph\":[{\"@type\":\"WebPage\",\"@id\":\"https:\\\/\\\/www.llcg-avocats.com\\\/en\\\/representation-before-courts\\\/\",\"url\":\"https:\\\/\\\/www.llcg-avocats.com\\\/en\\\/representation-before-courts\\\/\",\"name\":\"Representation office, organization & court | Legrand Lesage-Catel Gaultier\",\"isPartOf\":{\"@id\":\"https:\\\/\\\/www.llcg-avocats.com\\\/en\\\/#website\"},\"datePublished\":\"2016-05-27T11:54:11+00:00\",\"dateModified\":\"2021-05-09T13:33:17+00:00\",\"description\":\"Legrand Lesage-Catel Gaultier law office assists and represents you before offices and courts in the field of intellectual property\",\"breadcrumb\":{\"@id\":\"https:\\\/\\\/www.llcg-avocats.com\\\/en\\\/representation-before-courts\\\/#breadcrumb\"},\"inLanguage\":\"en-US\",\"potentialAction\":[{\"@type\":\"ReadAction\",\"target\":[\"https:\\\/\\\/www.llcg-avocats.com\\\/en\\\/representation-before-courts\\\/\"]}]},{\"@type\":\"BreadcrumbList\",\"@id\":\"https:\\\/\\\/www.llcg-avocats.com\\\/en\\\/representation-before-courts\\\/#breadcrumb\",\"itemListElement\":[{\"@type\":\"ListItem\",\"position\":1,\"name\":\"Accueil\",\"item\":\"https:\\\/\\\/www.llcg-avocats.com\\\/en\\\/\"},{\"@type\":\"ListItem\",\"position\":2,\"name\":\"REPR\u00c9SENTATION DEVANT LES JURIDICTIONS ET OFFICES\"}]},{\"@type\":\"WebSite\",\"@id\":\"https:\\\/\\\/www.llcg-avocats.com\\\/en\\\/#website\",\"url\":\"https:\\\/\\\/www.llcg-avocats.com\\\/en\\\/\",\"name\":\"Avocats propri\u00e9t\u00e9 intellectuelle \u00e0 Paris\",\"description\":\"Legrand Lesage-Catel Gaultier\",\"potentialAction\":[{\"@type\":\"SearchAction\",\"target\":{\"@type\":\"EntryPoint\",\"urlTemplate\":\"https:\\\/\\\/www.llcg-avocats.com\\\/en\\\/?s={search_term_string}\"},\"query-input\":{\"@type\":\"PropertyValueSpecification\",\"valueRequired\":true,\"valueName\":\"search_term_string\"}}],\"inLanguage\":\"en-US\"}]}<\/script>\n<!-- \/ Yoast SEO plugin. -->","yoast_head_json":{"title":"Representation office, organization & court | Legrand Lesage-Catel Gaultier","description":"Legrand Lesage-Catel Gaultier law office assists and represents you before offices and courts in the field of intellectual property","robots":{"index":"index","follow":"follow","max-snippet":"max-snippet:-1","max-image-preview":"max-image-preview:large","max-video-preview":"max-video-preview:-1"},"canonical":"https:\/\/www.llcg-avocats.com\/en\/representation-before-courts\/","og_locale":"en_US","og_type":"article","og_title":"Representation office, organization & court | Legrand Lesage-Catel Gaultier","og_description":"Legrand Lesage-Catel Gaultier law office assists and represents you before offices and courts in the field of intellectual property","og_url":"https:\/\/www.llcg-avocats.com\/en\/representation-before-courts\/","og_site_name":"Avocats propri\u00e9t\u00e9 intellectuelle \u00e0 Paris","article_modified_time":"2021-05-09T13:33:17+00:00","twitter_card":"summary_large_image","twitter_misc":{"Est. reading time":"2 minutes"},"schema":{"@context":"https:\/\/schema.org","@graph":[{"@type":"WebPage","@id":"https:\/\/www.llcg-avocats.com\/en\/representation-before-courts\/","url":"https:\/\/www.llcg-avocats.com\/en\/representation-before-courts\/","name":"Representation office, organization & court | Legrand Lesage-Catel Gaultier","isPartOf":{"@id":"https:\/\/www.llcg-avocats.com\/en\/#website"},"datePublished":"2016-05-27T11:54:11+00:00","dateModified":"2021-05-09T13:33:17+00:00","description":"Legrand Lesage-Catel Gaultier law office assists and represents you before offices and courts in the field of intellectual property","breadcrumb":{"@id":"https:\/\/www.llcg-avocats.com\/en\/representation-before-courts\/#breadcrumb"},"inLanguage":"en-US","potentialAction":[{"@type":"ReadAction","target":["https:\/\/www.llcg-avocats.com\/en\/representation-before-courts\/"]}]},{"@type":"BreadcrumbList","@id":"https:\/\/www.llcg-avocats.com\/en\/representation-before-courts\/#breadcrumb","itemListElement":[{"@type":"ListItem","position":1,"name":"Accueil","item":"https:\/\/www.llcg-avocats.com\/en\/"},{"@type":"ListItem","position":2,"name":"REPR\u00c9SENTATION DEVANT LES JURIDICTIONS ET OFFICES"}]},{"@type":"WebSite","@id":"https:\/\/www.llcg-avocats.com\/en\/#website","url":"https:\/\/www.llcg-avocats.com\/en\/","name":"Avocats propri\u00e9t\u00e9 intellectuelle \u00e0 Paris","description":"Legrand Lesage-Catel Gaultier","potentialAction":[{"@type":"SearchAction","target":{"@type":"EntryPoint","urlTemplate":"https:\/\/www.llcg-avocats.com\/en\/?s={search_term_string}"},"query-input":{"@type":"PropertyValueSpecification","valueRequired":true,"valueName":"search_term_string"}}],"inLanguage":"en-US"}]}},"_links":{"self":[{"href":"https:\/\/www.llcg-avocats.com\/en\/wp-json\/wp\/v2\/pages\/845","targetHints":{"allow":["GET"]}}],"collection":[{"href":"https:\/\/www.llcg-avocats.com\/en\/wp-json\/wp\/v2\/pages"}],"about":[{"href":"https:\/\/www.llcg-avocats.com\/en\/wp-json\/wp\/v2\/types\/page"}],"author":[{"embeddable":true,"href":"https:\/\/www.llcg-avocats.com\/en\/wp-json\/wp\/v2\/users\/1"}],"replies":[{"embeddable":true,"href":"https:\/\/www.llcg-avocats.com\/en\/wp-json\/wp\/v2\/comments?post=845"}],"version-history":[{"count":6,"href":"https:\/\/www.llcg-avocats.com\/en\/wp-json\/wp\/v2\/pages\/845\/revisions"}],"predecessor-version":[{"id":4294,"href":"https:\/\/www.llcg-avocats.com\/en\/wp-json\/wp\/v2\/pages\/845\/revisions\/4294"}],"wp:attachment":[{"href":"https:\/\/www.llcg-avocats.com\/en\/wp-json\/wp\/v2\/media?parent=845"}],"curies":[{"name":"wp","href":"https:\/\/api.w.org\/{rel}","templated":true}]}}