{"id":851,"date":"2016-05-27T13:55:02","date_gmt":"2016-05-27T11:55:02","guid":{"rendered":"https:\/\/llcg.trafic-influence.net\/en\/mediation-arbitrage\/"},"modified":"2021-05-09T15:33:30","modified_gmt":"2021-05-09T13:33:30","slug":"mediation-arbitration","status":"publish","type":"page","link":"https:\/\/www.llcg-avocats.com\/en\/mediation-arbitration\/","title":{"rendered":"M\u00c9DIATION, CONCILIATION ET ARBITRAGE"},"content":{"rendered":"<p>[et_pb_section fb_built=&#8221;1&#8243; _builder_version=&#8221;4.6.1&#8243; background_enable_color=&#8221;off&#8221; background_image=&#8221;https:\/\/www.llcg-avocats.com\/wp-content\/uploads\/2016\/05\/mediation-conciliation-arbitrage-4.jpg&#8221;][et_pb_row column_structure=&#8221;3_4,1_4&#8243; _builder_version=&#8221;4.0.6&#8243;][et_pb_column type=&#8221;3_4&#8243; _builder_version=&#8221;4.0.6&#8243;][et_pb_text _builder_version=&#8221;4.0.6&#8243; header_font=&#8221;|600|||||||&#8221; header_text_color=&#8221;#ffffff&#8221; header_font_size=&#8221;40px&#8221; header_font_size_tablet=&#8221;&#8221; header_font_size_phone=&#8221;27px&#8221; header_font_size_last_edited=&#8221;on|phone&#8221;]<\/p>\n<h1>Mediation , conciliation and arbitration<\/h1>\n<p>[\/et_pb_text][\/et_pb_column][et_pb_column type=&#8221;1_4&#8243; _builder_version=&#8221;4.0.6&#8243;][et_pb_button button_url=&#8221;https:\/\/www.llcg-avocats.com\/en\/contact\/&#8221; button_text=&#8221;Contact us&#8221; _builder_version=&#8221;4.0.6&#8243; custom_button=&#8221;on&#8221; button_text_size=&#8221;15px&#8221; button_text_color=&#8221;#ffffff&#8221; button_border_width=&#8221;1px&#8221; button_border_color=&#8221;#ffffff&#8221;][\/et_pb_button][\/et_pb_column][\/et_pb_row][\/et_pb_section][et_pb_section fb_built=&#8221;1&#8243; _builder_version=&#8221;4.0.6&#8243;][et_pb_row _builder_version=&#8221;4.0.6&#8243;][et_pb_column type=&#8221;4_4&#8243; _builder_version=&#8221;4.0.6&#8243;][et_pb_text _builder_version=&#8221;4.0.6&#8243; text_font=&#8221;|300|||||||&#8221; text_font_size=&#8221;14px&#8221; text_line_height=&#8221;1.5em&#8221;]<\/p>\n<p>LEGRAND LESAGE-CATEL contributes to the promotion and implementation of alternative means of conflict resolution in order to avoid lengthy or uncertain legal proceedings, when advisable<\/p>\n<p>Arbitration and mediation are a particular professional interest of Mich\u00e8le Lesage-Catel, who is a member of the arbitration bodies set up by the Association des Conseils en Propri\u00e9t\u00e9 Industrielle (ACPI) and was a beneficiary of specific training in the law of mediation delivered by the Centre de M\u00e9diation et d\u2019Arbitrage de Paris (CMAP \u2013 Saint-Exup\u00e9ry academic year).<\/p>\n<p>Mediation may be enforced by court order, or take place by election. Resolution may be achieved to tight deadlines, in which case costs may be limited and outcomes more positive.<\/p>\n<p>More particularly suited to mediation procedures, are disputes over the performance, making or termination of Intellectual Property contracts, or over payments to employees in consideration of their rights to copyright for inventions, including issues of unfair competition.<\/p>\n<p>LEGRAND LESAGE-CATEL lawyers assist and represent parties before the Commission Nationale des Inventions de Salari\u00e9s (CNIS \u2013 National Commission for Employee Inventions) and before other organs of mediation set up under dispute resolution procedures in the fields of Customs or consumer rights.<\/p>\n<p>[\/et_pb_text][\/et_pb_column][\/et_pb_row][\/et_pb_section]<\/p>\n","protected":false},"excerpt":{"rendered":"<p>Mediation , conciliation and arbitrationLEGRAND LESAGE-CATEL contributes to the promotion and implementation of alternative means of conflict resolution in order to avoid lengthy or uncertain legal proceedings, when advisable Arbitration and mediation are a particular professional interest of Mich\u00e8le Lesage-Catel, who is a member of the arbitration bodies set up by the Association des Conseils [&hellip;]<\/p>\n","protected":false},"author":1,"featured_media":0,"parent":0,"menu_order":0,"comment_status":"closed","ping_status":"closed","template":"","meta":{"_et_pb_use_builder":"on","_et_pb_old_content":"","_et_gb_content_width":"","footnotes":""},"class_list":["post-851","page","type-page","status-publish","hentry"],"yoast_head":"<!-- This site is optimized with the Yoast SEO plugin v27.4 - https:\/\/yoast.com\/product\/yoast-seo-wordpress\/ -->\n<title>Mediation, conciliation &amp; arbitration | Legrand Lesage-Catel Gaultier<\/title>\n<meta name=\"description\" content=\"Legrand Lesage-Catel Gaultier law office assists you in the alternative means of conflict resolution: mediation, conciliation and arbitration\" \/>\n<meta name=\"robots\" content=\"index, follow, max-snippet:-1, max-image-preview:large, max-video-preview:-1\" \/>\n<link rel=\"canonical\" href=\"https:\/\/www.llcg-avocats.com\/en\/mediation-arbitration\/\" \/>\n<meta property=\"og:locale\" content=\"en_US\" \/>\n<meta property=\"og:type\" content=\"article\" \/>\n<meta property=\"og:title\" content=\"Mediation, conciliation &amp; arbitration | Legrand Lesage-Catel Gaultier\" \/>\n<meta property=\"og:description\" content=\"Legrand Lesage-Catel Gaultier law office assists you in the alternative means of conflict resolution: mediation, conciliation and arbitration\" \/>\n<meta property=\"og:url\" content=\"https:\/\/www.llcg-avocats.com\/en\/mediation-arbitration\/\" \/>\n<meta property=\"og:site_name\" content=\"Avocats propri\u00e9t\u00e9 intellectuelle \u00e0 Paris\" \/>\n<meta property=\"article:modified_time\" content=\"2021-05-09T13:33:30+00:00\" \/>\n<meta name=\"twitter:card\" content=\"summary_large_image\" \/>\n<meta name=\"twitter:label1\" content=\"Est. reading time\" \/>\n\t<meta name=\"twitter:data1\" content=\"2 minutes\" \/>\n<script type=\"application\/ld+json\" class=\"yoast-schema-graph\">{\"@context\":\"https:\\\/\\\/schema.org\",\"@graph\":[{\"@type\":\"WebPage\",\"@id\":\"https:\\\/\\\/www.llcg-avocats.com\\\/en\\\/mediation-arbitration\\\/\",\"url\":\"https:\\\/\\\/www.llcg-avocats.com\\\/en\\\/mediation-arbitration\\\/\",\"name\":\"Mediation, conciliation & arbitration | Legrand Lesage-Catel Gaultier\",\"isPartOf\":{\"@id\":\"https:\\\/\\\/www.llcg-avocats.com\\\/en\\\/#website\"},\"datePublished\":\"2016-05-27T11:55:02+00:00\",\"dateModified\":\"2021-05-09T13:33:30+00:00\",\"description\":\"Legrand Lesage-Catel Gaultier law office assists you in the alternative means of conflict resolution: mediation, conciliation and arbitration\",\"breadcrumb\":{\"@id\":\"https:\\\/\\\/www.llcg-avocats.com\\\/en\\\/mediation-arbitration\\\/#breadcrumb\"},\"inLanguage\":\"en-US\",\"potentialAction\":[{\"@type\":\"ReadAction\",\"target\":[\"https:\\\/\\\/www.llcg-avocats.com\\\/en\\\/mediation-arbitration\\\/\"]}]},{\"@type\":\"BreadcrumbList\",\"@id\":\"https:\\\/\\\/www.llcg-avocats.com\\\/en\\\/mediation-arbitration\\\/#breadcrumb\",\"itemListElement\":[{\"@type\":\"ListItem\",\"position\":1,\"name\":\"Accueil\",\"item\":\"https:\\\/\\\/www.llcg-avocats.com\\\/en\\\/\"},{\"@type\":\"ListItem\",\"position\":2,\"name\":\"M\u00c9DIATION, CONCILIATION ET ARBITRAGE\"}]},{\"@type\":\"WebSite\",\"@id\":\"https:\\\/\\\/www.llcg-avocats.com\\\/en\\\/#website\",\"url\":\"https:\\\/\\\/www.llcg-avocats.com\\\/en\\\/\",\"name\":\"Avocats propri\u00e9t\u00e9 intellectuelle \u00e0 Paris\",\"description\":\"Legrand Lesage-Catel Gaultier\",\"potentialAction\":[{\"@type\":\"SearchAction\",\"target\":{\"@type\":\"EntryPoint\",\"urlTemplate\":\"https:\\\/\\\/www.llcg-avocats.com\\\/en\\\/?s={search_term_string}\"},\"query-input\":{\"@type\":\"PropertyValueSpecification\",\"valueRequired\":true,\"valueName\":\"search_term_string\"}}],\"inLanguage\":\"en-US\"}]}<\/script>\n<!-- \/ Yoast SEO plugin. -->","yoast_head_json":{"title":"Mediation, conciliation & arbitration | Legrand Lesage-Catel Gaultier","description":"Legrand Lesage-Catel Gaultier law office assists you in the alternative means of conflict resolution: mediation, conciliation and arbitration","robots":{"index":"index","follow":"follow","max-snippet":"max-snippet:-1","max-image-preview":"max-image-preview:large","max-video-preview":"max-video-preview:-1"},"canonical":"https:\/\/www.llcg-avocats.com\/en\/mediation-arbitration\/","og_locale":"en_US","og_type":"article","og_title":"Mediation, conciliation & arbitration | Legrand Lesage-Catel Gaultier","og_description":"Legrand Lesage-Catel Gaultier law office assists you in the alternative means of conflict resolution: mediation, conciliation and arbitration","og_url":"https:\/\/www.llcg-avocats.com\/en\/mediation-arbitration\/","og_site_name":"Avocats propri\u00e9t\u00e9 intellectuelle \u00e0 Paris","article_modified_time":"2021-05-09T13:33:30+00:00","twitter_card":"summary_large_image","twitter_misc":{"Est. reading time":"2 minutes"},"schema":{"@context":"https:\/\/schema.org","@graph":[{"@type":"WebPage","@id":"https:\/\/www.llcg-avocats.com\/en\/mediation-arbitration\/","url":"https:\/\/www.llcg-avocats.com\/en\/mediation-arbitration\/","name":"Mediation, conciliation & arbitration | Legrand Lesage-Catel Gaultier","isPartOf":{"@id":"https:\/\/www.llcg-avocats.com\/en\/#website"},"datePublished":"2016-05-27T11:55:02+00:00","dateModified":"2021-05-09T13:33:30+00:00","description":"Legrand Lesage-Catel Gaultier law office assists you in the alternative means of conflict resolution: mediation, conciliation and arbitration","breadcrumb":{"@id":"https:\/\/www.llcg-avocats.com\/en\/mediation-arbitration\/#breadcrumb"},"inLanguage":"en-US","potentialAction":[{"@type":"ReadAction","target":["https:\/\/www.llcg-avocats.com\/en\/mediation-arbitration\/"]}]},{"@type":"BreadcrumbList","@id":"https:\/\/www.llcg-avocats.com\/en\/mediation-arbitration\/#breadcrumb","itemListElement":[{"@type":"ListItem","position":1,"name":"Accueil","item":"https:\/\/www.llcg-avocats.com\/en\/"},{"@type":"ListItem","position":2,"name":"M\u00c9DIATION, CONCILIATION ET ARBITRAGE"}]},{"@type":"WebSite","@id":"https:\/\/www.llcg-avocats.com\/en\/#website","url":"https:\/\/www.llcg-avocats.com\/en\/","name":"Avocats propri\u00e9t\u00e9 intellectuelle \u00e0 Paris","description":"Legrand Lesage-Catel Gaultier","potentialAction":[{"@type":"SearchAction","target":{"@type":"EntryPoint","urlTemplate":"https:\/\/www.llcg-avocats.com\/en\/?s={search_term_string}"},"query-input":{"@type":"PropertyValueSpecification","valueRequired":true,"valueName":"search_term_string"}}],"inLanguage":"en-US"}]}},"_links":{"self":[{"href":"https:\/\/www.llcg-avocats.com\/en\/wp-json\/wp\/v2\/pages\/851","targetHints":{"allow":["GET"]}}],"collection":[{"href":"https:\/\/www.llcg-avocats.com\/en\/wp-json\/wp\/v2\/pages"}],"about":[{"href":"https:\/\/www.llcg-avocats.com\/en\/wp-json\/wp\/v2\/types\/page"}],"author":[{"embeddable":true,"href":"https:\/\/www.llcg-avocats.com\/en\/wp-json\/wp\/v2\/users\/1"}],"replies":[{"embeddable":true,"href":"https:\/\/www.llcg-avocats.com\/en\/wp-json\/wp\/v2\/comments?post=851"}],"version-history":[{"count":7,"href":"https:\/\/www.llcg-avocats.com\/en\/wp-json\/wp\/v2\/pages\/851\/revisions"}],"predecessor-version":[{"id":4297,"href":"https:\/\/www.llcg-avocats.com\/en\/wp-json\/wp\/v2\/pages\/851\/revisions\/4297"}],"wp:attachment":[{"href":"https:\/\/www.llcg-avocats.com\/en\/wp-json\/wp\/v2\/media?parent=851"}],"curies":[{"name":"wp","href":"https:\/\/api.w.org\/{rel}","templated":true}]}}