{"id":857,"date":"2016-05-30T12:33:36","date_gmt":"2016-05-30T10:33:36","guid":{"rendered":"https:\/\/llcg.trafic-influence.net\/en\/droit-brevets\/"},"modified":"2021-05-09T14:18:47","modified_gmt":"2021-05-09T12:18:47","slug":"patent-law","status":"publish","type":"page","link":"https:\/\/www.llcg-avocats.com\/en\/industrial-property\/patent-law\/","title":{"rendered":"DROIT DES BREVETS"},"content":{"rendered":"<p>[et_pb_section fb_built=&#8221;1&#8243; _builder_version=&#8221;4.6.1&#8243; background_enable_color=&#8221;off&#8221; background_image=&#8221;https:\/\/www.llcg-avocats.com\/wp-content\/uploads\/2016\/05\/audits-propriete-intellectuelle-4.jpg&#8221;][et_pb_row column_structure=&#8221;3_4,1_4&#8243; _builder_version=&#8221;4.0.6&#8243;][et_pb_column type=&#8221;3_4&#8243; _builder_version=&#8221;4.0.6&#8243;][et_pb_text _builder_version=&#8221;4.0.6&#8243; header_font=&#8221;|600|||||||&#8221; header_text_color=&#8221;#ffffff&#8221; header_font_size=&#8221;40px&#8221; header_font_size_tablet=&#8221;&#8221; header_font_size_phone=&#8221;27px&#8221; header_font_size_last_edited=&#8221;on|phone&#8221;]<\/p>\n<h1>Patent law<\/h1>\n<p>[\/et_pb_text][\/et_pb_column][et_pb_column type=&#8221;1_4&#8243; _builder_version=&#8221;4.0.6&#8243;][et_pb_button button_url=&#8221;https:\/\/www.llcg-avocats.com\/en\/contact\/&#8221; button_text=&#8221;Contact us&#8221; _builder_version=&#8221;4.0.6&#8243; custom_button=&#8221;on&#8221; button_text_size=&#8221;15px&#8221; button_text_color=&#8221;#ffffff&#8221; button_border_width=&#8221;1px&#8221; button_border_color=&#8221;#ffffff&#8221;][\/et_pb_button][\/et_pb_column][\/et_pb_row][\/et_pb_section][et_pb_section fb_built=&#8221;1&#8243; _builder_version=&#8221;4.0.6&#8243;][et_pb_row _builder_version=&#8221;4.0.6&#8243; custom_padding=&#8221;||0px|||&#8221; locked=&#8221;off&#8221;][et_pb_column type=&#8221;4_4&#8243; _builder_version=&#8221;4.0.6&#8243;][et_pb_image src=&#8221;https:\/\/www.llcg-avocats.com\/wp-content\/uploads\/2020\/03\/brevet.png&#8221; align=&#8221;center&#8221; _builder_version=&#8221;4.4.0&#8243; custom_margin=&#8221;||||false|false&#8221; custom_padding=&#8221;4px||||false|false&#8221; animation_style=&#8221;fade&#8221; border_radii=&#8221;on|80px|80px|80px|80px&#8221; box_shadow_style=&#8221;preset1&#8243; box_shadow_vertical=&#8221;10px&#8221; box_shadow_blur=&#8221;80px&#8221; box_shadow_spread=&#8221;-10px&#8221; box_shadow_color=&#8221;rgba(44,54,92,0.2)&#8221; locked=&#8221;off&#8221;][\/et_pb_image][et_pb_text _builder_version=&#8221;4.0.6&#8243; text_font=&#8221;|300|||||||&#8221; text_font_size=&#8221;15px&#8221; header_2_font=&#8221;|600|||||||&#8221; header_3_text_color=&#8221;#000000&#8243; header_3_line_height=&#8221;1.5em&#8221; text_orientation=&#8221;center&#8221; custom_padding=&#8221;5px|||||&#8221;]<\/p>\n<h2><span>Patent law advice<\/span><\/h2>\n<p>[\/et_pb_text][\/et_pb_column][\/et_pb_row][et_pb_row _builder_version=&#8221;4.0.6&#8243;][et_pb_column type=&#8221;4_4&#8243; _builder_version=&#8221;4.0.6&#8243;][et_pb_text _builder_version=&#8221;4.9.2&#8243; text_font=&#8221;|300|||||||&#8221; text_font_size=&#8221;14px&#8221; text_line_height=&#8221;1.5em&#8221; hover_enabled=&#8221;0&#8243; sticky_enabled=&#8221;0&#8243;]<\/p>\n<p>Cabinet LEGRAND LESAGE-CATEL is a provider of advisory services taking into consideration the various aspects of making and protecting an invention:<\/p>\n<ul>\n<li><strong>Existence of patentable invention:<\/strong><br \/>The first question to answer relates to the invention itself. Is it patentable? The next is the novelty of the technical means claimed and the associated inventive step.<\/li>\n<li><strong>Title to industrial property:<\/strong><br \/>Have rules for granting a patent been complied with in form and substance?<\/li>\n<li><strong>Titleholder or beneficiary:<\/strong><br \/>To whom does title of industrial property belong? What is the status of the inventor and, in particular of the employee inventor?<\/li>\n<li><strong>Exclusive right to exploitation:<\/strong><br \/>Who is the rights holder? Who is entitled to act at law within the framework of contracts for the use of the invention under licence? How can the invention be used most efficiently?<\/li>\n<\/ul>\n<p>Substantial investigatory work and advisory input is required from industrial property lawyers ahead of any legal proceedings, and this is a primary LEGRAND LESAGE-CATEL concern.<\/p>\n<p>We are a provider of advice to companies and inventors well before any claims to industrial property are lodged, working with Industrial Property consultants to perform searches of the prior art, draft and register inventive patents, both within and beyond national boundaries.<\/p>\n<p>LEGRAND LESAGE-CATEL advises companies and individuals on drafting contracts for license contracts for patented inventions.<\/p>\n<p>It also advises on drafting contractual clauses covering inventions made by employees and related legal entitlements.<\/p>\n<h3>Litigation<\/h3>\n<p>LEGRAND LESAGE-CATEL is fully familiar with the procedures required to take legal action on grounds of patent infringement, notably judicial confiscation procedures, temporary injunctions and court orders to produce evidence or specified items.<\/p>\n<p>The Tribunal de Grande Instance de Paris and the Cour d\u2019Appel de Paris are the courts before which our law firm represents claimants. They have exclusive competency to rule on disputes over patented inventions.<\/p>\n<p>The Cour d\u2019Appel de Paris also rules on appeals against decisions made by the French National Institute of Industrial Property when patenting inventions.<\/p>\n<p>Last but not least, LEGRAND LESAGE-CATEL is an intervener in proceedings before the Commission Nationale des Inventions de Salari\u00e9s (National Commission of Employee Inventions) and with regard to any mediation and arbitration bodies set up in the particular circumstances of a dispute.<\/p>\n<p>Our involvement extends to the representation of parties before the Unified Patent Court whose Central Division will be in Paris.<\/p>\n<p>[\/et_pb_text][\/et_pb_column][\/et_pb_row][\/et_pb_section][et_pb_section fb_built=&#8221;1&#8243; custom_padding_last_edited=&#8221;on|desktop&#8221; module_id=&#8221;footer&#8221; _builder_version=&#8221;4.0.6&#8243; background_color=&#8221;#ffffff&#8221; background_enable_image=&#8221;off&#8221; parallax=&#8221;on&#8221; parallax_method=&#8221;off&#8221; custom_padding_tablet=&#8221;50px|0|50px|0&#8243; custom_padding_phone=&#8221;&#8221; box_shadow_style=&#8221;preset1&#8243; box_shadow_blur=&#8221;75px&#8221; box_shadow_color=&#8221;rgba(8,87,114,0.17)&#8221; transparent_background=&#8221;off&#8221; padding_mobile=&#8221;off&#8221; saved_tabs=&#8221;all&#8221;][et_pb_row column_structure=&#8221;1_4,1_4,1_4,1_4&#8243; _builder_version=&#8221;3.25&#8243; background_size=&#8221;initial&#8221; background_position=&#8221;top_left&#8221; background_repeat=&#8221;repeat&#8221;][et_pb_column type=&#8221;1_4&#8243; _builder_version=&#8221;3.25&#8243; custom_padding=&#8221;|||&#8221; custom_padding__hover=&#8221;|||&#8221;][et_pb_image src=&#8221;https:\/\/www.llcg-avocats.com\/wp-content\/uploads\/2019\/11\/llcg-avocats.png&#8221; _builder_version=&#8221;4.0.4&#8243;][\/et_pb_image][\/et_pb_column][et_pb_column type=&#8221;1_4&#8243; _builder_version=&#8221;3.25&#8243; custom_padding=&#8221;|||&#8221; custom_padding__hover=&#8221;|||&#8221;][et_pb_text _builder_version=&#8221;4.0.6&#8243; text_text_color=&#8221;#085772&#8243; text_font_size=&#8221;14px&#8221; link_text_color=&#8221;#085772&#8243; header_4_font=&#8221;|700||on|||||&#8221; header_4_text_color=&#8221;#085772&#8243; header_4_font_size=&#8221;23px&#8221; header_4_line_height=&#8221;2em&#8221; background_size=&#8221;initial&#8221; background_position=&#8221;top_left&#8221; background_repeat=&#8221;repeat&#8221; background_layout=&#8221;dark&#8221; use_border_color=&#8221;off&#8221; border_color=&#8221;#ffffff&#8221; border_style=&#8221;solid&#8221;]<\/p>\n<p style=\"font-size: 17px; line-height: 40px; text-transform: uppercase; font-weight: bold;\">Fields of expertise<\/p>\n<ul>\n<li><a href=\"https:\/\/www.llcg-avocats.com\/en\/internet-technology-law\/\">Law on Electronic Technology and Internet<\/a><\/li>\n<li><a href=\"https:\/\/www.llcg-avocats.com\/en\/art-market\/\">Art market<\/a><\/li>\n<li><a href=\"https:\/\/www.llcg-avocats.com\/en\/industrial-property\/\">Industrial property<\/a><\/li>\n<li><a href=\"https:\/\/www.llcg-avocats.com\/en\/unfair-and-parasitic-competition\/\">Unfair and parasitical competition<\/a><\/li>\n<li><a href=\"https:\/\/www.llcg-avocats.com\/en\/criminal-law-customs-law\/\">Criminal and customs law<\/a><\/li>\n<\/ul>\n<p>[\/et_pb_text][\/et_pb_column][et_pb_column type=&#8221;1_4&#8243; _builder_version=&#8221;3.25&#8243; custom_padding=&#8221;|||&#8221; custom_padding__hover=&#8221;|||&#8221;][et_pb_text _builder_version=&#8221;4.0.6&#8243; text_text_color=&#8221;#085772&#8243; text_font_size=&#8221;14px&#8221; link_text_color=&#8221;#085772&#8243; header_4_font=&#8221;|600||on|||||&#8221; header_4_text_color=&#8221;#085772&#8243; header_4_line_height=&#8221;2em&#8221; background_size=&#8221;initial&#8221; background_position=&#8221;top_left&#8221; background_repeat=&#8221;repeat&#8221; background_layout=&#8221;dark&#8221; use_border_color=&#8221;off&#8221; border_color=&#8221;#ffffff&#8221; border_style=&#8221;solid&#8221;]<\/p>\n<p style=\"font-size: 17px; line-height: 40px; text-transform: uppercase; font-weight: bold;\">About us<\/p>\n<ul>\n<li><a href=\"https:\/\/www.llcg-avocats.com\/en\/law-firm-paris\/\">Who are we?<\/a><\/li>\n<li><a href=\"https:\/\/www.llcg-avocats.com\/en\/partners\/\">Professionnal associates<\/a><\/li>\n<li><a href=\"https:\/\/www.llcg-avocats.com\/en\/fees\/\">Fees<\/a><\/li>\n<li><a href=\"https:\/\/www.llcg-avocats.com\/en\/assistants\/\">Assistants<\/a><\/li>\n<\/ul>\n<p>[\/et_pb_text][\/et_pb_column][et_pb_column type=&#8221;1_4&#8243; _builder_version=&#8221;3.25&#8243; custom_padding=&#8221;|||&#8221; custom_padding__hover=&#8221;|||&#8221;][et_pb_text _builder_version=&#8221;4.0.6&#8243; text_text_color=&#8221;#085772&#8243; text_font_size=&#8221;14px&#8221; header_4_font=&#8221;|600||on|||||&#8221; header_4_text_color=&#8221;#085772&#8243; header_4_line_height=&#8221;2em&#8221; background_size=&#8221;initial&#8221; background_position=&#8221;top_left&#8221; background_repeat=&#8221;repeat&#8221; background_layout=&#8221;dark&#8221; use_border_color=&#8221;off&#8221; border_color=&#8221;#ffffff&#8221; border_style=&#8221;solid&#8221;]<\/p>\n<p style=\"font-size: 17px; line-height: 40px; text-transform: uppercase; font-weight: bold;\">Contact us<\/p>\n<p>170, boulevard Haussmann 75008 Paris<br \/> Palais D1104<br \/> Tel. +33.1.53.77.66.70<br \/> Fax +33.1.53.77.66.75<br \/> info@llcg-avocats.com<\/p>\n<p>[\/et_pb_text][\/et_pb_column][\/et_pb_row][\/et_pb_section][et_pb_section fb_built=&#8221;1&#8243; _builder_version=&#8221;4.0.4&#8243; background_color=&#8221;#014b63&#8243; custom_margin=&#8221;0px|0px|0px|0px&#8221; custom_padding=&#8221;0px|0px|0px|0px&#8221;][et_pb_row _builder_version=&#8221;3.25&#8243; background_size=&#8221;initial&#8221; background_position=&#8221;top_left&#8221; background_repeat=&#8221;repeat&#8221;][et_pb_column type=&#8221;4_4&#8243; _builder_version=&#8221;3.25&#8243; custom_padding=&#8221;|||&#8221; custom_padding__hover=&#8221;|||&#8221;][et_pb_text _builder_version=&#8221;4.0.6&#8243; text_orientation=&#8221;center&#8221;]<\/p>\n<p><span style=\"color: #ffffff;\">Copyright \u00a92020 &#8211; LLCG Avocats | <a style=\"color: #ffffff;\" href=\"https:\/\/www.llcg-avocats.com\/cookies\/\">Cookies<\/a> | <a style=\"color: #ffffff;\" href=\"https:\/\/www.llcg-avocats.com\/politique-de-confidentialite\/\">Privacy policy<\/a>\u00a0| <a style=\"color: #ffffff;\" href=\"https:\/\/www.llcg-avocats.com\/en\/legal-informations\/\">Legal informations<\/a><\/span><\/p>\n<p>[\/et_pb_text][\/et_pb_column][\/et_pb_row][\/et_pb_section]<\/p>\n","protected":false},"excerpt":{"rendered":"<p>Patent lawPatent law adviceCabinet LEGRAND LESAGE-CATEL is a provider of advisory services taking into consideration the various aspects of making and protecting an invention: Existence of patentable invention:The first question to answer relates to the invention itself. Is it patentable? The next is the novelty of the technical means claimed and the associated inventive step. [&hellip;]<\/p>\n","protected":false},"author":1,"featured_media":0,"parent":854,"menu_order":0,"comment_status":"closed","ping_status":"closed","template":"","meta":{"_et_pb_use_builder":"on","_et_pb_old_content":"","_et_gb_content_width":"","footnotes":""},"class_list":["post-857","page","type-page","status-publish","hentry"],"yoast_head":"<!-- This site is optimized with the Yoast SEO plugin v27.4 - https:\/\/yoast.com\/product\/yoast-seo-wordpress\/ -->\n<title>Patent lawyers | Legrand Lesage-Catel Gaultier<\/title>\n<meta name=\"description\" content=\"Patent law specialist, Legrand Lesage-Catel Gaultier law office assists you for the filing and defense of your patents, as well as in patent litigation\" \/>\n<meta name=\"robots\" content=\"index, follow, max-snippet:-1, max-image-preview:large, max-video-preview:-1\" \/>\n<link rel=\"canonical\" href=\"https:\/\/www.llcg-avocats.com\/en\/industrial-property\/patent-law\/\" \/>\n<meta property=\"og:locale\" content=\"en_US\" \/>\n<meta property=\"og:type\" content=\"article\" \/>\n<meta property=\"og:title\" content=\"Patent lawyers | Legrand Lesage-Catel Gaultier\" \/>\n<meta property=\"og:description\" content=\"Patent law specialist, Legrand Lesage-Catel Gaultier law office assists you for the filing and defense of your patents, as well as in patent litigation\" \/>\n<meta property=\"og:url\" content=\"https:\/\/www.llcg-avocats.com\/en\/industrial-property\/patent-law\/\" \/>\n<meta property=\"og:site_name\" content=\"Avocats propri\u00e9t\u00e9 intellectuelle \u00e0 Paris\" \/>\n<meta property=\"article:modified_time\" content=\"2021-05-09T12:18:47+00:00\" \/>\n<meta name=\"twitter:card\" content=\"summary_large_image\" \/>\n<meta name=\"twitter:label1\" content=\"Est. reading time\" \/>\n\t<meta name=\"twitter:data1\" content=\"6 minutes\" \/>\n<script type=\"application\/ld+json\" class=\"yoast-schema-graph\">{\"@context\":\"https:\\\/\\\/schema.org\",\"@graph\":[{\"@type\":\"WebPage\",\"@id\":\"https:\\\/\\\/www.llcg-avocats.com\\\/en\\\/industrial-property\\\/patent-law\\\/\",\"url\":\"https:\\\/\\\/www.llcg-avocats.com\\\/en\\\/industrial-property\\\/patent-law\\\/\",\"name\":\"Patent lawyers | Legrand Lesage-Catel Gaultier\",\"isPartOf\":{\"@id\":\"https:\\\/\\\/www.llcg-avocats.com\\\/en\\\/#website\"},\"datePublished\":\"2016-05-30T10:33:36+00:00\",\"dateModified\":\"2021-05-09T12:18:47+00:00\",\"description\":\"Patent law specialist, Legrand Lesage-Catel Gaultier law office assists you for the filing and defense of your patents, as well as in patent litigation\",\"breadcrumb\":{\"@id\":\"https:\\\/\\\/www.llcg-avocats.com\\\/en\\\/industrial-property\\\/patent-law\\\/#breadcrumb\"},\"inLanguage\":\"en-US\",\"potentialAction\":[{\"@type\":\"ReadAction\",\"target\":[\"https:\\\/\\\/www.llcg-avocats.com\\\/en\\\/industrial-property\\\/patent-law\\\/\"]}]},{\"@type\":\"BreadcrumbList\",\"@id\":\"https:\\\/\\\/www.llcg-avocats.com\\\/en\\\/industrial-property\\\/patent-law\\\/#breadcrumb\",\"itemListElement\":[{\"@type\":\"ListItem\",\"position\":1,\"name\":\"Accueil\",\"item\":\"https:\\\/\\\/www.llcg-avocats.com\\\/en\\\/\"},{\"@type\":\"ListItem\",\"position\":2,\"name\":\"PROPRI\u00c9T\u00c9 INDUSTRIELLE\",\"item\":\"https:\\\/\\\/www.llcg-avocats.com\\\/en\\\/industrial-property\\\/\"},{\"@type\":\"ListItem\",\"position\":3,\"name\":\"DROIT DES BREVETS\"}]},{\"@type\":\"WebSite\",\"@id\":\"https:\\\/\\\/www.llcg-avocats.com\\\/en\\\/#website\",\"url\":\"https:\\\/\\\/www.llcg-avocats.com\\\/en\\\/\",\"name\":\"Avocats propri\u00e9t\u00e9 intellectuelle \u00e0 Paris\",\"description\":\"Legrand Lesage-Catel Gaultier\",\"potentialAction\":[{\"@type\":\"SearchAction\",\"target\":{\"@type\":\"EntryPoint\",\"urlTemplate\":\"https:\\\/\\\/www.llcg-avocats.com\\\/en\\\/?s={search_term_string}\"},\"query-input\":{\"@type\":\"PropertyValueSpecification\",\"valueRequired\":true,\"valueName\":\"search_term_string\"}}],\"inLanguage\":\"en-US\"}]}<\/script>\n<!-- \/ Yoast SEO plugin. -->","yoast_head_json":{"title":"Patent lawyers | Legrand Lesage-Catel Gaultier","description":"Patent law specialist, Legrand Lesage-Catel Gaultier law office assists you for the filing and defense of your patents, as well as in patent litigation","robots":{"index":"index","follow":"follow","max-snippet":"max-snippet:-1","max-image-preview":"max-image-preview:large","max-video-preview":"max-video-preview:-1"},"canonical":"https:\/\/www.llcg-avocats.com\/en\/industrial-property\/patent-law\/","og_locale":"en_US","og_type":"article","og_title":"Patent lawyers | Legrand Lesage-Catel Gaultier","og_description":"Patent law specialist, Legrand Lesage-Catel Gaultier law office assists you for the filing and defense of your patents, as well as in patent litigation","og_url":"https:\/\/www.llcg-avocats.com\/en\/industrial-property\/patent-law\/","og_site_name":"Avocats propri\u00e9t\u00e9 intellectuelle \u00e0 Paris","article_modified_time":"2021-05-09T12:18:47+00:00","twitter_card":"summary_large_image","twitter_misc":{"Est. reading time":"6 minutes"},"schema":{"@context":"https:\/\/schema.org","@graph":[{"@type":"WebPage","@id":"https:\/\/www.llcg-avocats.com\/en\/industrial-property\/patent-law\/","url":"https:\/\/www.llcg-avocats.com\/en\/industrial-property\/patent-law\/","name":"Patent lawyers | Legrand Lesage-Catel Gaultier","isPartOf":{"@id":"https:\/\/www.llcg-avocats.com\/en\/#website"},"datePublished":"2016-05-30T10:33:36+00:00","dateModified":"2021-05-09T12:18:47+00:00","description":"Patent law specialist, Legrand Lesage-Catel Gaultier law office assists you for the filing and defense of your patents, as well as in patent litigation","breadcrumb":{"@id":"https:\/\/www.llcg-avocats.com\/en\/industrial-property\/patent-law\/#breadcrumb"},"inLanguage":"en-US","potentialAction":[{"@type":"ReadAction","target":["https:\/\/www.llcg-avocats.com\/en\/industrial-property\/patent-law\/"]}]},{"@type":"BreadcrumbList","@id":"https:\/\/www.llcg-avocats.com\/en\/industrial-property\/patent-law\/#breadcrumb","itemListElement":[{"@type":"ListItem","position":1,"name":"Accueil","item":"https:\/\/www.llcg-avocats.com\/en\/"},{"@type":"ListItem","position":2,"name":"PROPRI\u00c9T\u00c9 INDUSTRIELLE","item":"https:\/\/www.llcg-avocats.com\/en\/industrial-property\/"},{"@type":"ListItem","position":3,"name":"DROIT DES BREVETS"}]},{"@type":"WebSite","@id":"https:\/\/www.llcg-avocats.com\/en\/#website","url":"https:\/\/www.llcg-avocats.com\/en\/","name":"Avocats propri\u00e9t\u00e9 intellectuelle \u00e0 Paris","description":"Legrand Lesage-Catel Gaultier","potentialAction":[{"@type":"SearchAction","target":{"@type":"EntryPoint","urlTemplate":"https:\/\/www.llcg-avocats.com\/en\/?s={search_term_string}"},"query-input":{"@type":"PropertyValueSpecification","valueRequired":true,"valueName":"search_term_string"}}],"inLanguage":"en-US"}]}},"_links":{"self":[{"href":"https:\/\/www.llcg-avocats.com\/en\/wp-json\/wp\/v2\/pages\/857","targetHints":{"allow":["GET"]}}],"collection":[{"href":"https:\/\/www.llcg-avocats.com\/en\/wp-json\/wp\/v2\/pages"}],"about":[{"href":"https:\/\/www.llcg-avocats.com\/en\/wp-json\/wp\/v2\/types\/page"}],"author":[{"embeddable":true,"href":"https:\/\/www.llcg-avocats.com\/en\/wp-json\/wp\/v2\/users\/1"}],"replies":[{"embeddable":true,"href":"https:\/\/www.llcg-avocats.com\/en\/wp-json\/wp\/v2\/comments?post=857"}],"version-history":[{"count":8,"href":"https:\/\/www.llcg-avocats.com\/en\/wp-json\/wp\/v2\/pages\/857\/revisions"}],"predecessor-version":[{"id":4249,"href":"https:\/\/www.llcg-avocats.com\/en\/wp-json\/wp\/v2\/pages\/857\/revisions\/4249"}],"up":[{"embeddable":true,"href":"https:\/\/www.llcg-avocats.com\/en\/wp-json\/wp\/v2\/pages\/854"}],"wp:attachment":[{"href":"https:\/\/www.llcg-avocats.com\/en\/wp-json\/wp\/v2\/media?parent=857"}],"curies":[{"name":"wp","href":"https:\/\/api.w.org\/{rel}","templated":true}]}}