{"id":863,"date":"2016-05-30T12:35:16","date_gmt":"2016-05-30T10:35:16","guid":{"rendered":"https:\/\/llcg.trafic-influence.net\/en\/droit-dessins-modeles\/"},"modified":"2021-05-09T14:20:08","modified_gmt":"2021-05-09T12:20:08","slug":"design-law","status":"publish","type":"page","link":"https:\/\/www.llcg-avocats.com\/en\/industrial-property\/design-law\/","title":{"rendered":"DROIT DES DESSINS ET MOD\u00c8LES"},"content":{"rendered":"<p>[et_pb_section fb_built=&#8221;1&#8243; _builder_version=&#8221;4.6.1&#8243; background_enable_color=&#8221;off&#8221; background_image=&#8221;https:\/\/www.llcg-avocats.com\/wp-content\/uploads\/2016\/05\/propriete-industrielle-4-1.jpg&#8221;][et_pb_row column_structure=&#8221;3_4,1_4&#8243; _builder_version=&#8221;4.0.6&#8243;][et_pb_column type=&#8221;3_4&#8243; _builder_version=&#8221;4.0.6&#8243;][et_pb_text _builder_version=&#8221;4.0.6&#8243; header_font=&#8221;|600|||||||&#8221; header_text_color=&#8221;#ffffff&#8221; header_font_size=&#8221;40px&#8221; header_font_size_tablet=&#8221;&#8221; header_font_size_phone=&#8221;27px&#8221; header_font_size_last_edited=&#8221;on|phone&#8221;]<\/p>\n<h1>Law on designs and models<\/h1>\n<p>[\/et_pb_text][\/et_pb_column][et_pb_column type=&#8221;1_4&#8243; _builder_version=&#8221;4.0.6&#8243;][et_pb_button button_url=&#8221;https:\/\/www.llcg-avocats.com\/en\/contact\/&#8221; button_text=&#8221;Contact us&#8221; _builder_version=&#8221;4.0.6&#8243; custom_button=&#8221;on&#8221; button_text_size=&#8221;15px&#8221; button_text_color=&#8221;#ffffff&#8221; button_border_width=&#8221;1px&#8221; button_border_color=&#8221;#ffffff&#8221;][\/et_pb_button][\/et_pb_column][\/et_pb_row][\/et_pb_section][et_pb_section fb_built=&#8221;1&#8243; _builder_version=&#8221;4.0.6&#8243;][et_pb_row _builder_version=&#8221;4.0.6&#8243; custom_padding=&#8221;||0px|||&#8221; locked=&#8221;off&#8221;][et_pb_column type=&#8221;4_4&#8243; _builder_version=&#8221;4.0.6&#8243;][et_pb_image src=&#8221;https:\/\/www.llcg-avocats.com\/wp-content\/uploads\/2020\/03\/droit-dessins-modeles.png&#8221; align=&#8221;center&#8221; _builder_version=&#8221;4.4.0&#8243; custom_margin=&#8221;||||false|false&#8221; custom_padding=&#8221;||||false|false&#8221; animation_style=&#8221;fade&#8221; border_radii=&#8221;on|80px|80px|80px|80px&#8221; box_shadow_style=&#8221;preset1&#8243; box_shadow_vertical=&#8221;10px&#8221; box_shadow_blur=&#8221;80px&#8221; box_shadow_spread=&#8221;-10px&#8221; box_shadow_color=&#8221;rgba(44,54,92,0.2)&#8221; locked=&#8221;off&#8221;][\/et_pb_image][et_pb_text _builder_version=&#8221;4.0.6&#8243; text_font=&#8221;|300|||||||&#8221; text_font_size=&#8221;15px&#8221; header_2_font=&#8221;|600|||||||&#8221; text_orientation=&#8221;center&#8221;]<\/p>\n<h2>Advice on design law<\/h2>\n<p>[\/et_pb_text][\/et_pb_column][\/et_pb_row][et_pb_row _builder_version=&#8221;4.0.6&#8243;][et_pb_column type=&#8221;4_4&#8243; _builder_version=&#8221;4.0.6&#8243;][et_pb_text _builder_version=&#8221;4.9.2&#8243; text_font=&#8221;|300|||||||&#8221; text_font_size=&#8221;14px&#8221; text_line_height=&#8221;1.5em&#8221; hover_enabled=&#8221;0&#8243; sticky_enabled=&#8221;0&#8243;]<\/p>\n<p>LEGRAND LESAGE-CATEL specialist lawyers act in accordance with the legal process set up under French and EU law covering designs and models, be they applied for and registered, or benefit from protection without registration under EU procedures.<\/p>\n<p>Pursuant to Article L. 511-1 of the French Code of Intellectual Property, \u201cProtection may be afforded in respect of a design or model of the appearance of a product or part of a product as characterised in particular by its lines, contours, colours, form, textures or materials; these characteristics may be those of the product itself or its ornamentation.\u201d<\/p>\n<p>The model must, pursuant to Article L. 511-2, \u201cbe novel and present a distinctive character.\u201d<\/p>\n<p>EU law covering designs and models takes into consideration their novelty and individual character.<\/p>\n<p>National or EU law determines title to, and the term and limits of protection in regard to certain uses that it is sought to protect. However the scope of protection frequently requires clarification by complex research and analysis that takes into consideration a wealth of case law.<\/p>\n<h2>Advisory services<\/h2>\n<p>Prior to any legal proceedings, LEGRAND LESAGE-CATEL advises companies and individuals in the following areas.<\/p>\n<ul>\n<li>Protection:<br \/>Is the model protectable? What searches are required? What are the consequences of disclosure? Should a model be registered? Or is protection available without registration under droit d\u2019auteur or copyright? Does the law on unfair competition afford projection? What should be registered? In whose name? How and where? What costs, timeframes and avenues of legal recourse?<\/li>\n<li>Exploitation:<br \/>Which contracts of exploitation to sign? What provision for guarantees or warranties? What publicity is required? How claim rights of intellectual property at times of sale, assignation, or conveyance of corporate assets, or of company merger-acquisitions?<\/li>\n<\/ul>\n<p>All these issues and many more require study by specialist lawyers.<\/p>\n<h2>Litigation<\/h2>\n<p>LEGRAND LESAGE-CATEL lawyers are extensively involved in litigation under French and EU law governing designs and models.<\/p>\n<p>Legal title, the validity and infringement thereof, as well as the difficulties arising (among others) from breaches of the law and non-payment of licence fees, frequently give rise to negotiation and to numerous legal disputes requiring assistance from specialist lawyers.<\/p>\n<p>Legal proceedings may take the form of actions for voidance raised before French or EU courts.<\/p>\n<p>Infringement actions are a field of predilection for LEGRAND LESAGE-CATEL lawyers, whether acting for plaintiffs or defendants by initiating appropriate procedures (court-ordered confiscation, confirmation of evidence of infringement or prejudice suffered, pecuniary valuations, disputed claims \u2026).<\/p>\n<p>Creative work in the fields of the applied arts, tableware, jewellery, fashion and clothing may draw on the protection afforded by law to designs and models. This is a field of special interest to LEGRAND LESAGE-CATEL lawyers.<\/p>\n<p>[\/et_pb_text][\/et_pb_column][\/et_pb_row][\/et_pb_section][et_pb_section fb_built=&#8221;1&#8243; custom_padding_last_edited=&#8221;on|desktop&#8221; module_id=&#8221;footer&#8221; _builder_version=&#8221;4.0.6&#8243; background_color=&#8221;#ffffff&#8221; background_enable_image=&#8221;off&#8221; parallax=&#8221;on&#8221; parallax_method=&#8221;off&#8221; custom_padding_tablet=&#8221;50px|0|50px|0&#8243; custom_padding_phone=&#8221;&#8221; box_shadow_style=&#8221;preset1&#8243; box_shadow_blur=&#8221;75px&#8221; box_shadow_color=&#8221;rgba(8,87,114,0.17)&#8221; transparent_background=&#8221;off&#8221; padding_mobile=&#8221;off&#8221; saved_tabs=&#8221;all&#8221;][et_pb_row column_structure=&#8221;1_4,1_4,1_4,1_4&#8243; _builder_version=&#8221;3.25&#8243; background_size=&#8221;initial&#8221; background_position=&#8221;top_left&#8221; background_repeat=&#8221;repeat&#8221;][et_pb_column type=&#8221;1_4&#8243; _builder_version=&#8221;3.25&#8243; custom_padding=&#8221;|||&#8221; custom_padding__hover=&#8221;|||&#8221;][et_pb_image src=&#8221;https:\/\/www.llcg-avocats.com\/wp-content\/uploads\/2019\/11\/llcg-avocats.png&#8221; _builder_version=&#8221;4.0.4&#8243;][\/et_pb_image][\/et_pb_column][et_pb_column type=&#8221;1_4&#8243; _builder_version=&#8221;3.25&#8243; custom_padding=&#8221;|||&#8221; custom_padding__hover=&#8221;|||&#8221;][et_pb_text _builder_version=&#8221;4.0.6&#8243; text_text_color=&#8221;#085772&#8243; text_font_size=&#8221;14px&#8221; link_text_color=&#8221;#085772&#8243; header_4_font=&#8221;|700||on|||||&#8221; header_4_text_color=&#8221;#085772&#8243; header_4_font_size=&#8221;23px&#8221; header_4_line_height=&#8221;2em&#8221; background_size=&#8221;initial&#8221; background_position=&#8221;top_left&#8221; background_repeat=&#8221;repeat&#8221; background_layout=&#8221;dark&#8221; use_border_color=&#8221;off&#8221; border_color=&#8221;#ffffff&#8221; border_style=&#8221;solid&#8221;]<\/p>\n<p style=\"font-size: 17px; line-height: 40px; text-transform: uppercase; font-weight: bold;\">Fields of expertise<\/p>\n<ul>\n<li><a href=\"https:\/\/www.llcg-avocats.com\/en\/internet-technology-law\/\">Law on Electronic Technology and Internet<\/a><\/li>\n<li><a href=\"https:\/\/www.llcg-avocats.com\/en\/art-market\/\">Art market<\/a><\/li>\n<li><a href=\"https:\/\/www.llcg-avocats.com\/en\/industrial-property\/\">Industrial property<\/a><\/li>\n<li><a href=\"https:\/\/www.llcg-avocats.com\/en\/unfair-and-parasitic-competition\/\">Unfair and parasitical competition<\/a><\/li>\n<li><a href=\"https:\/\/www.llcg-avocats.com\/en\/criminal-law-customs-law\/\">Criminal and customs law<\/a><\/li>\n<\/ul>\n<p>[\/et_pb_text][\/et_pb_column][et_pb_column type=&#8221;1_4&#8243; _builder_version=&#8221;3.25&#8243; custom_padding=&#8221;|||&#8221; custom_padding__hover=&#8221;|||&#8221;][et_pb_text _builder_version=&#8221;4.0.6&#8243; text_text_color=&#8221;#085772&#8243; text_font_size=&#8221;14px&#8221; link_text_color=&#8221;#085772&#8243; header_4_font=&#8221;|600||on|||||&#8221; header_4_text_color=&#8221;#085772&#8243; header_4_line_height=&#8221;2em&#8221; background_size=&#8221;initial&#8221; background_position=&#8221;top_left&#8221; background_repeat=&#8221;repeat&#8221; background_layout=&#8221;dark&#8221; use_border_color=&#8221;off&#8221; border_color=&#8221;#ffffff&#8221; border_style=&#8221;solid&#8221;]<\/p>\n<p style=\"font-size: 17px; line-height: 40px; text-transform: uppercase; font-weight: bold;\">About us<\/p>\n<ul>\n<li><a href=\"https:\/\/www.llcg-avocats.com\/en\/law-firm-paris\/\">Who are we?<\/a><\/li>\n<li><a href=\"https:\/\/www.llcg-avocats.com\/en\/partners\/\">Professionnal associates<\/a><\/li>\n<li><a href=\"https:\/\/www.llcg-avocats.com\/en\/fees\/\">Fees<\/a><\/li>\n<li><a href=\"https:\/\/www.llcg-avocats.com\/en\/assistants\/\">Assistants<\/a><\/li>\n<\/ul>\n<p>[\/et_pb_text][\/et_pb_column][et_pb_column type=&#8221;1_4&#8243; _builder_version=&#8221;3.25&#8243; custom_padding=&#8221;|||&#8221; custom_padding__hover=&#8221;|||&#8221;][et_pb_text _builder_version=&#8221;4.0.6&#8243; text_text_color=&#8221;#085772&#8243; text_font_size=&#8221;14px&#8221; header_4_font=&#8221;|600||on|||||&#8221; header_4_text_color=&#8221;#085772&#8243; header_4_line_height=&#8221;2em&#8221; background_size=&#8221;initial&#8221; background_position=&#8221;top_left&#8221; background_repeat=&#8221;repeat&#8221; background_layout=&#8221;dark&#8221; use_border_color=&#8221;off&#8221; border_color=&#8221;#ffffff&#8221; border_style=&#8221;solid&#8221;]<\/p>\n<p style=\"font-size: 17px; line-height: 40px; text-transform: uppercase; font-weight: bold;\">Contact us<\/p>\n<p>170, boulevard Haussmann 75008 Paris<br \/> Palais D1104<br \/> Tel. +33.1.53.77.66.70<br \/> Fax +33.1.53.77.66.75<br \/> info@llcg-avocats.com<\/p>\n<p>[\/et_pb_text][\/et_pb_column][\/et_pb_row][\/et_pb_section][et_pb_section fb_built=&#8221;1&#8243; _builder_version=&#8221;4.0.4&#8243; background_color=&#8221;#014b63&#8243; custom_margin=&#8221;0px|0px|0px|0px&#8221; custom_padding=&#8221;0px|0px|0px|0px&#8221;][et_pb_row _builder_version=&#8221;3.25&#8243; background_size=&#8221;initial&#8221; background_position=&#8221;top_left&#8221; background_repeat=&#8221;repeat&#8221;][et_pb_column type=&#8221;4_4&#8243; _builder_version=&#8221;3.25&#8243; custom_padding=&#8221;|||&#8221; custom_padding__hover=&#8221;|||&#8221;][et_pb_text _builder_version=&#8221;4.0.6&#8243; text_orientation=&#8221;center&#8221;]<\/p>\n<p><span style=\"color: #ffffff;\">Copyright \u00a92020 &#8211; LLCG Avocats | <a style=\"color: #ffffff;\" href=\"https:\/\/www.llcg-avocats.com\/cookies\/\">Cookies<\/a> | <a style=\"color: #ffffff;\" href=\"https:\/\/www.llcg-avocats.com\/politique-de-confidentialite\/\">Privacy policy<\/a>\u00a0| <a style=\"color: #ffffff;\" href=\"https:\/\/www.llcg-avocats.com\/en\/legal-informations\/\">Legal informations<\/a><\/span><\/p>\n<p>[\/et_pb_text][\/et_pb_column][\/et_pb_row][\/et_pb_section]<\/p>\n","protected":false},"excerpt":{"rendered":"<p>Law on designs and modelsAdvice on design lawLEGRAND LESAGE-CATEL specialist lawyers act in accordance with the legal process set up under French and EU law covering designs and models, be they applied for and registered, or benefit from protection without registration under EU procedures. Pursuant to Article L. 511-1 of the French Code of Intellectual [&hellip;]<\/p>\n","protected":false},"author":1,"featured_media":0,"parent":854,"menu_order":0,"comment_status":"closed","ping_status":"closed","template":"","meta":{"_et_pb_use_builder":"on","_et_pb_old_content":"","_et_gb_content_width":"","footnotes":""},"class_list":["post-863","page","type-page","status-publish","hentry"],"yoast_head":"<!-- This site is optimized with the Yoast SEO plugin v27.5 - https:\/\/yoast.com\/product\/yoast-seo-wordpress\/ -->\n<title>Design lawyers | Legrand Lesage-Catel Gaultier<\/title>\n<meta name=\"description\" content=\"Design law specialist, LLCG law office assists you for the filing and defense of your designs, as well as in design litigation\" \/>\n<meta name=\"robots\" content=\"index, follow, max-snippet:-1, max-image-preview:large, max-video-preview:-1\" \/>\n<link rel=\"canonical\" href=\"https:\/\/www.llcg-avocats.com\/en\/industrial-property\/design-law\/\" \/>\n<meta property=\"og:locale\" content=\"en_US\" \/>\n<meta property=\"og:type\" content=\"article\" \/>\n<meta property=\"og:title\" content=\"Design lawyers | Legrand Lesage-Catel Gaultier\" \/>\n<meta property=\"og:description\" content=\"Design law specialist, LLCG law office assists you for the filing and defense of your designs, as well as in design litigation\" \/>\n<meta property=\"og:url\" content=\"https:\/\/www.llcg-avocats.com\/en\/industrial-property\/design-law\/\" \/>\n<meta property=\"og:site_name\" content=\"Avocats propri\u00e9t\u00e9 intellectuelle \u00e0 Paris\" \/>\n<meta property=\"article:modified_time\" content=\"2021-05-09T12:20:08+00:00\" \/>\n<meta name=\"twitter:card\" content=\"summary_large_image\" \/>\n<meta name=\"twitter:label1\" content=\"Est. reading time\" \/>\n\t<meta name=\"twitter:data1\" content=\"6 minutes\" \/>\n<script type=\"application\/ld+json\" class=\"yoast-schema-graph\">{\"@context\":\"https:\\\/\\\/schema.org\",\"@graph\":[{\"@type\":\"WebPage\",\"@id\":\"https:\\\/\\\/www.llcg-avocats.com\\\/en\\\/industrial-property\\\/design-law\\\/\",\"url\":\"https:\\\/\\\/www.llcg-avocats.com\\\/en\\\/industrial-property\\\/design-law\\\/\",\"name\":\"Design lawyers | Legrand Lesage-Catel Gaultier\",\"isPartOf\":{\"@id\":\"https:\\\/\\\/www.llcg-avocats.com\\\/en\\\/#website\"},\"datePublished\":\"2016-05-30T10:35:16+00:00\",\"dateModified\":\"2021-05-09T12:20:08+00:00\",\"description\":\"Design law specialist, LLCG law office assists you for the filing and defense of your designs, as well as in design litigation\",\"breadcrumb\":{\"@id\":\"https:\\\/\\\/www.llcg-avocats.com\\\/en\\\/industrial-property\\\/design-law\\\/#breadcrumb\"},\"inLanguage\":\"en-US\",\"potentialAction\":[{\"@type\":\"ReadAction\",\"target\":[\"https:\\\/\\\/www.llcg-avocats.com\\\/en\\\/industrial-property\\\/design-law\\\/\"]}]},{\"@type\":\"BreadcrumbList\",\"@id\":\"https:\\\/\\\/www.llcg-avocats.com\\\/en\\\/industrial-property\\\/design-law\\\/#breadcrumb\",\"itemListElement\":[{\"@type\":\"ListItem\",\"position\":1,\"name\":\"Accueil\",\"item\":\"https:\\\/\\\/www.llcg-avocats.com\\\/en\\\/\"},{\"@type\":\"ListItem\",\"position\":2,\"name\":\"PROPRI\u00c9T\u00c9 INDUSTRIELLE\",\"item\":\"https:\\\/\\\/www.llcg-avocats.com\\\/en\\\/industrial-property\\\/\"},{\"@type\":\"ListItem\",\"position\":3,\"name\":\"DROIT DES DESSINS ET MOD\u00c8LES\"}]},{\"@type\":\"WebSite\",\"@id\":\"https:\\\/\\\/www.llcg-avocats.com\\\/en\\\/#website\",\"url\":\"https:\\\/\\\/www.llcg-avocats.com\\\/en\\\/\",\"name\":\"Avocats propri\u00e9t\u00e9 intellectuelle \u00e0 Paris\",\"description\":\"Legrand Lesage-Catel Gaultier\",\"potentialAction\":[{\"@type\":\"SearchAction\",\"target\":{\"@type\":\"EntryPoint\",\"urlTemplate\":\"https:\\\/\\\/www.llcg-avocats.com\\\/en\\\/?s={search_term_string}\"},\"query-input\":{\"@type\":\"PropertyValueSpecification\",\"valueRequired\":true,\"valueName\":\"search_term_string\"}}],\"inLanguage\":\"en-US\"}]}<\/script>\n<!-- \/ Yoast SEO plugin. -->","yoast_head_json":{"title":"Design lawyers | Legrand Lesage-Catel Gaultier","description":"Design law specialist, LLCG law office assists you for the filing and defense of your designs, as well as in design litigation","robots":{"index":"index","follow":"follow","max-snippet":"max-snippet:-1","max-image-preview":"max-image-preview:large","max-video-preview":"max-video-preview:-1"},"canonical":"https:\/\/www.llcg-avocats.com\/en\/industrial-property\/design-law\/","og_locale":"en_US","og_type":"article","og_title":"Design lawyers | Legrand Lesage-Catel Gaultier","og_description":"Design law specialist, LLCG law office assists you for the filing and defense of your designs, as well as in design litigation","og_url":"https:\/\/www.llcg-avocats.com\/en\/industrial-property\/design-law\/","og_site_name":"Avocats propri\u00e9t\u00e9 intellectuelle \u00e0 Paris","article_modified_time":"2021-05-09T12:20:08+00:00","twitter_card":"summary_large_image","twitter_misc":{"Est. reading time":"6 minutes"},"schema":{"@context":"https:\/\/schema.org","@graph":[{"@type":"WebPage","@id":"https:\/\/www.llcg-avocats.com\/en\/industrial-property\/design-law\/","url":"https:\/\/www.llcg-avocats.com\/en\/industrial-property\/design-law\/","name":"Design lawyers | Legrand Lesage-Catel Gaultier","isPartOf":{"@id":"https:\/\/www.llcg-avocats.com\/en\/#website"},"datePublished":"2016-05-30T10:35:16+00:00","dateModified":"2021-05-09T12:20:08+00:00","description":"Design law specialist, LLCG law office assists you for the filing and defense of your designs, as well as in design litigation","breadcrumb":{"@id":"https:\/\/www.llcg-avocats.com\/en\/industrial-property\/design-law\/#breadcrumb"},"inLanguage":"en-US","potentialAction":[{"@type":"ReadAction","target":["https:\/\/www.llcg-avocats.com\/en\/industrial-property\/design-law\/"]}]},{"@type":"BreadcrumbList","@id":"https:\/\/www.llcg-avocats.com\/en\/industrial-property\/design-law\/#breadcrumb","itemListElement":[{"@type":"ListItem","position":1,"name":"Accueil","item":"https:\/\/www.llcg-avocats.com\/en\/"},{"@type":"ListItem","position":2,"name":"PROPRI\u00c9T\u00c9 INDUSTRIELLE","item":"https:\/\/www.llcg-avocats.com\/en\/industrial-property\/"},{"@type":"ListItem","position":3,"name":"DROIT DES DESSINS ET MOD\u00c8LES"}]},{"@type":"WebSite","@id":"https:\/\/www.llcg-avocats.com\/en\/#website","url":"https:\/\/www.llcg-avocats.com\/en\/","name":"Avocats propri\u00e9t\u00e9 intellectuelle \u00e0 Paris","description":"Legrand Lesage-Catel Gaultier","potentialAction":[{"@type":"SearchAction","target":{"@type":"EntryPoint","urlTemplate":"https:\/\/www.llcg-avocats.com\/en\/?s={search_term_string}"},"query-input":{"@type":"PropertyValueSpecification","valueRequired":true,"valueName":"search_term_string"}}],"inLanguage":"en-US"}]}},"_links":{"self":[{"href":"https:\/\/www.llcg-avocats.com\/en\/wp-json\/wp\/v2\/pages\/863","targetHints":{"allow":["GET"]}}],"collection":[{"href":"https:\/\/www.llcg-avocats.com\/en\/wp-json\/wp\/v2\/pages"}],"about":[{"href":"https:\/\/www.llcg-avocats.com\/en\/wp-json\/wp\/v2\/types\/page"}],"author":[{"embeddable":true,"href":"https:\/\/www.llcg-avocats.com\/en\/wp-json\/wp\/v2\/users\/1"}],"replies":[{"embeddable":true,"href":"https:\/\/www.llcg-avocats.com\/en\/wp-json\/wp\/v2\/comments?post=863"}],"version-history":[{"count":8,"href":"https:\/\/www.llcg-avocats.com\/en\/wp-json\/wp\/v2\/pages\/863\/revisions"}],"predecessor-version":[{"id":4251,"href":"https:\/\/www.llcg-avocats.com\/en\/wp-json\/wp\/v2\/pages\/863\/revisions\/4251"}],"up":[{"embeddable":true,"href":"https:\/\/www.llcg-avocats.com\/en\/wp-json\/wp\/v2\/pages\/854"}],"wp:attachment":[{"href":"https:\/\/www.llcg-avocats.com\/en\/wp-json\/wp\/v2\/media?parent=863"}],"curies":[{"name":"wp","href":"https:\/\/api.w.org\/{rel}","templated":true}]}}