{"id":866,"date":"2016-05-30T12:36:51","date_gmt":"2016-05-30T10:36:51","guid":{"rendered":"https:\/\/llcg.trafic-influence.net\/en\/droit-auteur\/"},"modified":"2021-05-09T14:40:25","modified_gmt":"2021-05-09T12:40:25","slug":"copyright-law","status":"publish","type":"page","link":"https:\/\/www.llcg-avocats.com\/en\/intellectual-property-law\/copyright-law\/","title":{"rendered":"DROIT D&#8217;AUTEUR"},"content":{"rendered":"<p>[et_pb_section fb_built=&#8221;1&#8243; _builder_version=&#8221;4.6.1&#8243; background_enable_color=&#8221;off&#8221; background_image=&#8221;https:\/\/www.llcg-avocats.com\/wp-content\/uploads\/2016\/05\/droit-auteur-4.jpg&#8221;][et_pb_row column_structure=&#8221;3_4,1_4&#8243; _builder_version=&#8221;4.0.6&#8243;][et_pb_column type=&#8221;3_4&#8243; _builder_version=&#8221;4.0.6&#8243;][et_pb_text _builder_version=&#8221;4.0.6&#8243; header_font=&#8221;|600|||||||&#8221; header_text_color=&#8221;#ffffff&#8221; header_font_size=&#8221;40px&#8221; header_font_size_tablet=&#8221;&#8221; header_font_size_phone=&#8221;27px&#8221; header_font_size_last_edited=&#8221;on|phone&#8221;]<\/p>\n<h1>Copyright and Droit d&#8217;auteur<\/h1>\n<p>[\/et_pb_text][\/et_pb_column][et_pb_column type=&#8221;1_4&#8243; _builder_version=&#8221;4.0.6&#8243;][et_pb_button button_url=&#8221;https:\/\/www.llcg-avocats.com\/en\/contact\/&#8221; button_text=&#8221;Contact us&#8221; _builder_version=&#8221;4.0.6&#8243; custom_button=&#8221;on&#8221; button_text_size=&#8221;15px&#8221; button_text_color=&#8221;#ffffff&#8221; button_border_width=&#8221;1px&#8221; button_border_color=&#8221;#ffffff&#8221;][\/et_pb_button][\/et_pb_column][\/et_pb_row][\/et_pb_section][et_pb_section fb_built=&#8221;1&#8243; _builder_version=&#8221;4.0.6&#8243;][et_pb_row _builder_version=&#8221;4.0.6&#8243; custom_padding=&#8221;1px||0px|||&#8221; locked=&#8221;off&#8221;][et_pb_column type=&#8221;4_4&#8243; _builder_version=&#8221;4.0.6&#8243;][et_pb_image src=&#8221;https:\/\/www.llcg-avocats.com\/wp-content\/uploads\/2020\/03\/droit-auteur-propriete-litteraire-artistique-2.png&#8221; align=&#8221;center&#8221; _builder_version=&#8221;4.4.0&#8243; custom_margin=&#8221;20px||||false|false&#8221; custom_padding=&#8221;4px||||false|false&#8221; animation_style=&#8221;fade&#8221; border_radii=&#8221;on|80px|80px|80px|80px&#8221; box_shadow_style=&#8221;preset1&#8243; box_shadow_vertical=&#8221;10px&#8221; box_shadow_blur=&#8221;80px&#8221; box_shadow_spread=&#8221;-10px&#8221; box_shadow_color=&#8221;rgba(44,54,92,0.2)&#8221; locked=&#8221;off&#8221;][\/et_pb_image][et_pb_text _builder_version=&#8221;4.0.6&#8243; text_font=&#8221;|300|||||||&#8221; text_font_size=&#8221;15px&#8221; header_font=&#8221;||||||||&#8221; header_text_align=&#8221;left&#8221; header_2_font=&#8221;|600|||||||&#8221; header_2_text_align=&#8221;left&#8221; text_orientation=&#8221;center&#8221; custom_margin=&#8221;|-2px||||&#8221;]<\/p>\n<h2 style=\"text-align: center;\"><span>What is copyright?<\/span><\/h2>\n<p>[\/et_pb_text][\/et_pb_column][\/et_pb_row][et_pb_row _builder_version=&#8221;4.0.6&#8243;][et_pb_column type=&#8221;4_4&#8243; _builder_version=&#8221;4.0.6&#8243;][et_pb_text _builder_version=&#8221;4.0.6&#8243; text_font=&#8221;|300|||||||&#8221; text_font_size=&#8221;14px&#8221; text_line_height=&#8221;1.5em&#8221;]<\/p>\n<p>Protecting copyright, determining its scope, ensuring that it is respected by representing plaintiffs and defendants in court, is a fundamental and central duty assumed by LEGRAND LESAGE-CATEL lawyers.<\/p>\n<h2>Advisory Services<\/h2>\n<p>Works of the mind take many forms, be they novels, music, songs, drawings or designs, photographs, pictures, the plastic arts, Facebook pages, YouTube tracks, staged work, fashion creations or any other form of the creative arts. Their makers stand to benefit from the services of LEGRAND LESAGE-CATEL lawyers able to advise on issues of protection under droit d\u2019auteur.<\/p>\n<p>We are also advise on ownership and other issues arising when collective, commissioned, advertising or creative work is performed by those under contract to an employer.<\/p>\n<p>Advice is also available regarding the formal procedures necessary to establish safe legal entitlement.<\/p>\n<p>LEGRAND LESAGE-CATEL negotiates and drafts contracts with publishers, producers, employers, advertising and communication agencies, under the rules of the French Code of Intellectual Property governing the material form of the copyright assigned, the time and geographical scope of assignment of rights, financial compensation (flat rate or proportional), and the right, whether moral or not, of a named artist to respect for his or her work.<\/p>\n<p>Similarly, licensing terms, the assignment of rights, the payment of fees and issues of the performance or failure to perform obligations, are covered by specific clauses under droit d\u2019auteur contracts executed to pre-empt litigation or provide protection against potential legal challenge.<\/p>\n<p>In cross-border litigation, LEGRAND LESAGE-CATEL relies on rights established by international agreement and by the provisions of European Union law<\/p>\n<h2>Litigation<\/h2>\n<p>Litigation mainly involves infringement lawsuits in which LEGRAND LESAGE-CATEL lawyers represent and assist clients both as plaintiffs and defendants.<\/p>\n<p>In support of plaintiffs, specialist lawyers check for the existence of and entitlement to copyright by determining the extent to which the work concerned is original. Preliminary processes such as court-ordered confiscations and the commissioning of evidential reports from Bailiffs are set in train. Once writs are served, lawyers acting in accordance with due process make evidence-backed submissions with a view to rulings on the merits, and may seek injunctions to acquire new evidence of the scale of infringement and prejudice suffered.<\/p>\n<p>In support of defendants, LEGRAND LESAGE-CATEL seeks grounds for the voidance or inadmissibility of the legal action raised (absence of entitlement to copyright, statute of limitations, exceptions of parody, rights to private copying, loss of rights under EU law \u2026). Our lawyers make searches of prior artistic output to dispute the claimed originality of artworks and by providing evidence of prior art, challenge claims of prejudice suffered by way of allegations of copyright infringement shown to be void of substance.<\/p>\n<p>The settlement of these issues relies on the considerations arising from complex legal enactments and fast-changing case law, where legal precedents are offset by the provisions of the European Convention on the Protection of Human Rights (rule of proportionality).<\/p>\n<p>The many rulings successfully sought from the specialist panels of the lower and appeal courts testify to the depth of professionalism of LEGRAND LESAGE-CATEL lawyers who also exercise their skills in mediation and arbitration proceedings.<\/p>\n<p>[\/et_pb_text][\/et_pb_column][\/et_pb_row][\/et_pb_section][et_pb_section fb_built=&#8221;1&#8243; custom_padding_last_edited=&#8221;on|desktop&#8221; module_id=&#8221;footer&#8221; _builder_version=&#8221;4.0.6&#8243; background_color=&#8221;#ffffff&#8221; background_enable_image=&#8221;off&#8221; parallax=&#8221;on&#8221; parallax_method=&#8221;off&#8221; custom_padding_tablet=&#8221;50px|0|50px|0&#8243; custom_padding_phone=&#8221;&#8221; box_shadow_style=&#8221;preset1&#8243; box_shadow_blur=&#8221;75px&#8221; box_shadow_color=&#8221;rgba(8,87,114,0.17)&#8221; transparent_background=&#8221;off&#8221; padding_mobile=&#8221;off&#8221; saved_tabs=&#8221;all&#8221;][et_pb_row column_structure=&#8221;1_4,1_4,1_4,1_4&#8243; _builder_version=&#8221;3.25&#8243; background_size=&#8221;initial&#8221; background_position=&#8221;top_left&#8221; background_repeat=&#8221;repeat&#8221;][et_pb_column type=&#8221;1_4&#8243; _builder_version=&#8221;3.25&#8243; custom_padding=&#8221;|||&#8221; custom_padding__hover=&#8221;|||&#8221;][et_pb_image src=&#8221;https:\/\/www.llcg-avocats.com\/wp-content\/uploads\/2019\/11\/llcg-avocats.png&#8221; _builder_version=&#8221;4.0.4&#8243;][\/et_pb_image][\/et_pb_column][et_pb_column type=&#8221;1_4&#8243; _builder_version=&#8221;3.25&#8243; custom_padding=&#8221;|||&#8221; custom_padding__hover=&#8221;|||&#8221;][et_pb_text _builder_version=&#8221;4.0.6&#8243; text_text_color=&#8221;#085772&#8243; text_font_size=&#8221;14px&#8221; link_text_color=&#8221;#085772&#8243; header_4_font=&#8221;|700||on|||||&#8221; header_4_text_color=&#8221;#085772&#8243; header_4_font_size=&#8221;23px&#8221; header_4_line_height=&#8221;2em&#8221; background_size=&#8221;initial&#8221; background_position=&#8221;top_left&#8221; background_repeat=&#8221;repeat&#8221; background_layout=&#8221;dark&#8221; use_border_color=&#8221;off&#8221; border_color=&#8221;#ffffff&#8221; border_style=&#8221;solid&#8221;]<\/p>\n<p style=\"font-size: 17px; line-height: 40px; text-transform: uppercase; font-weight: bold;\">Fields of expertise<\/p>\n<ul>\n<li><a href=\"https:\/\/www.llcg-avocats.com\/en\/internet-technology-law\/\">Law on Electronic Technology and Internet<\/a><\/li>\n<li><a href=\"https:\/\/www.llcg-avocats.com\/en\/art-market\/\">Art market<\/a><\/li>\n<li><a href=\"https:\/\/www.llcg-avocats.com\/en\/industrial-property\/\">Industrial property<\/a><\/li>\n<li><a href=\"https:\/\/www.llcg-avocats.com\/en\/unfair-and-parasitic-competition\/\">Unfair and parasitical competition<\/a><\/li>\n<li><a href=\"https:\/\/www.llcg-avocats.com\/en\/criminal-law-customs-law\/\">Criminal and customs law<\/a><\/li>\n<\/ul>\n<p>[\/et_pb_text][\/et_pb_column][et_pb_column type=&#8221;1_4&#8243; _builder_version=&#8221;3.25&#8243; custom_padding=&#8221;|||&#8221; custom_padding__hover=&#8221;|||&#8221;][et_pb_text _builder_version=&#8221;4.0.6&#8243; text_text_color=&#8221;#085772&#8243; text_font_size=&#8221;14px&#8221; link_text_color=&#8221;#085772&#8243; header_4_font=&#8221;|600||on|||||&#8221; header_4_text_color=&#8221;#085772&#8243; header_4_line_height=&#8221;2em&#8221; background_size=&#8221;initial&#8221; background_position=&#8221;top_left&#8221; background_repeat=&#8221;repeat&#8221; background_layout=&#8221;dark&#8221; use_border_color=&#8221;off&#8221; border_color=&#8221;#ffffff&#8221; border_style=&#8221;solid&#8221;]<\/p>\n<p style=\"font-size: 17px; line-height: 40px; text-transform: uppercase; font-weight: bold;\">About us<\/p>\n<ul>\n<li><a href=\"https:\/\/www.llcg-avocats.com\/en\/law-firm-paris\/\">Who are we?<\/a><\/li>\n<li><a href=\"https:\/\/www.llcg-avocats.com\/en\/partners\/\">Professionnal associates<\/a><\/li>\n<li><a href=\"https:\/\/www.llcg-avocats.com\/en\/fees\/\">Fees<\/a><\/li>\n<li><a href=\"https:\/\/www.llcg-avocats.com\/en\/assistants\/\">Assistants<\/a><\/li>\n<\/ul>\n<p>[\/et_pb_text][\/et_pb_column][et_pb_column type=&#8221;1_4&#8243; _builder_version=&#8221;3.25&#8243; custom_padding=&#8221;|||&#8221; custom_padding__hover=&#8221;|||&#8221;][et_pb_text _builder_version=&#8221;4.0.6&#8243; text_text_color=&#8221;#085772&#8243; text_font_size=&#8221;14px&#8221; header_4_font=&#8221;|600||on|||||&#8221; header_4_text_color=&#8221;#085772&#8243; header_4_line_height=&#8221;2em&#8221; background_size=&#8221;initial&#8221; background_position=&#8221;top_left&#8221; background_repeat=&#8221;repeat&#8221; background_layout=&#8221;dark&#8221; use_border_color=&#8221;off&#8221; border_color=&#8221;#ffffff&#8221; border_style=&#8221;solid&#8221;]<\/p>\n<p style=\"font-size: 17px; line-height: 40px; text-transform: uppercase; font-weight: bold;\">Contact us<\/p>\n<p>170, boulevard Haussmann 75008 Paris<br \/> Palais D1104<br \/> Tel. +33.1.53.77.66.70<br \/> Fax +33.1.53.77.66.75<br \/> info@llcg-avocats.com<\/p>\n<p>[\/et_pb_text][\/et_pb_column][\/et_pb_row][\/et_pb_section][et_pb_section fb_built=&#8221;1&#8243; _builder_version=&#8221;4.0.4&#8243; background_color=&#8221;#014b63&#8243; custom_margin=&#8221;0px|0px|0px|0px&#8221; custom_padding=&#8221;0px|0px|0px|0px&#8221;][et_pb_row _builder_version=&#8221;3.25&#8243; background_size=&#8221;initial&#8221; background_position=&#8221;top_left&#8221; background_repeat=&#8221;repeat&#8221;][et_pb_column type=&#8221;4_4&#8243; _builder_version=&#8221;3.25&#8243; custom_padding=&#8221;|||&#8221; custom_padding__hover=&#8221;|||&#8221;][et_pb_text _builder_version=&#8221;4.0.6&#8243; text_orientation=&#8221;center&#8221;]<\/p>\n<p><span style=\"color: #ffffff;\">Copyright \u00a92020 &#8211; LLCG Avocats | <a style=\"color: #ffffff;\" href=\"https:\/\/www.llcg-avocats.com\/cookies\/\">Cookies<\/a> | <a style=\"color: #ffffff;\" href=\"https:\/\/www.llcg-avocats.com\/politique-de-confidentialite\/\">Privacy policy<\/a>\u00a0| <a style=\"color: #ffffff;\" href=\"https:\/\/www.llcg-avocats.com\/en\/legal-informations\/\">Legal informations<\/a><\/span><\/p>\n<p>[\/et_pb_text][\/et_pb_column][\/et_pb_row][\/et_pb_section]<\/p>\n","protected":false},"excerpt":{"rendered":"<p>Copyright and Droit d&#8217;auteurWhat is copyright?Protecting copyright, determining its scope, ensuring that it is respected by representing plaintiffs and defendants in court, is a fundamental and central duty assumed by LEGRAND LESAGE-CATEL lawyers. Advisory Services Works of the mind take many forms, be they novels, music, songs, drawings or designs, photographs, pictures, the plastic arts, [&hellip;]<\/p>\n","protected":false},"author":1,"featured_media":0,"parent":179,"menu_order":0,"comment_status":"closed","ping_status":"closed","template":"","meta":{"_et_pb_use_builder":"on","_et_pb_old_content":"","_et_gb_content_width":"","footnotes":""},"class_list":["post-866","page","type-page","status-publish","hentry"],"yoast_head":"<!-- This site is optimized with the Yoast SEO plugin v27.4 - https:\/\/yoast.com\/product\/yoast-seo-wordpress\/ -->\n<title>Copyright lawyers | Legrand Lesage-Catel Gaultier<\/title>\n<meta name=\"description\" content=\"Intellectual property law specialist, Legrand Lesage-Catel Gaultier law office assists you for the assessment and defense of your copyright\" \/>\n<meta name=\"robots\" content=\"index, follow, max-snippet:-1, max-image-preview:large, max-video-preview:-1\" \/>\n<link rel=\"canonical\" href=\"https:\/\/www.llcg-avocats.com\/en\/intellectual-property-law\/copyright-law\/\" \/>\n<meta property=\"og:locale\" content=\"en_US\" \/>\n<meta property=\"og:type\" content=\"article\" \/>\n<meta property=\"og:title\" content=\"Copyright lawyers | Legrand Lesage-Catel Gaultier\" \/>\n<meta property=\"og:description\" content=\"Intellectual property law specialist, Legrand Lesage-Catel Gaultier law office assists you for the assessment and defense of your copyright\" \/>\n<meta property=\"og:url\" content=\"https:\/\/www.llcg-avocats.com\/en\/intellectual-property-law\/copyright-law\/\" \/>\n<meta property=\"og:site_name\" content=\"Avocats propri\u00e9t\u00e9 intellectuelle \u00e0 Paris\" \/>\n<meta property=\"article:modified_time\" content=\"2021-05-09T12:40:25+00:00\" \/>\n<meta name=\"twitter:card\" content=\"summary_large_image\" \/>\n<meta name=\"twitter:label1\" content=\"Est. reading time\" \/>\n\t<meta name=\"twitter:data1\" content=\"6 minutes\" \/>\n<script type=\"application\/ld+json\" class=\"yoast-schema-graph\">{\"@context\":\"https:\\\/\\\/schema.org\",\"@graph\":[{\"@type\":\"WebPage\",\"@id\":\"https:\\\/\\\/www.llcg-avocats.com\\\/en\\\/intellectual-property-law\\\/copyright-law\\\/\",\"url\":\"https:\\\/\\\/www.llcg-avocats.com\\\/en\\\/intellectual-property-law\\\/copyright-law\\\/\",\"name\":\"Copyright lawyers | Legrand Lesage-Catel Gaultier\",\"isPartOf\":{\"@id\":\"https:\\\/\\\/www.llcg-avocats.com\\\/en\\\/#website\"},\"datePublished\":\"2016-05-30T10:36:51+00:00\",\"dateModified\":\"2021-05-09T12:40:25+00:00\",\"description\":\"Intellectual property law specialist, Legrand Lesage-Catel Gaultier law office assists you for the assessment and defense of your copyright\",\"breadcrumb\":{\"@id\":\"https:\\\/\\\/www.llcg-avocats.com\\\/en\\\/intellectual-property-law\\\/copyright-law\\\/#breadcrumb\"},\"inLanguage\":\"en-US\",\"potentialAction\":[{\"@type\":\"ReadAction\",\"target\":[\"https:\\\/\\\/www.llcg-avocats.com\\\/en\\\/intellectual-property-law\\\/copyright-law\\\/\"]}]},{\"@type\":\"BreadcrumbList\",\"@id\":\"https:\\\/\\\/www.llcg-avocats.com\\\/en\\\/intellectual-property-law\\\/copyright-law\\\/#breadcrumb\",\"itemListElement\":[{\"@type\":\"ListItem\",\"position\":1,\"name\":\"Accueil\",\"item\":\"https:\\\/\\\/www.llcg-avocats.com\\\/en\\\/\"},{\"@type\":\"ListItem\",\"position\":2,\"name\":\"PROPRI\u00c9T\u00c9 LITT\u00c9RAIRE ET ARTISTIQUE\",\"item\":\"https:\\\/\\\/www.llcg-avocats.com\\\/en\\\/intellectual-property-law\\\/\"},{\"@type\":\"ListItem\",\"position\":3,\"name\":\"DROIT D&#8217;AUTEUR\"}]},{\"@type\":\"WebSite\",\"@id\":\"https:\\\/\\\/www.llcg-avocats.com\\\/en\\\/#website\",\"url\":\"https:\\\/\\\/www.llcg-avocats.com\\\/en\\\/\",\"name\":\"Avocats propri\u00e9t\u00e9 intellectuelle \u00e0 Paris\",\"description\":\"Legrand Lesage-Catel Gaultier\",\"potentialAction\":[{\"@type\":\"SearchAction\",\"target\":{\"@type\":\"EntryPoint\",\"urlTemplate\":\"https:\\\/\\\/www.llcg-avocats.com\\\/en\\\/?s={search_term_string}\"},\"query-input\":{\"@type\":\"PropertyValueSpecification\",\"valueRequired\":true,\"valueName\":\"search_term_string\"}}],\"inLanguage\":\"en-US\"}]}<\/script>\n<!-- \/ Yoast SEO plugin. -->","yoast_head_json":{"title":"Copyright lawyers | Legrand Lesage-Catel Gaultier","description":"Intellectual property law specialist, Legrand Lesage-Catel Gaultier law office assists you for the assessment and defense of your copyright","robots":{"index":"index","follow":"follow","max-snippet":"max-snippet:-1","max-image-preview":"max-image-preview:large","max-video-preview":"max-video-preview:-1"},"canonical":"https:\/\/www.llcg-avocats.com\/en\/intellectual-property-law\/copyright-law\/","og_locale":"en_US","og_type":"article","og_title":"Copyright lawyers | Legrand Lesage-Catel Gaultier","og_description":"Intellectual property law specialist, Legrand Lesage-Catel Gaultier law office assists you for the assessment and defense of your copyright","og_url":"https:\/\/www.llcg-avocats.com\/en\/intellectual-property-law\/copyright-law\/","og_site_name":"Avocats propri\u00e9t\u00e9 intellectuelle \u00e0 Paris","article_modified_time":"2021-05-09T12:40:25+00:00","twitter_card":"summary_large_image","twitter_misc":{"Est. reading time":"6 minutes"},"schema":{"@context":"https:\/\/schema.org","@graph":[{"@type":"WebPage","@id":"https:\/\/www.llcg-avocats.com\/en\/intellectual-property-law\/copyright-law\/","url":"https:\/\/www.llcg-avocats.com\/en\/intellectual-property-law\/copyright-law\/","name":"Copyright lawyers | Legrand Lesage-Catel Gaultier","isPartOf":{"@id":"https:\/\/www.llcg-avocats.com\/en\/#website"},"datePublished":"2016-05-30T10:36:51+00:00","dateModified":"2021-05-09T12:40:25+00:00","description":"Intellectual property law specialist, Legrand Lesage-Catel Gaultier law office assists you for the assessment and defense of your copyright","breadcrumb":{"@id":"https:\/\/www.llcg-avocats.com\/en\/intellectual-property-law\/copyright-law\/#breadcrumb"},"inLanguage":"en-US","potentialAction":[{"@type":"ReadAction","target":["https:\/\/www.llcg-avocats.com\/en\/intellectual-property-law\/copyright-law\/"]}]},{"@type":"BreadcrumbList","@id":"https:\/\/www.llcg-avocats.com\/en\/intellectual-property-law\/copyright-law\/#breadcrumb","itemListElement":[{"@type":"ListItem","position":1,"name":"Accueil","item":"https:\/\/www.llcg-avocats.com\/en\/"},{"@type":"ListItem","position":2,"name":"PROPRI\u00c9T\u00c9 LITT\u00c9RAIRE ET ARTISTIQUE","item":"https:\/\/www.llcg-avocats.com\/en\/intellectual-property-law\/"},{"@type":"ListItem","position":3,"name":"DROIT D&#8217;AUTEUR"}]},{"@type":"WebSite","@id":"https:\/\/www.llcg-avocats.com\/en\/#website","url":"https:\/\/www.llcg-avocats.com\/en\/","name":"Avocats propri\u00e9t\u00e9 intellectuelle \u00e0 Paris","description":"Legrand Lesage-Catel Gaultier","potentialAction":[{"@type":"SearchAction","target":{"@type":"EntryPoint","urlTemplate":"https:\/\/www.llcg-avocats.com\/en\/?s={search_term_string}"},"query-input":{"@type":"PropertyValueSpecification","valueRequired":true,"valueName":"search_term_string"}}],"inLanguage":"en-US"}]}},"_links":{"self":[{"href":"https:\/\/www.llcg-avocats.com\/en\/wp-json\/wp\/v2\/pages\/866","targetHints":{"allow":["GET"]}}],"collection":[{"href":"https:\/\/www.llcg-avocats.com\/en\/wp-json\/wp\/v2\/pages"}],"about":[{"href":"https:\/\/www.llcg-avocats.com\/en\/wp-json\/wp\/v2\/types\/page"}],"author":[{"embeddable":true,"href":"https:\/\/www.llcg-avocats.com\/en\/wp-json\/wp\/v2\/users\/1"}],"replies":[{"embeddable":true,"href":"https:\/\/www.llcg-avocats.com\/en\/wp-json\/wp\/v2\/comments?post=866"}],"version-history":[{"count":10,"href":"https:\/\/www.llcg-avocats.com\/en\/wp-json\/wp\/v2\/pages\/866\/revisions"}],"predecessor-version":[{"id":4264,"href":"https:\/\/www.llcg-avocats.com\/en\/wp-json\/wp\/v2\/pages\/866\/revisions\/4264"}],"up":[{"embeddable":true,"href":"https:\/\/www.llcg-avocats.com\/en\/wp-json\/wp\/v2\/pages\/179"}],"wp:attachment":[{"href":"https:\/\/www.llcg-avocats.com\/en\/wp-json\/wp\/v2\/media?parent=866"}],"curies":[{"name":"wp","href":"https:\/\/api.w.org\/{rel}","templated":true}]}}