{"id":872,"date":"2016-05-30T12:38:25","date_gmt":"2016-05-30T10:38:25","guid":{"rendered":"https:\/\/llcg.trafic-influence.net\/en\/droits-personnalite-image\/"},"modified":"2021-05-09T14:43:06","modified_gmt":"2021-05-09T12:43:06","slug":"personality-and-image-rights","status":"publish","type":"page","link":"https:\/\/www.llcg-avocats.com\/en\/intellectual-property-law\/personality-and-image-rights\/","title":{"rendered":"DROITS DE LA PERSONNALIT\u00c9 ET DROIT \u00c0 L&#8217;IMAGE"},"content":{"rendered":"<p>[et_pb_section fb_built=&#8221;1&#8243; _builder_version=&#8221;4.6.1&#8243; background_enable_color=&#8221;off&#8221; background_image=&#8221;https:\/\/www.llcg-avocats.com\/wp-content\/uploads\/2016\/05\/vie-prive-llcg-4.jpg&#8221;][et_pb_row column_structure=&#8221;3_4,1_4&#8243; _builder_version=&#8221;4.0.6&#8243;][et_pb_column type=&#8221;3_4&#8243; _builder_version=&#8221;4.0.6&#8243;][et_pb_text _builder_version=&#8221;4.0.6&#8243; header_font=&#8221;|600|||||||&#8221; header_text_color=&#8221;#ffffff&#8221; header_font_size=&#8221;40px&#8221; header_font_size_tablet=&#8221;&#8221; header_font_size_phone=&#8221;27px&#8221; header_font_size_last_edited=&#8221;on|phone&#8221;]<\/p>\n<h1>Rights to personality and rights to image<\/h1>\n<p>[\/et_pb_text][\/et_pb_column][et_pb_column type=&#8221;1_4&#8243; _builder_version=&#8221;4.0.6&#8243;][et_pb_button button_url=&#8221;https:\/\/www.llcg-avocats.com\/en\/contact\/&#8221; button_text=&#8221;Contact us&#8221; _builder_version=&#8221;4.0.6&#8243; custom_button=&#8221;on&#8221; button_text_size=&#8221;15px&#8221; button_text_color=&#8221;#ffffff&#8221; button_border_width=&#8221;1px&#8221; button_border_color=&#8221;#ffffff&#8221;][\/et_pb_button][\/et_pb_column][\/et_pb_row][\/et_pb_section][et_pb_section fb_built=&#8221;1&#8243; _builder_version=&#8221;4.0.6&#8243;][et_pb_row _builder_version=&#8221;4.0.6&#8243; custom_padding=&#8221;||0px|||&#8221; locked=&#8221;off&#8221;][et_pb_column type=&#8221;4_4&#8243; _builder_version=&#8221;4.0.6&#8243;][et_pb_image src=&#8221;https:\/\/www.llcg-avocats.com\/wp-content\/uploads\/2020\/03\/droit-personalite-image.png&#8221; align=&#8221;center&#8221; _builder_version=&#8221;4.4.0&#8243; custom_margin=&#8221;20px||||false|false&#8221; custom_padding=&#8221;4px||||false|false&#8221; animation_style=&#8221;fade&#8221; border_radii=&#8221;on|80px|80px|80px|80px&#8221; box_shadow_style=&#8221;preset1&#8243; box_shadow_vertical=&#8221;10px&#8221; box_shadow_blur=&#8221;80px&#8221; box_shadow_spread=&#8221;-10px&#8221; box_shadow_color=&#8221;rgba(44,54,92,0.2)&#8221; locked=&#8221;off&#8221;][\/et_pb_image][et_pb_text _builder_version=&#8221;4.0.6&#8243; text_font=&#8221;|300|||||||&#8221; text_font_size=&#8221;15px&#8221; header_2_font=&#8221;|600|||||||&#8221; text_orientation=&#8221;center&#8221;]<\/p>\n<h2>Advice on personality and image rights<\/h2>\n<p>[\/et_pb_text][\/et_pb_column][\/et_pb_row][et_pb_row _builder_version=&#8221;4.0.6&#8243;][et_pb_column type=&#8221;4_4&#8243; _builder_version=&#8221;4.0.6&#8243;][et_pb_text _builder_version=&#8221;4.0.6&#8243; text_font=&#8221;|300|||||||&#8221; text_font_size=&#8221;14px&#8221; text_line_height=&#8221;1.5em&#8221;]<\/p>\n<p>The right to image is an attribute of personality and is protected under Article 9 of the French Civil Code and Article 8 of the European Convention of Human Rights (ECHR).<\/p>\n<p>Non-one is authorised to disclose or exploit an image of any person without their agreement.<br \/>LEGRAND LESAGE-CATEL lawyers act as advisers and litigators in lawsuits reliant on the principle of respect for personality, while seeking degrees of contractual freedom moderated by the rules of proportionality (measures suited to a given purpose).<\/p>\n<h2>Advisory Services<\/h2>\n<p>Our advice relates to contracts governing the assignation and exploitation of rights to images. Applicable law is that of the advertising industry, as it extends to publishing, broadcasting and other audiovisual media.<\/p>\n<p>Images of children, adults, professional models, or holidaymakers in leisure environments, raise specific issues that require a specialist lawyer to draft suitable contractual clauses. What constraints on the use of personal images in book illustrations, television broadcasting, poster advertising campaigns and catalogues? What authorisations are needed for the use of images? In what wording?<\/p>\n<p>Specialist lawyers are aware of the exceptions, conditions and limitations placed upon the right to press freedom of information. They are aware of the issues raised by images captured by video-surveillance and other security systems, and of the possible effects of the identification or failure to identify the persons so represented \u2026<\/p>\n<h2>Litigation<\/h2>\n<p>Many law suits relate to the use of personal images in the information and advertising fields.<\/p>\n<p>LEGRAND LESAGE-CATEL lawyers intervened for example in the \u201cBrazil\u201d campaign for a major sugar group where the court ruled that it was impossible to identify a Brazilian dancer shown on sugar cube packaging. The same principle prevailed when applied to photographs in travel brochures.<\/p>\n<p>Rulings sought in other lawsuits have been grounded in the extensiveness of the rights to images assigned away under contract, notably involving agencies and their models, whose images past and present illustrate products and services in the luxury goods, wines and spirits industries, including among others, a celebrated brand of port \u2026<\/p>\n<p>Prejudice suffered if any is assessed by criteria other than those of the French Code of Intellectual Property. The same applies to measures of redress.<\/p>\n<p>Liability is often sought against communication and advertising agencies, as also against those having unlawfully disclosed and then published \u201cstolen\u201d photos.<\/p>\n<p>The rights of the press are also at issue. Hence the need to circumscribe the right to freedom of information, and strike the right balance between public\/private life. Can the image of the deceased be published, no matter that the photo was taken at a private family moment, provided that the deceased was a recognized figure in the public eye? What about a princess sunbathing topless in a private villa? Or a President of the French Republic on private vacation at Fort de Br\u00e9gan\u00e7on? Should faces of children be blurred? If so, what about visual recognition of those presumed innocent until found guilty? There is ample case law, with which specialist lawyers are familiar.<\/p>\n<p>Disputes over rights to image are often a matter for negotiation and mediation, either at the behest of the courts and\/or on the direct initiative of LEGRAND LESAGE-CATEL specialist lawyers.<\/p>\n<p>[\/et_pb_text][\/et_pb_column][\/et_pb_row][\/et_pb_section][et_pb_section fb_built=&#8221;1&#8243; custom_padding_last_edited=&#8221;on|desktop&#8221; module_id=&#8221;footer&#8221; _builder_version=&#8221;4.0.6&#8243; background_color=&#8221;#ffffff&#8221; background_enable_image=&#8221;off&#8221; parallax=&#8221;on&#8221; parallax_method=&#8221;off&#8221; custom_padding_tablet=&#8221;50px|0|50px|0&#8243; custom_padding_phone=&#8221;&#8221; box_shadow_style=&#8221;preset1&#8243; box_shadow_blur=&#8221;75px&#8221; box_shadow_color=&#8221;rgba(8,87,114,0.17)&#8221; transparent_background=&#8221;off&#8221; padding_mobile=&#8221;off&#8221; saved_tabs=&#8221;all&#8221;][et_pb_row column_structure=&#8221;1_4,1_4,1_4,1_4&#8243; _builder_version=&#8221;3.25&#8243; background_size=&#8221;initial&#8221; background_position=&#8221;top_left&#8221; background_repeat=&#8221;repeat&#8221;][et_pb_column type=&#8221;1_4&#8243; _builder_version=&#8221;3.25&#8243; custom_padding=&#8221;|||&#8221; custom_padding__hover=&#8221;|||&#8221;][et_pb_image src=&#8221;https:\/\/www.llcg-avocats.com\/wp-content\/uploads\/2019\/11\/llcg-avocats.png&#8221; _builder_version=&#8221;4.0.4&#8243;][\/et_pb_image][\/et_pb_column][et_pb_column type=&#8221;1_4&#8243; _builder_version=&#8221;3.25&#8243; custom_padding=&#8221;|||&#8221; custom_padding__hover=&#8221;|||&#8221;][et_pb_text _builder_version=&#8221;4.0.6&#8243; text_text_color=&#8221;#085772&#8243; text_font_size=&#8221;14px&#8221; link_text_color=&#8221;#085772&#8243; header_4_font=&#8221;|700||on|||||&#8221; header_4_text_color=&#8221;#085772&#8243; header_4_font_size=&#8221;23px&#8221; header_4_line_height=&#8221;2em&#8221; background_size=&#8221;initial&#8221; background_position=&#8221;top_left&#8221; background_repeat=&#8221;repeat&#8221; background_layout=&#8221;dark&#8221; use_border_color=&#8221;off&#8221; border_color=&#8221;#ffffff&#8221; border_style=&#8221;solid&#8221;]<\/p>\n<p style=\"font-size: 17px; line-height: 40px; text-transform: uppercase; font-weight: bold;\">Fields of expertise<\/p>\n<ul>\n<li><a href=\"https:\/\/www.llcg-avocats.com\/en\/internet-technology-law\/\">Law on Electronic Technology and Internet<\/a><\/li>\n<li><a href=\"https:\/\/www.llcg-avocats.com\/en\/art-market\/\">Art market<\/a><\/li>\n<li><a href=\"https:\/\/www.llcg-avocats.com\/en\/industrial-property\/\">Industrial property<\/a><\/li>\n<li><a href=\"https:\/\/www.llcg-avocats.com\/en\/unfair-and-parasitic-competition\/\">Unfair and parasitical competition<\/a><\/li>\n<li><a href=\"https:\/\/www.llcg-avocats.com\/en\/criminal-law-customs-law\/\">Criminal and customs law<\/a><\/li>\n<\/ul>\n<p>[\/et_pb_text][\/et_pb_column][et_pb_column type=&#8221;1_4&#8243; _builder_version=&#8221;3.25&#8243; custom_padding=&#8221;|||&#8221; custom_padding__hover=&#8221;|||&#8221;][et_pb_text _builder_version=&#8221;4.0.6&#8243; text_text_color=&#8221;#085772&#8243; text_font_size=&#8221;14px&#8221; link_text_color=&#8221;#085772&#8243; header_4_font=&#8221;|600||on|||||&#8221; header_4_text_color=&#8221;#085772&#8243; header_4_line_height=&#8221;2em&#8221; background_size=&#8221;initial&#8221; background_position=&#8221;top_left&#8221; background_repeat=&#8221;repeat&#8221; background_layout=&#8221;dark&#8221; use_border_color=&#8221;off&#8221; border_color=&#8221;#ffffff&#8221; border_style=&#8221;solid&#8221;]<\/p>\n<p style=\"font-size: 17px; line-height: 40px; text-transform: uppercase; font-weight: bold;\">About us<\/p>\n<ul>\n<li><a href=\"https:\/\/www.llcg-avocats.com\/en\/law-firm-paris\/\">Who are we?<\/a><\/li>\n<li><a href=\"https:\/\/www.llcg-avocats.com\/en\/partners\/\">Professionnal associates<\/a><\/li>\n<li><a href=\"https:\/\/www.llcg-avocats.com\/en\/fees\/\">Fees<\/a><\/li>\n<li><a href=\"https:\/\/www.llcg-avocats.com\/en\/assistants\/\">Assistants<\/a><\/li>\n<\/ul>\n<p>[\/et_pb_text][\/et_pb_column][et_pb_column type=&#8221;1_4&#8243; _builder_version=&#8221;3.25&#8243; custom_padding=&#8221;|||&#8221; custom_padding__hover=&#8221;|||&#8221;][et_pb_text _builder_version=&#8221;4.0.6&#8243; text_text_color=&#8221;#085772&#8243; text_font_size=&#8221;14px&#8221; header_4_font=&#8221;|600||on|||||&#8221; header_4_text_color=&#8221;#085772&#8243; header_4_line_height=&#8221;2em&#8221; background_size=&#8221;initial&#8221; background_position=&#8221;top_left&#8221; background_repeat=&#8221;repeat&#8221; background_layout=&#8221;dark&#8221; use_border_color=&#8221;off&#8221; border_color=&#8221;#ffffff&#8221; border_style=&#8221;solid&#8221;]<\/p>\n<p style=\"font-size: 17px; line-height: 40px; text-transform: uppercase; font-weight: bold;\">Contact us<\/p>\n<p>170, boulevard Haussmann 75008 Paris<br \/> Palais D1104<br \/> Tel. +33.1.53.77.66.70<br \/> Fax +33.1.53.77.66.75<br \/> info@llcg-avocats.com<\/p>\n<p>[\/et_pb_text][\/et_pb_column][\/et_pb_row][\/et_pb_section][et_pb_section fb_built=&#8221;1&#8243; _builder_version=&#8221;4.0.4&#8243; background_color=&#8221;#014b63&#8243; custom_margin=&#8221;0px|0px|0px|0px&#8221; custom_padding=&#8221;0px|0px|0px|0px&#8221;][et_pb_row _builder_version=&#8221;3.25&#8243; background_size=&#8221;initial&#8221; background_position=&#8221;top_left&#8221; background_repeat=&#8221;repeat&#8221;][et_pb_column type=&#8221;4_4&#8243; _builder_version=&#8221;3.25&#8243; custom_padding=&#8221;|||&#8221; custom_padding__hover=&#8221;|||&#8221;][et_pb_text _builder_version=&#8221;4.0.6&#8243; text_orientation=&#8221;center&#8221;]<\/p>\n<p><span style=\"color: #ffffff;\">Copyright \u00a92020 &#8211; LLCG Avocats | <a style=\"color: #ffffff;\" href=\"https:\/\/www.llcg-avocats.com\/cookies\/\">Cookies<\/a> | <a style=\"color: #ffffff;\" href=\"https:\/\/www.llcg-avocats.com\/politique-de-confidentialite\/\">Privacy policy<\/a>\u00a0| <a style=\"color: #ffffff;\" href=\"https:\/\/www.llcg-avocats.com\/en\/legal-informations\/\">Legal informations<\/a><\/span><\/p>\n<p>[\/et_pb_text][\/et_pb_column][\/et_pb_row][\/et_pb_section]<\/p>\n","protected":false},"excerpt":{"rendered":"<p>Rights to personality and rights to imageAdvice on personality and image rightsThe right to image is an attribute of personality and is protected under Article 9 of the French Civil Code and Article 8 of the European Convention of Human Rights (ECHR). Non-one is authorised to disclose or exploit an image of any person without [&hellip;]<\/p>\n","protected":false},"author":1,"featured_media":0,"parent":179,"menu_order":0,"comment_status":"closed","ping_status":"closed","template":"","meta":{"_et_pb_use_builder":"on","_et_pb_old_content":"","_et_gb_content_width":"","footnotes":""},"class_list":["post-872","page","type-page","status-publish","hentry"],"yoast_head":"<!-- This site is optimized with the Yoast SEO plugin v27.4 - https:\/\/yoast.com\/product\/yoast-seo-wordpress\/ -->\n<title>Rights to personality and image lawyers | Legrand Lesage-Catel Gaultier<\/title>\n<meta name=\"description\" content=\"Specialist in personality and image law, Legrand Lesage-Catel Gaultier law office advises you and assists you in legal issues\" \/>\n<meta name=\"robots\" content=\"index, follow, max-snippet:-1, max-image-preview:large, max-video-preview:-1\" \/>\n<link rel=\"canonical\" href=\"https:\/\/www.llcg-avocats.com\/en\/intellectual-property-law\/personality-and-image-rights\/\" \/>\n<meta property=\"og:locale\" content=\"en_US\" \/>\n<meta property=\"og:type\" content=\"article\" \/>\n<meta property=\"og:title\" content=\"Rights to personality and image lawyers | Legrand Lesage-Catel Gaultier\" \/>\n<meta property=\"og:description\" content=\"Specialist in personality and image law, Legrand Lesage-Catel Gaultier law office advises you and assists you in legal issues\" \/>\n<meta property=\"og:url\" content=\"https:\/\/www.llcg-avocats.com\/en\/intellectual-property-law\/personality-and-image-rights\/\" \/>\n<meta property=\"og:site_name\" content=\"Avocats propri\u00e9t\u00e9 intellectuelle \u00e0 Paris\" \/>\n<meta property=\"article:modified_time\" content=\"2021-05-09T12:43:06+00:00\" \/>\n<meta name=\"twitter:card\" content=\"summary_large_image\" \/>\n<meta name=\"twitter:label1\" content=\"Est. reading time\" \/>\n\t<meta name=\"twitter:data1\" content=\"6 minutes\" \/>\n<script type=\"application\/ld+json\" class=\"yoast-schema-graph\">{\"@context\":\"https:\\\/\\\/schema.org\",\"@graph\":[{\"@type\":\"WebPage\",\"@id\":\"https:\\\/\\\/www.llcg-avocats.com\\\/en\\\/intellectual-property-law\\\/personality-and-image-rights\\\/\",\"url\":\"https:\\\/\\\/www.llcg-avocats.com\\\/en\\\/intellectual-property-law\\\/personality-and-image-rights\\\/\",\"name\":\"Rights to personality and image lawyers | Legrand Lesage-Catel Gaultier\",\"isPartOf\":{\"@id\":\"https:\\\/\\\/www.llcg-avocats.com\\\/en\\\/#website\"},\"datePublished\":\"2016-05-30T10:38:25+00:00\",\"dateModified\":\"2021-05-09T12:43:06+00:00\",\"description\":\"Specialist in personality and image law, Legrand Lesage-Catel Gaultier law office advises you and assists you in legal issues\",\"breadcrumb\":{\"@id\":\"https:\\\/\\\/www.llcg-avocats.com\\\/en\\\/intellectual-property-law\\\/personality-and-image-rights\\\/#breadcrumb\"},\"inLanguage\":\"en-US\",\"potentialAction\":[{\"@type\":\"ReadAction\",\"target\":[\"https:\\\/\\\/www.llcg-avocats.com\\\/en\\\/intellectual-property-law\\\/personality-and-image-rights\\\/\"]}]},{\"@type\":\"BreadcrumbList\",\"@id\":\"https:\\\/\\\/www.llcg-avocats.com\\\/en\\\/intellectual-property-law\\\/personality-and-image-rights\\\/#breadcrumb\",\"itemListElement\":[{\"@type\":\"ListItem\",\"position\":1,\"name\":\"Accueil\",\"item\":\"https:\\\/\\\/www.llcg-avocats.com\\\/en\\\/\"},{\"@type\":\"ListItem\",\"position\":2,\"name\":\"PROPRI\u00c9T\u00c9 LITT\u00c9RAIRE ET ARTISTIQUE\",\"item\":\"https:\\\/\\\/www.llcg-avocats.com\\\/en\\\/intellectual-property-law\\\/\"},{\"@type\":\"ListItem\",\"position\":3,\"name\":\"DROITS DE LA PERSONNALIT\u00c9 ET DROIT \u00c0 L&#8217;IMAGE\"}]},{\"@type\":\"WebSite\",\"@id\":\"https:\\\/\\\/www.llcg-avocats.com\\\/en\\\/#website\",\"url\":\"https:\\\/\\\/www.llcg-avocats.com\\\/en\\\/\",\"name\":\"Avocats propri\u00e9t\u00e9 intellectuelle \u00e0 Paris\",\"description\":\"Legrand Lesage-Catel Gaultier\",\"potentialAction\":[{\"@type\":\"SearchAction\",\"target\":{\"@type\":\"EntryPoint\",\"urlTemplate\":\"https:\\\/\\\/www.llcg-avocats.com\\\/en\\\/?s={search_term_string}\"},\"query-input\":{\"@type\":\"PropertyValueSpecification\",\"valueRequired\":true,\"valueName\":\"search_term_string\"}}],\"inLanguage\":\"en-US\"}]}<\/script>\n<!-- \/ Yoast SEO plugin. -->","yoast_head_json":{"title":"Rights to personality and image lawyers | Legrand Lesage-Catel Gaultier","description":"Specialist in personality and image law, Legrand Lesage-Catel Gaultier law office advises you and assists you in legal issues","robots":{"index":"index","follow":"follow","max-snippet":"max-snippet:-1","max-image-preview":"max-image-preview:large","max-video-preview":"max-video-preview:-1"},"canonical":"https:\/\/www.llcg-avocats.com\/en\/intellectual-property-law\/personality-and-image-rights\/","og_locale":"en_US","og_type":"article","og_title":"Rights to personality and image lawyers | Legrand Lesage-Catel Gaultier","og_description":"Specialist in personality and image law, Legrand Lesage-Catel Gaultier law office advises you and assists you in legal issues","og_url":"https:\/\/www.llcg-avocats.com\/en\/intellectual-property-law\/personality-and-image-rights\/","og_site_name":"Avocats propri\u00e9t\u00e9 intellectuelle \u00e0 Paris","article_modified_time":"2021-05-09T12:43:06+00:00","twitter_card":"summary_large_image","twitter_misc":{"Est. reading time":"6 minutes"},"schema":{"@context":"https:\/\/schema.org","@graph":[{"@type":"WebPage","@id":"https:\/\/www.llcg-avocats.com\/en\/intellectual-property-law\/personality-and-image-rights\/","url":"https:\/\/www.llcg-avocats.com\/en\/intellectual-property-law\/personality-and-image-rights\/","name":"Rights to personality and image lawyers | Legrand Lesage-Catel Gaultier","isPartOf":{"@id":"https:\/\/www.llcg-avocats.com\/en\/#website"},"datePublished":"2016-05-30T10:38:25+00:00","dateModified":"2021-05-09T12:43:06+00:00","description":"Specialist in personality and image law, Legrand Lesage-Catel Gaultier law office advises you and assists you in legal issues","breadcrumb":{"@id":"https:\/\/www.llcg-avocats.com\/en\/intellectual-property-law\/personality-and-image-rights\/#breadcrumb"},"inLanguage":"en-US","potentialAction":[{"@type":"ReadAction","target":["https:\/\/www.llcg-avocats.com\/en\/intellectual-property-law\/personality-and-image-rights\/"]}]},{"@type":"BreadcrumbList","@id":"https:\/\/www.llcg-avocats.com\/en\/intellectual-property-law\/personality-and-image-rights\/#breadcrumb","itemListElement":[{"@type":"ListItem","position":1,"name":"Accueil","item":"https:\/\/www.llcg-avocats.com\/en\/"},{"@type":"ListItem","position":2,"name":"PROPRI\u00c9T\u00c9 LITT\u00c9RAIRE ET ARTISTIQUE","item":"https:\/\/www.llcg-avocats.com\/en\/intellectual-property-law\/"},{"@type":"ListItem","position":3,"name":"DROITS DE LA PERSONNALIT\u00c9 ET DROIT \u00c0 L&#8217;IMAGE"}]},{"@type":"WebSite","@id":"https:\/\/www.llcg-avocats.com\/en\/#website","url":"https:\/\/www.llcg-avocats.com\/en\/","name":"Avocats propri\u00e9t\u00e9 intellectuelle \u00e0 Paris","description":"Legrand Lesage-Catel Gaultier","potentialAction":[{"@type":"SearchAction","target":{"@type":"EntryPoint","urlTemplate":"https:\/\/www.llcg-avocats.com\/en\/?s={search_term_string}"},"query-input":{"@type":"PropertyValueSpecification","valueRequired":true,"valueName":"search_term_string"}}],"inLanguage":"en-US"}]}},"_links":{"self":[{"href":"https:\/\/www.llcg-avocats.com\/en\/wp-json\/wp\/v2\/pages\/872","targetHints":{"allow":["GET"]}}],"collection":[{"href":"https:\/\/www.llcg-avocats.com\/en\/wp-json\/wp\/v2\/pages"}],"about":[{"href":"https:\/\/www.llcg-avocats.com\/en\/wp-json\/wp\/v2\/types\/page"}],"author":[{"embeddable":true,"href":"https:\/\/www.llcg-avocats.com\/en\/wp-json\/wp\/v2\/users\/1"}],"replies":[{"embeddable":true,"href":"https:\/\/www.llcg-avocats.com\/en\/wp-json\/wp\/v2\/comments?post=872"}],"version-history":[{"count":7,"href":"https:\/\/www.llcg-avocats.com\/en\/wp-json\/wp\/v2\/pages\/872\/revisions"}],"predecessor-version":[{"id":4274,"href":"https:\/\/www.llcg-avocats.com\/en\/wp-json\/wp\/v2\/pages\/872\/revisions\/4274"}],"up":[{"embeddable":true,"href":"https:\/\/www.llcg-avocats.com\/en\/wp-json\/wp\/v2\/pages\/179"}],"wp:attachment":[{"href":"https:\/\/www.llcg-avocats.com\/en\/wp-json\/wp\/v2\/media?parent=872"}],"curies":[{"name":"wp","href":"https:\/\/api.w.org\/{rel}","templated":true}]}}