{"id":875,"date":"2016-05-30T12:39:17","date_gmt":"2016-05-30T10:39:17","guid":{"rendered":"https:\/\/llcg.trafic-influence.net\/en\/droit-vie-privee\/"},"modified":"2021-05-09T14:44:27","modified_gmt":"2021-05-09T12:44:27","slug":"respect-for-privacy","status":"publish","type":"page","link":"https:\/\/www.llcg-avocats.com\/en\/intellectual-property-law\/respect-for-privacy\/","title":{"rendered":"DROIT AU RESPECT DE LA VIE PRIV\u00c9E"},"content":{"rendered":"<p>[et_pb_section fb_built=&#8221;1&#8243; _builder_version=&#8221;4.6.1&#8243; background_enable_color=&#8221;off&#8221; background_image=&#8221;https:\/\/www.llcg-avocats.com\/wp-content\/uploads\/2016\/05\/vie-prive-llcg-4.jpg&#8221;][et_pb_row column_structure=&#8221;3_4,1_4&#8243; _builder_version=&#8221;4.0.6&#8243;][et_pb_column type=&#8221;3_4&#8243; _builder_version=&#8221;4.0.6&#8243;][et_pb_text _builder_version=&#8221;4.0.6&#8243; header_font=&#8221;|600|||||||&#8221; header_text_color=&#8221;#ffffff&#8221; header_font_size=&#8221;40px&#8221; header_font_size_tablet=&#8221;&#8221; header_font_size_phone=&#8221;27px&#8221; header_font_size_last_edited=&#8221;on|phone&#8221;]<\/p>\n<h1>Right to respect for privacy<\/h1>\n<p>[\/et_pb_text][\/et_pb_column][et_pb_column type=&#8221;1_4&#8243; _builder_version=&#8221;4.0.6&#8243;][et_pb_button button_url=&#8221;https:\/\/www.llcg-avocats.com\/en\/contact\/&#8221; button_text=&#8221;Contact us&#8221; _builder_version=&#8221;4.0.6&#8243; custom_button=&#8221;on&#8221; button_text_size=&#8221;15px&#8221; button_text_color=&#8221;#ffffff&#8221; button_border_width=&#8221;1px&#8221; button_border_color=&#8221;#ffffff&#8221;][\/et_pb_button][\/et_pb_column][\/et_pb_row][\/et_pb_section][et_pb_section fb_built=&#8221;1&#8243; _builder_version=&#8221;4.0.6&#8243;][et_pb_row _builder_version=&#8221;4.0.6&#8243; custom_padding=&#8221;||0px|||&#8221; locked=&#8221;off&#8221;][et_pb_column type=&#8221;4_4&#8243; _builder_version=&#8221;4.0.6&#8243;][et_pb_image src=&#8221;https:\/\/www.llcg-avocats.com\/wp-content\/uploads\/2020\/03\/droit-respect-vie-privee.png&#8221; align=&#8221;center&#8221; _builder_version=&#8221;4.4.0&#8243; custom_margin=&#8221;20px||||false|false&#8221; custom_padding=&#8221;4px||||false|false&#8221; animation_style=&#8221;fade&#8221; border_radii=&#8221;on|80px|80px|80px|80px&#8221; box_shadow_style=&#8221;preset1&#8243; box_shadow_vertical=&#8221;10px&#8221; box_shadow_blur=&#8221;80px&#8221; box_shadow_spread=&#8221;-10px&#8221; box_shadow_color=&#8221;rgba(44,54,92,0.2)&#8221; locked=&#8221;off&#8221;][\/et_pb_image][et_pb_text _builder_version=&#8221;4.0.6&#8243; text_font=&#8221;|300|||||||&#8221; text_font_size=&#8221;15px&#8221; header_2_font=&#8221;|600|||||||&#8221; text_orientation=&#8221;center&#8221;]<\/p>\n<h2>Recognized expertise in the right to respect for private life<\/h2>\n<p>[\/et_pb_text][\/et_pb_column][\/et_pb_row][et_pb_row _builder_version=&#8221;4.0.6&#8243; custom_padding=&#8221;0px|||||&#8221;][et_pb_column type=&#8221;4_4&#8243; _builder_version=&#8221;4.0.6&#8243;][et_pb_text _builder_version=&#8221;4.0.6&#8243; text_font=&#8221;|300|||||||&#8221; text_font_size=&#8221;14px&#8221; text_line_height=&#8221;1.5em&#8221;]<\/p>\n<p>Over and above the right to one\u2019s personal image, respect for privacy sets limits on the freedom of artistic creation.<\/p>\n<p>Stories, narratives, novels, biographies, autobiographies, works of information or of history, films and televised broadcasts give rise to disputes over what can or not be disclosed, as well as over the limits to protection of privacy, the use of private diaries, correspondence, family archives, secret documents and references to third parties.<\/p>\n<p>Internet has become a major vector of communication, giving rise to rules and law suits over the protection of personal data out of a concern to respect privacy, personal honour and reputation (see heading e-commerce and e-reputation).<\/p>\n<p>Prior to any law suit, authors or makers of publishable or disseminated material may need advice from LEGRAND LESAGE-CATEL specialist lawyers on the limits of their legal rights, on the necessary authorisations and approvals, and on the precautions to be taken. Is a person\u2019s image easily recognisable? Have the details of their private life already been disclosed? Does advertising a product make it licit to refer to such or such a user of the product in real life? How make corrections and retractions? How to obtain redress after images and associated material have been disseminated on internet?<\/p>\n<p>Among issues arising in connection with disputes and\/or lawsuits, are freedom of artistic creation, freedom of information and its limits and exceptions, and the proportionality of sanctions\u2014 taking into consideration both French and EU law.<\/p>\n<p>These take us beyond issues of infringement of droit d\u2019auteur into neighbouring and often complementary fields where Cabinet LEGRAND LESAGE-CATEL specialist lawyers are guided by substantial case law.<\/p>\n<p>[\/et_pb_text][\/et_pb_column][\/et_pb_row][\/et_pb_section]<\/p>\n","protected":false},"excerpt":{"rendered":"<p>Right to respect for privacyRecognized expertise in the right to respect for private lifeOver and above the right to one\u2019s personal image, respect for privacy sets limits on the freedom of artistic creation. Stories, narratives, novels, biographies, autobiographies, works of information or of history, films and televised broadcasts give rise to disputes over what can [&hellip;]<\/p>\n","protected":false},"author":1,"featured_media":0,"parent":179,"menu_order":0,"comment_status":"closed","ping_status":"closed","template":"","meta":{"_et_pb_use_builder":"on","_et_pb_old_content":"","_et_gb_content_width":"","footnotes":""},"class_list":["post-875","page","type-page","status-publish","hentry"],"yoast_head":"<!-- This site is optimized with the Yoast SEO plugin v27.4 - https:\/\/yoast.com\/product\/yoast-seo-wordpress\/ -->\n<title>Right to respect for privacy lawyers | Legrand Lesage-Catel Gaultier<\/title>\n<meta name=\"description\" content=\"Specialist in privacy law, Legrand Lesage-Catel Gaultier law office ensures persons protection and assists you in legal issues\" \/>\n<meta name=\"robots\" content=\"index, follow, max-snippet:-1, max-image-preview:large, max-video-preview:-1\" \/>\n<link rel=\"canonical\" href=\"https:\/\/www.llcg-avocats.com\/en\/intellectual-property-law\/respect-for-privacy\/\" \/>\n<meta property=\"og:locale\" content=\"en_US\" \/>\n<meta property=\"og:type\" content=\"article\" \/>\n<meta property=\"og:title\" content=\"Right to respect for privacy lawyers | Legrand Lesage-Catel Gaultier\" \/>\n<meta property=\"og:description\" content=\"Specialist in privacy law, Legrand Lesage-Catel Gaultier law office ensures persons protection and assists you in legal issues\" \/>\n<meta property=\"og:url\" content=\"https:\/\/www.llcg-avocats.com\/en\/intellectual-property-law\/respect-for-privacy\/\" \/>\n<meta property=\"og:site_name\" content=\"Avocats propri\u00e9t\u00e9 intellectuelle \u00e0 Paris\" \/>\n<meta property=\"article:modified_time\" content=\"2021-05-09T12:44:27+00:00\" \/>\n<meta name=\"twitter:card\" content=\"summary_large_image\" \/>\n<meta name=\"twitter:label1\" content=\"Est. reading time\" \/>\n\t<meta name=\"twitter:data1\" content=\"3 minutes\" \/>\n<script type=\"application\/ld+json\" class=\"yoast-schema-graph\">{\"@context\":\"https:\\\/\\\/schema.org\",\"@graph\":[{\"@type\":\"WebPage\",\"@id\":\"https:\\\/\\\/www.llcg-avocats.com\\\/en\\\/intellectual-property-law\\\/respect-for-privacy\\\/\",\"url\":\"https:\\\/\\\/www.llcg-avocats.com\\\/en\\\/intellectual-property-law\\\/respect-for-privacy\\\/\",\"name\":\"Right to respect for privacy lawyers | Legrand Lesage-Catel Gaultier\",\"isPartOf\":{\"@id\":\"https:\\\/\\\/www.llcg-avocats.com\\\/en\\\/#website\"},\"datePublished\":\"2016-05-30T10:39:17+00:00\",\"dateModified\":\"2021-05-09T12:44:27+00:00\",\"description\":\"Specialist in privacy law, Legrand Lesage-Catel Gaultier law office ensures persons protection and assists you in legal issues\",\"breadcrumb\":{\"@id\":\"https:\\\/\\\/www.llcg-avocats.com\\\/en\\\/intellectual-property-law\\\/respect-for-privacy\\\/#breadcrumb\"},\"inLanguage\":\"en-US\",\"potentialAction\":[{\"@type\":\"ReadAction\",\"target\":[\"https:\\\/\\\/www.llcg-avocats.com\\\/en\\\/intellectual-property-law\\\/respect-for-privacy\\\/\"]}]},{\"@type\":\"BreadcrumbList\",\"@id\":\"https:\\\/\\\/www.llcg-avocats.com\\\/en\\\/intellectual-property-law\\\/respect-for-privacy\\\/#breadcrumb\",\"itemListElement\":[{\"@type\":\"ListItem\",\"position\":1,\"name\":\"Accueil\",\"item\":\"https:\\\/\\\/www.llcg-avocats.com\\\/en\\\/\"},{\"@type\":\"ListItem\",\"position\":2,\"name\":\"PROPRI\u00c9T\u00c9 LITT\u00c9RAIRE ET ARTISTIQUE\",\"item\":\"https:\\\/\\\/www.llcg-avocats.com\\\/en\\\/intellectual-property-law\\\/\"},{\"@type\":\"ListItem\",\"position\":3,\"name\":\"DROIT AU RESPECT DE LA VIE PRIV\u00c9E\"}]},{\"@type\":\"WebSite\",\"@id\":\"https:\\\/\\\/www.llcg-avocats.com\\\/en\\\/#website\",\"url\":\"https:\\\/\\\/www.llcg-avocats.com\\\/en\\\/\",\"name\":\"Avocats propri\u00e9t\u00e9 intellectuelle \u00e0 Paris\",\"description\":\"Legrand Lesage-Catel Gaultier\",\"potentialAction\":[{\"@type\":\"SearchAction\",\"target\":{\"@type\":\"EntryPoint\",\"urlTemplate\":\"https:\\\/\\\/www.llcg-avocats.com\\\/en\\\/?s={search_term_string}\"},\"query-input\":{\"@type\":\"PropertyValueSpecification\",\"valueRequired\":true,\"valueName\":\"search_term_string\"}}],\"inLanguage\":\"en-US\"}]}<\/script>\n<!-- \/ Yoast SEO plugin. -->","yoast_head_json":{"title":"Right to respect for privacy lawyers | Legrand Lesage-Catel Gaultier","description":"Specialist in privacy law, Legrand Lesage-Catel Gaultier law office ensures persons protection and assists you in legal issues","robots":{"index":"index","follow":"follow","max-snippet":"max-snippet:-1","max-image-preview":"max-image-preview:large","max-video-preview":"max-video-preview:-1"},"canonical":"https:\/\/www.llcg-avocats.com\/en\/intellectual-property-law\/respect-for-privacy\/","og_locale":"en_US","og_type":"article","og_title":"Right to respect for privacy lawyers | Legrand Lesage-Catel Gaultier","og_description":"Specialist in privacy law, Legrand Lesage-Catel Gaultier law office ensures persons protection and assists you in legal issues","og_url":"https:\/\/www.llcg-avocats.com\/en\/intellectual-property-law\/respect-for-privacy\/","og_site_name":"Avocats propri\u00e9t\u00e9 intellectuelle \u00e0 Paris","article_modified_time":"2021-05-09T12:44:27+00:00","twitter_card":"summary_large_image","twitter_misc":{"Est. reading time":"3 minutes"},"schema":{"@context":"https:\/\/schema.org","@graph":[{"@type":"WebPage","@id":"https:\/\/www.llcg-avocats.com\/en\/intellectual-property-law\/respect-for-privacy\/","url":"https:\/\/www.llcg-avocats.com\/en\/intellectual-property-law\/respect-for-privacy\/","name":"Right to respect for privacy lawyers | Legrand Lesage-Catel Gaultier","isPartOf":{"@id":"https:\/\/www.llcg-avocats.com\/en\/#website"},"datePublished":"2016-05-30T10:39:17+00:00","dateModified":"2021-05-09T12:44:27+00:00","description":"Specialist in privacy law, Legrand Lesage-Catel Gaultier law office ensures persons protection and assists you in legal issues","breadcrumb":{"@id":"https:\/\/www.llcg-avocats.com\/en\/intellectual-property-law\/respect-for-privacy\/#breadcrumb"},"inLanguage":"en-US","potentialAction":[{"@type":"ReadAction","target":["https:\/\/www.llcg-avocats.com\/en\/intellectual-property-law\/respect-for-privacy\/"]}]},{"@type":"BreadcrumbList","@id":"https:\/\/www.llcg-avocats.com\/en\/intellectual-property-law\/respect-for-privacy\/#breadcrumb","itemListElement":[{"@type":"ListItem","position":1,"name":"Accueil","item":"https:\/\/www.llcg-avocats.com\/en\/"},{"@type":"ListItem","position":2,"name":"PROPRI\u00c9T\u00c9 LITT\u00c9RAIRE ET ARTISTIQUE","item":"https:\/\/www.llcg-avocats.com\/en\/intellectual-property-law\/"},{"@type":"ListItem","position":3,"name":"DROIT AU RESPECT DE LA VIE PRIV\u00c9E"}]},{"@type":"WebSite","@id":"https:\/\/www.llcg-avocats.com\/en\/#website","url":"https:\/\/www.llcg-avocats.com\/en\/","name":"Avocats propri\u00e9t\u00e9 intellectuelle \u00e0 Paris","description":"Legrand Lesage-Catel Gaultier","potentialAction":[{"@type":"SearchAction","target":{"@type":"EntryPoint","urlTemplate":"https:\/\/www.llcg-avocats.com\/en\/?s={search_term_string}"},"query-input":{"@type":"PropertyValueSpecification","valueRequired":true,"valueName":"search_term_string"}}],"inLanguage":"en-US"}]}},"_links":{"self":[{"href":"https:\/\/www.llcg-avocats.com\/en\/wp-json\/wp\/v2\/pages\/875","targetHints":{"allow":["GET"]}}],"collection":[{"href":"https:\/\/www.llcg-avocats.com\/en\/wp-json\/wp\/v2\/pages"}],"about":[{"href":"https:\/\/www.llcg-avocats.com\/en\/wp-json\/wp\/v2\/types\/page"}],"author":[{"embeddable":true,"href":"https:\/\/www.llcg-avocats.com\/en\/wp-json\/wp\/v2\/users\/1"}],"replies":[{"embeddable":true,"href":"https:\/\/www.llcg-avocats.com\/en\/wp-json\/wp\/v2\/comments?post=875"}],"version-history":[{"count":7,"href":"https:\/\/www.llcg-avocats.com\/en\/wp-json\/wp\/v2\/pages\/875\/revisions"}],"predecessor-version":[{"id":4275,"href":"https:\/\/www.llcg-avocats.com\/en\/wp-json\/wp\/v2\/pages\/875\/revisions\/4275"}],"up":[{"embeddable":true,"href":"https:\/\/www.llcg-avocats.com\/en\/wp-json\/wp\/v2\/pages\/179"}],"wp:attachment":[{"href":"https:\/\/www.llcg-avocats.com\/en\/wp-json\/wp\/v2\/media?parent=875"}],"curies":[{"name":"wp","href":"https:\/\/api.w.org\/{rel}","templated":true}]}}