{"id":878,"date":"2016-05-30T12:40:38","date_gmt":"2016-05-30T10:40:38","guid":{"rendered":"https:\/\/llcg.trafic-influence.net\/en\/droit-internet-tic\/"},"modified":"2021-05-09T15:14:38","modified_gmt":"2021-05-09T13:14:38","slug":"internet-technology-law","status":"publish","type":"page","link":"https:\/\/www.llcg-avocats.com\/en\/internet-technology-law\/","title":{"rendered":"DROIT DE L&#8217;INFORMATIQUE ET DE L&#8217;INTERNET, ECOMMERCE, E-REPUTATION"},"content":{"rendered":"<p>[et_pb_section fb_built=&#8221;1&#8243; _builder_version=&#8221;4.6.1&#8243; background_enable_color=&#8221;off&#8221; background_image=&#8221;https:\/\/www.llcg-avocats.com\/wp-content\/uploads\/2016\/05\/droit-informatique-4.jpg&#8221;][et_pb_row column_structure=&#8221;3_4,1_4&#8243; _builder_version=&#8221;4.0.6&#8243;][et_pb_column type=&#8221;3_4&#8243; _builder_version=&#8221;4.0.6&#8243;][et_pb_text _builder_version=&#8221;4.0.6&#8243; header_font=&#8221;|600|||||||&#8221; header_text_color=&#8221;#ffffff&#8221; header_font_size=&#8221;40px&#8221; header_font_size_tablet=&#8221;&#8221; header_font_size_phone=&#8221;27px&#8221; header_font_size_last_edited=&#8221;on|phone&#8221;]<\/p>\n<h1>Law on Electronic Technologies and Internet, e-commerce and e-reputation<\/h1>\n<p>[\/et_pb_text][\/et_pb_column][et_pb_column type=&#8221;1_4&#8243; _builder_version=&#8221;4.0.6&#8243;][et_pb_button button_url=&#8221;https:\/\/www.llcg-avocats.com\/en\/contact\/&#8221; button_text=&#8221;Contact us&#8221; _builder_version=&#8221;4.0.6&#8243; custom_button=&#8221;on&#8221; button_text_size=&#8221;15px&#8221; button_text_color=&#8221;#ffffff&#8221; button_border_width=&#8221;1px&#8221; button_border_color=&#8221;#ffffff&#8221;][\/et_pb_button][\/et_pb_column][\/et_pb_row][\/et_pb_section][et_pb_section fb_built=&#8221;1&#8243; _builder_version=&#8221;4.0.6&#8243;][et_pb_row _builder_version=&#8221;4.0.6&#8243; custom_padding=&#8221;||0px|||&#8221; locked=&#8221;off&#8221;][et_pb_column type=&#8221;4_4&#8243; _builder_version=&#8221;4.0.6&#8243;][et_pb_image src=&#8221;https:\/\/www.llcg-avocats.com\/wp-content\/uploads\/2020\/02\/droit-informatique-nouvelles-technologies-2.png&#8221; align=&#8221;center&#8221; _builder_version=&#8221;4.3.2&#8243; custom_margin=&#8221;20px||||false|false&#8221; custom_padding=&#8221;4px||||false|false&#8221; animation_style=&#8221;fade&#8221; border_radii=&#8221;on|80px|80px|80px|80px&#8221; box_shadow_style=&#8221;preset1&#8243; box_shadow_vertical=&#8221;10px&#8221; box_shadow_blur=&#8221;80px&#8221; box_shadow_spread=&#8221;-10px&#8221; box_shadow_color=&#8221;rgba(44,54,92,0.2)&#8221;][\/et_pb_image][et_pb_text _builder_version=&#8221;4.0.6&#8243; text_font=&#8221;|300|||||||&#8221; text_font_size=&#8221;15px&#8221; header_2_font=&#8221;|600|||||||&#8221; text_orientation=&#8221;center&#8221; custom_padding=&#8221;6px|||||&#8221;]<\/p>\n<h2>What is computer and new technology law?<\/h2>\n<p>&nbsp;<\/p>\n<p>[\/et_pb_text][\/et_pb_column][\/et_pb_row][et_pb_row _builder_version=&#8221;4.0.6&#8243;][et_pb_column type=&#8221;4_4&#8243; _builder_version=&#8221;4.0.6&#8243;][et_pb_text _builder_version=&#8221;4.0.6&#8243; text_font=&#8221;|300|||||||&#8221; text_font_size=&#8221;14px&#8221; text_line_height=&#8221;1.5em&#8221;]<\/p>\n<p>Digital technology has created new economic value which in many cases forms a substantial portion of the assets of any business undertaking,<\/p>\n<p>At issue here are specific laws and legal entitlements. These must be fully understood and if necessary protected.<\/p>\n<p>This gives rise to the need for contracts involving highly professional input.<\/p>\n<p>Legal rights arise that must be respected. With them also arise obligations and liabilities, generating a potential for disputes which if not prevented, must be settled by legal process.<\/p>\n<p>Software and databases are covered by droit d\u2019auteur and copyright. Electronic media and its components are more especially governed by the law on patents, while domain names and e-commerce are governed by particular rules which in turn give rise to the need for coordination with further rules, which relate to the protection of trade marks, unfair competition, freedom of expression and protection of privacy.<\/p>\n<p>LEGRAND LESAGE-CATEL lawyers provide legal guidance and are prepared to act as Counsel for the defence whenever necessary in the various fields of software, databases, domain names and e-commerce.<\/p>\n<p>[\/et_pb_text][\/et_pb_column][\/et_pb_row][\/et_pb_section]<\/p>\n","protected":false},"excerpt":{"rendered":"<p>Law on Electronic Technologies and Internet, e-commerce and e-reputationWhat is computer and new technology law? &nbsp;Digital technology has created new economic value which in many cases forms a substantial portion of the assets of any business undertaking, At issue here are specific laws and legal entitlements. These must be fully understood and if necessary protected. [&hellip;]<\/p>\n","protected":false},"author":1,"featured_media":0,"parent":0,"menu_order":0,"comment_status":"closed","ping_status":"closed","template":"","meta":{"_et_pb_use_builder":"on","_et_pb_old_content":"","_et_gb_content_width":"","footnotes":""},"class_list":["post-878","page","type-page","status-publish","hentry"],"yoast_head":"<!-- This site is optimized with the Yoast SEO plugin v27.4 - https:\/\/yoast.com\/product\/yoast-seo-wordpress\/ -->\n<title>Law on electronic technology and internet | Legrand Lesage-Catel Gaultier<\/title>\n<meta name=\"description\" content=\"Specialist in electronic technology and internet law, Legrand Lesage-Catel Gaultier law office in Paris advises you and assists you for the defense or your rights\" \/>\n<meta name=\"robots\" content=\"index, follow, max-snippet:-1, max-image-preview:large, max-video-preview:-1\" \/>\n<link rel=\"canonical\" href=\"https:\/\/www.llcg-avocats.com\/en\/internet-technology-law\/\" \/>\n<meta property=\"og:locale\" content=\"en_US\" \/>\n<meta property=\"og:type\" content=\"article\" \/>\n<meta property=\"og:title\" content=\"Law on electronic technology and internet | Legrand Lesage-Catel Gaultier\" \/>\n<meta property=\"og:description\" content=\"Specialist in electronic technology and internet law, Legrand Lesage-Catel Gaultier law office in Paris advises you and assists you for the defense or your rights\" \/>\n<meta property=\"og:url\" content=\"https:\/\/www.llcg-avocats.com\/en\/internet-technology-law\/\" \/>\n<meta property=\"og:site_name\" content=\"Avocats propri\u00e9t\u00e9 intellectuelle \u00e0 Paris\" \/>\n<meta property=\"article:modified_time\" content=\"2021-05-09T13:14:38+00:00\" \/>\n<meta name=\"twitter:card\" content=\"summary_large_image\" \/>\n<meta name=\"twitter:label1\" content=\"Est. reading time\" \/>\n\t<meta name=\"twitter:data1\" content=\"2 minutes\" \/>\n<script type=\"application\/ld+json\" class=\"yoast-schema-graph\">{\"@context\":\"https:\\\/\\\/schema.org\",\"@graph\":[{\"@type\":\"WebPage\",\"@id\":\"https:\\\/\\\/www.llcg-avocats.com\\\/en\\\/internet-technology-law\\\/\",\"url\":\"https:\\\/\\\/www.llcg-avocats.com\\\/en\\\/internet-technology-law\\\/\",\"name\":\"Law on electronic technology and internet | Legrand Lesage-Catel Gaultier\",\"isPartOf\":{\"@id\":\"https:\\\/\\\/www.llcg-avocats.com\\\/en\\\/#website\"},\"datePublished\":\"2016-05-30T10:40:38+00:00\",\"dateModified\":\"2021-05-09T13:14:38+00:00\",\"description\":\"Specialist in electronic technology and internet law, Legrand Lesage-Catel Gaultier law office in Paris advises you and assists you for the defense or your rights\",\"breadcrumb\":{\"@id\":\"https:\\\/\\\/www.llcg-avocats.com\\\/en\\\/internet-technology-law\\\/#breadcrumb\"},\"inLanguage\":\"en-US\",\"potentialAction\":[{\"@type\":\"ReadAction\",\"target\":[\"https:\\\/\\\/www.llcg-avocats.com\\\/en\\\/internet-technology-law\\\/\"]}]},{\"@type\":\"BreadcrumbList\",\"@id\":\"https:\\\/\\\/www.llcg-avocats.com\\\/en\\\/internet-technology-law\\\/#breadcrumb\",\"itemListElement\":[{\"@type\":\"ListItem\",\"position\":1,\"name\":\"Accueil\",\"item\":\"https:\\\/\\\/www.llcg-avocats.com\\\/en\\\/\"},{\"@type\":\"ListItem\",\"position\":2,\"name\":\"DROIT DE L&#8217;INFORMATIQUE ET DE L&#8217;INTERNET, ECOMMERCE, E-REPUTATION\"}]},{\"@type\":\"WebSite\",\"@id\":\"https:\\\/\\\/www.llcg-avocats.com\\\/en\\\/#website\",\"url\":\"https:\\\/\\\/www.llcg-avocats.com\\\/en\\\/\",\"name\":\"Avocats propri\u00e9t\u00e9 intellectuelle \u00e0 Paris\",\"description\":\"Legrand Lesage-Catel Gaultier\",\"potentialAction\":[{\"@type\":\"SearchAction\",\"target\":{\"@type\":\"EntryPoint\",\"urlTemplate\":\"https:\\\/\\\/www.llcg-avocats.com\\\/en\\\/?s={search_term_string}\"},\"query-input\":{\"@type\":\"PropertyValueSpecification\",\"valueRequired\":true,\"valueName\":\"search_term_string\"}}],\"inLanguage\":\"en-US\"}]}<\/script>\n<!-- \/ Yoast SEO plugin. -->","yoast_head_json":{"title":"Law on electronic technology and internet | Legrand Lesage-Catel Gaultier","description":"Specialist in electronic technology and internet law, Legrand Lesage-Catel Gaultier law office in Paris advises you and assists you for the defense or your rights","robots":{"index":"index","follow":"follow","max-snippet":"max-snippet:-1","max-image-preview":"max-image-preview:large","max-video-preview":"max-video-preview:-1"},"canonical":"https:\/\/www.llcg-avocats.com\/en\/internet-technology-law\/","og_locale":"en_US","og_type":"article","og_title":"Law on electronic technology and internet | Legrand Lesage-Catel Gaultier","og_description":"Specialist in electronic technology and internet law, Legrand Lesage-Catel Gaultier law office in Paris advises you and assists you for the defense or your rights","og_url":"https:\/\/www.llcg-avocats.com\/en\/internet-technology-law\/","og_site_name":"Avocats propri\u00e9t\u00e9 intellectuelle \u00e0 Paris","article_modified_time":"2021-05-09T13:14:38+00:00","twitter_card":"summary_large_image","twitter_misc":{"Est. reading time":"2 minutes"},"schema":{"@context":"https:\/\/schema.org","@graph":[{"@type":"WebPage","@id":"https:\/\/www.llcg-avocats.com\/en\/internet-technology-law\/","url":"https:\/\/www.llcg-avocats.com\/en\/internet-technology-law\/","name":"Law on electronic technology and internet | Legrand Lesage-Catel Gaultier","isPartOf":{"@id":"https:\/\/www.llcg-avocats.com\/en\/#website"},"datePublished":"2016-05-30T10:40:38+00:00","dateModified":"2021-05-09T13:14:38+00:00","description":"Specialist in electronic technology and internet law, Legrand Lesage-Catel Gaultier law office in Paris advises you and assists you for the defense or your rights","breadcrumb":{"@id":"https:\/\/www.llcg-avocats.com\/en\/internet-technology-law\/#breadcrumb"},"inLanguage":"en-US","potentialAction":[{"@type":"ReadAction","target":["https:\/\/www.llcg-avocats.com\/en\/internet-technology-law\/"]}]},{"@type":"BreadcrumbList","@id":"https:\/\/www.llcg-avocats.com\/en\/internet-technology-law\/#breadcrumb","itemListElement":[{"@type":"ListItem","position":1,"name":"Accueil","item":"https:\/\/www.llcg-avocats.com\/en\/"},{"@type":"ListItem","position":2,"name":"DROIT DE L&#8217;INFORMATIQUE ET DE L&#8217;INTERNET, ECOMMERCE, E-REPUTATION"}]},{"@type":"WebSite","@id":"https:\/\/www.llcg-avocats.com\/en\/#website","url":"https:\/\/www.llcg-avocats.com\/en\/","name":"Avocats propri\u00e9t\u00e9 intellectuelle \u00e0 Paris","description":"Legrand Lesage-Catel Gaultier","potentialAction":[{"@type":"SearchAction","target":{"@type":"EntryPoint","urlTemplate":"https:\/\/www.llcg-avocats.com\/en\/?s={search_term_string}"},"query-input":{"@type":"PropertyValueSpecification","valueRequired":true,"valueName":"search_term_string"}}],"inLanguage":"en-US"}]}},"_links":{"self":[{"href":"https:\/\/www.llcg-avocats.com\/en\/wp-json\/wp\/v2\/pages\/878","targetHints":{"allow":["GET"]}}],"collection":[{"href":"https:\/\/www.llcg-avocats.com\/en\/wp-json\/wp\/v2\/pages"}],"about":[{"href":"https:\/\/www.llcg-avocats.com\/en\/wp-json\/wp\/v2\/types\/page"}],"author":[{"embeddable":true,"href":"https:\/\/www.llcg-avocats.com\/en\/wp-json\/wp\/v2\/users\/1"}],"replies":[{"embeddable":true,"href":"https:\/\/www.llcg-avocats.com\/en\/wp-json\/wp\/v2\/comments?post=878"}],"version-history":[{"count":8,"href":"https:\/\/www.llcg-avocats.com\/en\/wp-json\/wp\/v2\/pages\/878\/revisions"}],"predecessor-version":[{"id":4283,"href":"https:\/\/www.llcg-avocats.com\/en\/wp-json\/wp\/v2\/pages\/878\/revisions\/4283"}],"wp:attachment":[{"href":"https:\/\/www.llcg-avocats.com\/en\/wp-json\/wp\/v2\/media?parent=878"}],"curies":[{"name":"wp","href":"https:\/\/api.w.org\/{rel}","templated":true}]}}