{"id":881,"date":"2016-05-30T12:41:18","date_gmt":"2016-05-30T10:41:18","guid":{"rendered":"https:\/\/llcg.trafic-influence.net\/en\/logiciels-bases-donnees\/"},"modified":"2021-05-09T15:13:21","modified_gmt":"2021-05-09T13:13:21","slug":"software-databases","status":"publish","type":"page","link":"https:\/\/www.llcg-avocats.com\/en\/internet-technology-law\/software-databases\/","title":{"rendered":"LOGICIELS ET BASES DE DONN\u00c9ES"},"content":{"rendered":"<p>[et_pb_section fb_built=&#8221;1&#8243; _builder_version=&#8221;4.6.1&#8243; background_enable_color=&#8221;off&#8221; background_image=&#8221;https:\/\/www.llcg-avocats.com\/wp-content\/uploads\/2016\/05\/droit-auteur-4.jpg&#8221;][et_pb_row column_structure=&#8221;3_4,1_4&#8243; _builder_version=&#8221;4.0.6&#8243;][et_pb_column type=&#8221;3_4&#8243; _builder_version=&#8221;4.0.6&#8243;][et_pb_text _builder_version=&#8221;4.0.6&#8243; header_font=&#8221;|600|||||||&#8221; header_text_color=&#8221;#ffffff&#8221; header_font_size=&#8221;40px&#8221; header_font_size_tablet=&#8221;&#8221; header_font_size_phone=&#8221;27px&#8221; header_font_size_last_edited=&#8221;on|phone&#8221;]<\/p>\n<h1>Software and databases<\/h1>\n<p>[\/et_pb_text][\/et_pb_column][et_pb_column type=&#8221;1_4&#8243; _builder_version=&#8221;4.0.6&#8243;][et_pb_button button_url=&#8221;https:\/\/www.llcg-avocats.com\/en\/contact\/&#8221; button_text=&#8221;Contact us&#8221; _builder_version=&#8221;4.0.6&#8243; custom_button=&#8221;on&#8221; button_text_size=&#8221;15px&#8221; button_text_color=&#8221;#ffffff&#8221; button_border_width=&#8221;1px&#8221; button_border_color=&#8221;#ffffff&#8221;][\/et_pb_button][\/et_pb_column][\/et_pb_row][\/et_pb_section][et_pb_section fb_built=&#8221;1&#8243; _builder_version=&#8221;4.0.6&#8243;][et_pb_row _builder_version=&#8221;4.3.3&#8243; custom_margin=&#8221;0px||0px||true|false&#8221; custom_padding=&#8221;0px|0px|30px|0px|false|false&#8221; locked=&#8221;off&#8221;][et_pb_column type=&#8221;4_4&#8243; _builder_version=&#8221;4.0.6&#8243;][et_pb_image src=&#8221;https:\/\/www.llcg-avocats.com\/wp-content\/uploads\/2020\/02\/logiciel-base-de-donnee-1.png&#8221; align=&#8221;center&#8221; _builder_version=&#8221;4.4.0&#8243; custom_margin=&#8221;20px||||false|false&#8221; custom_padding=&#8221;4px||||false|false&#8221; animation_style=&#8221;fade&#8221; border_radii=&#8221;on|80px|80px|80px|80px&#8221; box_shadow_style=&#8221;preset1&#8243; box_shadow_vertical=&#8221;10px&#8221; box_shadow_blur=&#8221;80px&#8221; box_shadow_spread=&#8221;-10px&#8221; box_shadow_color=&#8221;rgba(44,54,92,0.2)&#8221; locked=&#8221;off&#8221;][\/et_pb_image][et_pb_text _builder_version=&#8221;4.3.3&#8243; text_font=&#8221;|300|||||||&#8221; text_font_size=&#8221;15px&#8221; header_2_font=&#8221;|600|||||||&#8221; text_orientation=&#8221;center&#8221;]<\/p>\n<h2>Software and database consulting<\/h2>\n<p>[\/et_pb_text][\/et_pb_column][\/et_pb_row][et_pb_row _builder_version=&#8221;4.0.6&#8243;][et_pb_column type=&#8221;4_4&#8243; _builder_version=&#8221;4.0.6&#8243;][et_pb_text _builder_version=&#8221;4.0.6&#8243; text_font=&#8221;|300|||||||&#8221; text_font_size=&#8221;14px&#8221; text_line_height=&#8221;1.5em&#8221;]<\/p>\n<p>Software is an oeuvre de l\u2019esprit or \u201cwork of the mind\u201d governed by Article L.112-2 of the French Code of Intellectual Property and as such is afforded the protection of droit d\u2019auteur or copyright. Databases being the result of original choices in the selection, presentation and classification of information are also acknowledged as creations potentially afforded the protection of Article L.112-3.<\/p>\n<p>By waiver to the rules that apply to other \u201cworks of the mind\u201d, the French Code of Intellectual Property, except when otherwise stipulated, acknowledges that the employer has ownership of the software and documentation created by its employees when working in accordance with their contractual obligations and under employer\u2019s instructions. The same rules apply to agents of the State and local government and equivalent organisations.<\/p>\n<p>Otherwise, rights and entitlements to software remain vested in their authors and creators including (according to the provisions of Article L.111-1) when they are the subject-matter of purchase order issued with force of contract by a business organization.<\/p>\n<p>Advice and assistance is therefore essential when seeking to determine and effectively protect rights to software and databases, and identify the precautions required prior to any disclosure, including suitable clauses in contracts of employment, business development contracts and contracts for the disposal of assets, concessions and asset conveyance.<\/p>\n<p>The use of software and of its eventual copies, modifications or after maintenance is covered by specific rules, the scope of which is mainly governed by the relevant contractual parties, in the light of their objectives and the advice they have received.<\/p>\n<p>Intangible assets importantly require assessment and valuation under audits to which specialist lawyers make their contribution.<\/p>\n<p>Finally, numerous disputes and lawsuits arise in the area of acts of patent infringement and the legal and financial remedies available.<br \/>LEGRAND LESAGE-CATEL lawyers are fully familiar with these issues and able to advise in instances of gathering evidence of infringements, and to defend claims lodged before the lower and appeal courts.<\/p>\n<p>In areas where know-how and business secrecy are at issue, mediation reliant on the fundamental rules of confidentiality may be a means of rapid and effective resolution of conflict, as recommended in certain cases by LEGRAND LESAGE-CATEL, who have at their disposal the specific skills acquired as a result of their relationship with CMAP, the Centre for Mediation and Arbitration of Paris.<\/p>\n<p>[\/et_pb_text][\/et_pb_column][\/et_pb_row][\/et_pb_section]<\/p>\n","protected":false},"excerpt":{"rendered":"<p>Software and databasesSoftware and database consultingSoftware is an oeuvre de l\u2019esprit or \u201cwork of the mind\u201d governed by Article L.112-2 of the French Code of Intellectual Property and as such is afforded the protection of droit d\u2019auteur or copyright. Databases being the result of original choices in the selection, presentation and classification of information are [&hellip;]<\/p>\n","protected":false},"author":1,"featured_media":0,"parent":878,"menu_order":0,"comment_status":"closed","ping_status":"closed","template":"","meta":{"_et_pb_use_builder":"on","_et_pb_old_content":"","_et_gb_content_width":"","footnotes":""},"class_list":["post-881","page","type-page","status-publish","hentry"],"yoast_head":"<!-- This site is optimized with the Yoast SEO plugin v27.5 - https:\/\/yoast.com\/product\/yoast-seo-wordpress\/ -->\n<title>Software and databases lawyers | Legrand Lesage-Catel Gaultier<\/title>\n<meta name=\"description\" content=\"Legrand Lesage-Catel Gaultier law office, located in Paris, assists you for the protection of software and databases\" \/>\n<meta name=\"robots\" content=\"index, follow, max-snippet:-1, max-image-preview:large, max-video-preview:-1\" \/>\n<link rel=\"canonical\" href=\"https:\/\/www.llcg-avocats.com\/en\/internet-technology-law\/software-databases\/\" \/>\n<meta property=\"og:locale\" content=\"en_US\" \/>\n<meta property=\"og:type\" content=\"article\" \/>\n<meta property=\"og:title\" content=\"Software and databases lawyers | Legrand Lesage-Catel Gaultier\" \/>\n<meta property=\"og:description\" content=\"Legrand Lesage-Catel Gaultier law office, located in Paris, assists you for the protection of software and databases\" \/>\n<meta property=\"og:url\" content=\"https:\/\/www.llcg-avocats.com\/en\/internet-technology-law\/software-databases\/\" \/>\n<meta property=\"og:site_name\" content=\"Avocats propri\u00e9t\u00e9 intellectuelle \u00e0 Paris\" \/>\n<meta property=\"article:modified_time\" content=\"2021-05-09T13:13:21+00:00\" \/>\n<meta name=\"twitter:card\" content=\"summary_large_image\" \/>\n<meta name=\"twitter:label1\" content=\"Est. reading time\" \/>\n\t<meta name=\"twitter:data1\" content=\"3 minutes\" \/>\n<script type=\"application\/ld+json\" class=\"yoast-schema-graph\">{\"@context\":\"https:\\\/\\\/schema.org\",\"@graph\":[{\"@type\":\"WebPage\",\"@id\":\"https:\\\/\\\/www.llcg-avocats.com\\\/en\\\/internet-technology-law\\\/software-databases\\\/\",\"url\":\"https:\\\/\\\/www.llcg-avocats.com\\\/en\\\/internet-technology-law\\\/software-databases\\\/\",\"name\":\"Software and databases lawyers | Legrand Lesage-Catel Gaultier\",\"isPartOf\":{\"@id\":\"https:\\\/\\\/www.llcg-avocats.com\\\/en\\\/#website\"},\"datePublished\":\"2016-05-30T10:41:18+00:00\",\"dateModified\":\"2021-05-09T13:13:21+00:00\",\"description\":\"Legrand Lesage-Catel Gaultier law office, located in Paris, assists you for the protection of software and databases\",\"breadcrumb\":{\"@id\":\"https:\\\/\\\/www.llcg-avocats.com\\\/en\\\/internet-technology-law\\\/software-databases\\\/#breadcrumb\"},\"inLanguage\":\"en-US\",\"potentialAction\":[{\"@type\":\"ReadAction\",\"target\":[\"https:\\\/\\\/www.llcg-avocats.com\\\/en\\\/internet-technology-law\\\/software-databases\\\/\"]}]},{\"@type\":\"BreadcrumbList\",\"@id\":\"https:\\\/\\\/www.llcg-avocats.com\\\/en\\\/internet-technology-law\\\/software-databases\\\/#breadcrumb\",\"itemListElement\":[{\"@type\":\"ListItem\",\"position\":1,\"name\":\"Accueil\",\"item\":\"https:\\\/\\\/www.llcg-avocats.com\\\/en\\\/\"},{\"@type\":\"ListItem\",\"position\":2,\"name\":\"DROIT DE L&#8217;INFORMATIQUE ET DE L&#8217;INTERNET, ECOMMERCE, E-REPUTATION\",\"item\":\"https:\\\/\\\/www.llcg-avocats.com\\\/en\\\/internet-technology-law\\\/\"},{\"@type\":\"ListItem\",\"position\":3,\"name\":\"LOGICIELS ET BASES DE DONN\u00c9ES\"}]},{\"@type\":\"WebSite\",\"@id\":\"https:\\\/\\\/www.llcg-avocats.com\\\/en\\\/#website\",\"url\":\"https:\\\/\\\/www.llcg-avocats.com\\\/en\\\/\",\"name\":\"Avocats propri\u00e9t\u00e9 intellectuelle \u00e0 Paris\",\"description\":\"Legrand Lesage-Catel Gaultier\",\"potentialAction\":[{\"@type\":\"SearchAction\",\"target\":{\"@type\":\"EntryPoint\",\"urlTemplate\":\"https:\\\/\\\/www.llcg-avocats.com\\\/en\\\/?s={search_term_string}\"},\"query-input\":{\"@type\":\"PropertyValueSpecification\",\"valueRequired\":true,\"valueName\":\"search_term_string\"}}],\"inLanguage\":\"en-US\"}]}<\/script>\n<!-- \/ Yoast SEO plugin. -->","yoast_head_json":{"title":"Software and databases lawyers | Legrand Lesage-Catel Gaultier","description":"Legrand Lesage-Catel Gaultier law office, located in Paris, assists you for the protection of software and databases","robots":{"index":"index","follow":"follow","max-snippet":"max-snippet:-1","max-image-preview":"max-image-preview:large","max-video-preview":"max-video-preview:-1"},"canonical":"https:\/\/www.llcg-avocats.com\/en\/internet-technology-law\/software-databases\/","og_locale":"en_US","og_type":"article","og_title":"Software and databases lawyers | Legrand Lesage-Catel Gaultier","og_description":"Legrand Lesage-Catel Gaultier law office, located in Paris, assists you for the protection of software and databases","og_url":"https:\/\/www.llcg-avocats.com\/en\/internet-technology-law\/software-databases\/","og_site_name":"Avocats propri\u00e9t\u00e9 intellectuelle \u00e0 Paris","article_modified_time":"2021-05-09T13:13:21+00:00","twitter_card":"summary_large_image","twitter_misc":{"Est. reading time":"3 minutes"},"schema":{"@context":"https:\/\/schema.org","@graph":[{"@type":"WebPage","@id":"https:\/\/www.llcg-avocats.com\/en\/internet-technology-law\/software-databases\/","url":"https:\/\/www.llcg-avocats.com\/en\/internet-technology-law\/software-databases\/","name":"Software and databases lawyers | Legrand Lesage-Catel Gaultier","isPartOf":{"@id":"https:\/\/www.llcg-avocats.com\/en\/#website"},"datePublished":"2016-05-30T10:41:18+00:00","dateModified":"2021-05-09T13:13:21+00:00","description":"Legrand Lesage-Catel Gaultier law office, located in Paris, assists you for the protection of software and databases","breadcrumb":{"@id":"https:\/\/www.llcg-avocats.com\/en\/internet-technology-law\/software-databases\/#breadcrumb"},"inLanguage":"en-US","potentialAction":[{"@type":"ReadAction","target":["https:\/\/www.llcg-avocats.com\/en\/internet-technology-law\/software-databases\/"]}]},{"@type":"BreadcrumbList","@id":"https:\/\/www.llcg-avocats.com\/en\/internet-technology-law\/software-databases\/#breadcrumb","itemListElement":[{"@type":"ListItem","position":1,"name":"Accueil","item":"https:\/\/www.llcg-avocats.com\/en\/"},{"@type":"ListItem","position":2,"name":"DROIT DE L&#8217;INFORMATIQUE ET DE L&#8217;INTERNET, ECOMMERCE, E-REPUTATION","item":"https:\/\/www.llcg-avocats.com\/en\/internet-technology-law\/"},{"@type":"ListItem","position":3,"name":"LOGICIELS ET BASES DE DONN\u00c9ES"}]},{"@type":"WebSite","@id":"https:\/\/www.llcg-avocats.com\/en\/#website","url":"https:\/\/www.llcg-avocats.com\/en\/","name":"Avocats propri\u00e9t\u00e9 intellectuelle \u00e0 Paris","description":"Legrand Lesage-Catel Gaultier","potentialAction":[{"@type":"SearchAction","target":{"@type":"EntryPoint","urlTemplate":"https:\/\/www.llcg-avocats.com\/en\/?s={search_term_string}"},"query-input":{"@type":"PropertyValueSpecification","valueRequired":true,"valueName":"search_term_string"}}],"inLanguage":"en-US"}]}},"_links":{"self":[{"href":"https:\/\/www.llcg-avocats.com\/en\/wp-json\/wp\/v2\/pages\/881","targetHints":{"allow":["GET"]}}],"collection":[{"href":"https:\/\/www.llcg-avocats.com\/en\/wp-json\/wp\/v2\/pages"}],"about":[{"href":"https:\/\/www.llcg-avocats.com\/en\/wp-json\/wp\/v2\/types\/page"}],"author":[{"embeddable":true,"href":"https:\/\/www.llcg-avocats.com\/en\/wp-json\/wp\/v2\/users\/1"}],"replies":[{"embeddable":true,"href":"https:\/\/www.llcg-avocats.com\/en\/wp-json\/wp\/v2\/comments?post=881"}],"version-history":[{"count":7,"href":"https:\/\/www.llcg-avocats.com\/en\/wp-json\/wp\/v2\/pages\/881\/revisions"}],"predecessor-version":[{"id":4277,"href":"https:\/\/www.llcg-avocats.com\/en\/wp-json\/wp\/v2\/pages\/881\/revisions\/4277"}],"up":[{"embeddable":true,"href":"https:\/\/www.llcg-avocats.com\/en\/wp-json\/wp\/v2\/pages\/878"}],"wp:attachment":[{"href":"https:\/\/www.llcg-avocats.com\/en\/wp-json\/wp\/v2\/media?parent=881"}],"curies":[{"name":"wp","href":"https:\/\/api.w.org\/{rel}","templated":true}]}}