{"id":884,"date":"2016-05-30T12:44:30","date_gmt":"2016-05-30T10:44:30","guid":{"rendered":"https:\/\/llcg.trafic-influence.net\/en\/noms-de-domaine\/"},"modified":"2021-05-09T15:13:49","modified_gmt":"2021-05-09T13:13:49","slug":"domain-names","status":"publish","type":"page","link":"https:\/\/www.llcg-avocats.com\/en\/internet-technology-law\/domain-names\/","title":{"rendered":"NOMS DE DOMAINE"},"content":{"rendered":"<p>[et_pb_section fb_built=&#8221;1&#8243; _builder_version=&#8221;4.6.1&#8243; background_enable_color=&#8221;off&#8221; background_image=&#8221;https:\/\/www.llcg-avocats.com\/wp-content\/uploads\/2016\/05\/nom-domaine-llcg-4.jpg&#8221; background_position=&#8221;top_center&#8221;][et_pb_row column_structure=&#8221;3_4,1_4&#8243; _builder_version=&#8221;4.0.6&#8243;][et_pb_column type=&#8221;3_4&#8243; _builder_version=&#8221;4.0.6&#8243;][et_pb_text _builder_version=&#8221;4.0.6&#8243; header_font=&#8221;|600|||||||&#8221; header_text_color=&#8221;#ffffff&#8221; header_font_size=&#8221;40px&#8221; header_font_size_tablet=&#8221;&#8221; header_font_size_phone=&#8221;27px&#8221; header_font_size_last_edited=&#8221;on|phone&#8221;]<\/p>\n<h1>Domain names<\/h1>\n<p>[\/et_pb_text][\/et_pb_column][et_pb_column type=&#8221;1_4&#8243; _builder_version=&#8221;4.0.6&#8243;][et_pb_button button_url=&#8221;https:\/\/www.llcg-avocats.com\/en\/contact\/&#8221; button_text=&#8221;Contact us&#8221; _builder_version=&#8221;4.0.6&#8243; custom_button=&#8221;on&#8221; button_text_size=&#8221;15px&#8221; button_text_color=&#8221;#ffffff&#8221; button_border_width=&#8221;1px&#8221; button_border_color=&#8221;#ffffff&#8221;][\/et_pb_button][\/et_pb_column][\/et_pb_row][\/et_pb_section][et_pb_section fb_built=&#8221;1&#8243; _builder_version=&#8221;4.0.6&#8243;][et_pb_row _builder_version=&#8221;4.3.3&#8243; custom_padding=&#8221;||20px||false|false&#8221; locked=&#8221;off&#8221;][et_pb_column type=&#8221;4_4&#8243; _builder_version=&#8221;4.0.6&#8243;][et_pb_image src=&#8221;https:\/\/www.llcg-avocats.com\/wp-content\/uploads\/2020\/02\/nom-de-domaine.png&#8221; align=&#8221;center&#8221; _builder_version=&#8221;4.4.0&#8243; custom_margin=&#8221;||||false|false&#8221; custom_padding=&#8221;||||false|false&#8221; animation_style=&#8221;fade&#8221; border_radii=&#8221;on|80px|80px|80px|80px&#8221; box_shadow_style=&#8221;preset1&#8243; box_shadow_vertical=&#8221;10px&#8221; box_shadow_blur=&#8221;80px&#8221; box_shadow_spread=&#8221;-10px&#8221; box_shadow_color=&#8221;rgba(44,54,92,0.2)&#8221; locked=&#8221;off&#8221;][\/et_pb_image][et_pb_text _builder_version=&#8221;4.0.6&#8243; text_font=&#8221;|300|||||||&#8221; text_font_size=&#8221;15px&#8221; header_2_font=&#8221;|600|||||||&#8221; text_orientation=&#8221;center&#8221;]<\/p>\n<h2>Advice on domain names<\/h2>\n<p>&nbsp;<\/p>\n<p>[\/et_pb_text][\/et_pb_column][\/et_pb_row][et_pb_row _builder_version=&#8221;4.0.6&#8243;][et_pb_column type=&#8221;4_4&#8243; _builder_version=&#8221;4.0.6&#8243;][et_pb_text _builder_version=&#8221;4.0.6&#8243; text_font=&#8221;|300|||||||&#8221; text_font_size=&#8221;14px&#8221; text_line_height=&#8221;1.5em&#8221;]<\/p>\n<p>Internet domain names are critical to the identification, visibility and recognition of business organizations.<\/p>\n<p>Domain names are intangible assets of the greatest importance and on a par with trademarks and other means of securing and recognizing rights of intellectual property.<\/p>\n<p>Issues relating to the choice, protection, defence of, and challenge to, domain names are of special concern to LEGRAND LESAGE-CATEL lawyers.<\/p>\n<p><strong><span>Choice<\/span><\/strong> of domain names depends on available options, which in turn rely on verification procedures specified by AFNIC.<\/p>\n<p>Rights of third parties to their company or trading name, rights to trademarks and certain provisions of the law affecting public order or decency are also at issue in regard to the availability of domain names. Some terms require preliminary examination and applications to be made with supporting evidence. They may be subjected to restrictions arising from the absence of legitimate interest or on grounds of poor faith \u2026<\/p>\n<p><strong><span>Protection<\/span><\/strong> is assured according to the\u00a0\u201cFirst come, first served\u201d rule.<\/p>\n<p><span><strong>Procedures<\/strong><\/span> for settlement of disputes involve stages with which specialist lawyers are fully familiar:<\/p>\n<ul>\n<li>verification of entitlement to a domain name,<\/li>\n<li>applications for the disclosure of personal data,<\/li>\n<li>repudiation of a domain name on grounds of its illegality or its offending of public order,<\/li>\n<li>prior claim lodged with the applicant\u2019s administrative contact<\/li>\n<\/ul>\n<p>Procedures for settlement of disputes are available from and supported by AFNIC (PARL, SYRELI).<\/p>\n<p>Judicial proceedings may in the end be necessary if the recovery or cancellation of a domain name is otherwise impossible, or when sanctions of infringements are sought, or in cases of unfair competition, in which case notifications of AFNIC may be required, given its powers to allocate and register domain names.<\/p>\n<p>LEGRAND LESAGE-CATEL lawyers are fully familiar with these courses of action and avenues of legal recourse.<\/p>\n<p>Our lawyers may also contribute to <span><strong>domain name audits and contracts<\/strong><\/span>.<\/p>\n<p>[\/et_pb_text][\/et_pb_column][\/et_pb_row][\/et_pb_section]<\/p>\n","protected":false},"excerpt":{"rendered":"<p>Domain namesAdvice on domain names &nbsp;Internet domain names are critical to the identification, visibility and recognition of business organizations. Domain names are intangible assets of the greatest importance and on a par with trademarks and other means of securing and recognizing rights of intellectual property. Issues relating to the choice, protection, defence of, and challenge [&hellip;]<\/p>\n","protected":false},"author":1,"featured_media":0,"parent":878,"menu_order":0,"comment_status":"closed","ping_status":"closed","template":"","meta":{"_et_pb_use_builder":"on","_et_pb_old_content":"","_et_gb_content_width":"","footnotes":""},"class_list":["post-884","page","type-page","status-publish","hentry"],"yoast_head":"<!-- This site is optimized with the Yoast SEO plugin v27.5 - https:\/\/yoast.com\/product\/yoast-seo-wordpress\/ -->\n<title>Domain names | Legrand Lesage-Catel Gaultier<\/title>\n<meta name=\"description\" content=\"Legrand Lesage-Catel Gaultier law office, located in Paris, assists you in proceedings related to domain names\" \/>\n<meta name=\"robots\" content=\"index, follow, max-snippet:-1, max-image-preview:large, max-video-preview:-1\" \/>\n<link rel=\"canonical\" href=\"https:\/\/www.llcg-avocats.com\/en\/internet-technology-law\/domain-names\/\" \/>\n<meta property=\"og:locale\" content=\"en_US\" \/>\n<meta property=\"og:type\" content=\"article\" \/>\n<meta property=\"og:title\" content=\"Domain names | Legrand Lesage-Catel Gaultier\" \/>\n<meta property=\"og:description\" content=\"Legrand Lesage-Catel Gaultier law office, located in Paris, assists you in proceedings related to domain names\" \/>\n<meta property=\"og:url\" content=\"https:\/\/www.llcg-avocats.com\/en\/internet-technology-law\/domain-names\/\" \/>\n<meta property=\"og:site_name\" content=\"Avocats propri\u00e9t\u00e9 intellectuelle \u00e0 Paris\" \/>\n<meta property=\"article:modified_time\" content=\"2021-05-09T13:13:49+00:00\" \/>\n<meta name=\"twitter:card\" content=\"summary_large_image\" \/>\n<meta name=\"twitter:label1\" content=\"Est. reading time\" \/>\n\t<meta name=\"twitter:data1\" content=\"3 minutes\" \/>\n<script type=\"application\/ld+json\" class=\"yoast-schema-graph\">{\"@context\":\"https:\\\/\\\/schema.org\",\"@graph\":[{\"@type\":\"WebPage\",\"@id\":\"https:\\\/\\\/www.llcg-avocats.com\\\/en\\\/internet-technology-law\\\/domain-names\\\/\",\"url\":\"https:\\\/\\\/www.llcg-avocats.com\\\/en\\\/internet-technology-law\\\/domain-names\\\/\",\"name\":\"Domain names | Legrand Lesage-Catel Gaultier\",\"isPartOf\":{\"@id\":\"https:\\\/\\\/www.llcg-avocats.com\\\/en\\\/#website\"},\"datePublished\":\"2016-05-30T10:44:30+00:00\",\"dateModified\":\"2021-05-09T13:13:49+00:00\",\"description\":\"Legrand Lesage-Catel Gaultier law office, located in Paris, assists you in proceedings related to domain names\",\"breadcrumb\":{\"@id\":\"https:\\\/\\\/www.llcg-avocats.com\\\/en\\\/internet-technology-law\\\/domain-names\\\/#breadcrumb\"},\"inLanguage\":\"en-US\",\"potentialAction\":[{\"@type\":\"ReadAction\",\"target\":[\"https:\\\/\\\/www.llcg-avocats.com\\\/en\\\/internet-technology-law\\\/domain-names\\\/\"]}]},{\"@type\":\"BreadcrumbList\",\"@id\":\"https:\\\/\\\/www.llcg-avocats.com\\\/en\\\/internet-technology-law\\\/domain-names\\\/#breadcrumb\",\"itemListElement\":[{\"@type\":\"ListItem\",\"position\":1,\"name\":\"Accueil\",\"item\":\"https:\\\/\\\/www.llcg-avocats.com\\\/en\\\/\"},{\"@type\":\"ListItem\",\"position\":2,\"name\":\"DROIT DE L&#8217;INFORMATIQUE ET DE L&#8217;INTERNET, ECOMMERCE, E-REPUTATION\",\"item\":\"https:\\\/\\\/www.llcg-avocats.com\\\/en\\\/internet-technology-law\\\/\"},{\"@type\":\"ListItem\",\"position\":3,\"name\":\"NOMS DE DOMAINE\"}]},{\"@type\":\"WebSite\",\"@id\":\"https:\\\/\\\/www.llcg-avocats.com\\\/en\\\/#website\",\"url\":\"https:\\\/\\\/www.llcg-avocats.com\\\/en\\\/\",\"name\":\"Avocats propri\u00e9t\u00e9 intellectuelle \u00e0 Paris\",\"description\":\"Legrand Lesage-Catel Gaultier\",\"potentialAction\":[{\"@type\":\"SearchAction\",\"target\":{\"@type\":\"EntryPoint\",\"urlTemplate\":\"https:\\\/\\\/www.llcg-avocats.com\\\/en\\\/?s={search_term_string}\"},\"query-input\":{\"@type\":\"PropertyValueSpecification\",\"valueRequired\":true,\"valueName\":\"search_term_string\"}}],\"inLanguage\":\"en-US\"}]}<\/script>\n<!-- \/ Yoast SEO plugin. -->","yoast_head_json":{"title":"Domain names | Legrand Lesage-Catel Gaultier","description":"Legrand Lesage-Catel Gaultier law office, located in Paris, assists you in proceedings related to domain names","robots":{"index":"index","follow":"follow","max-snippet":"max-snippet:-1","max-image-preview":"max-image-preview:large","max-video-preview":"max-video-preview:-1"},"canonical":"https:\/\/www.llcg-avocats.com\/en\/internet-technology-law\/domain-names\/","og_locale":"en_US","og_type":"article","og_title":"Domain names | Legrand Lesage-Catel Gaultier","og_description":"Legrand Lesage-Catel Gaultier law office, located in Paris, assists you in proceedings related to domain names","og_url":"https:\/\/www.llcg-avocats.com\/en\/internet-technology-law\/domain-names\/","og_site_name":"Avocats propri\u00e9t\u00e9 intellectuelle \u00e0 Paris","article_modified_time":"2021-05-09T13:13:49+00:00","twitter_card":"summary_large_image","twitter_misc":{"Est. reading time":"3 minutes"},"schema":{"@context":"https:\/\/schema.org","@graph":[{"@type":"WebPage","@id":"https:\/\/www.llcg-avocats.com\/en\/internet-technology-law\/domain-names\/","url":"https:\/\/www.llcg-avocats.com\/en\/internet-technology-law\/domain-names\/","name":"Domain names | Legrand Lesage-Catel Gaultier","isPartOf":{"@id":"https:\/\/www.llcg-avocats.com\/en\/#website"},"datePublished":"2016-05-30T10:44:30+00:00","dateModified":"2021-05-09T13:13:49+00:00","description":"Legrand Lesage-Catel Gaultier law office, located in Paris, assists you in proceedings related to domain names","breadcrumb":{"@id":"https:\/\/www.llcg-avocats.com\/en\/internet-technology-law\/domain-names\/#breadcrumb"},"inLanguage":"en-US","potentialAction":[{"@type":"ReadAction","target":["https:\/\/www.llcg-avocats.com\/en\/internet-technology-law\/domain-names\/"]}]},{"@type":"BreadcrumbList","@id":"https:\/\/www.llcg-avocats.com\/en\/internet-technology-law\/domain-names\/#breadcrumb","itemListElement":[{"@type":"ListItem","position":1,"name":"Accueil","item":"https:\/\/www.llcg-avocats.com\/en\/"},{"@type":"ListItem","position":2,"name":"DROIT DE L&#8217;INFORMATIQUE ET DE L&#8217;INTERNET, ECOMMERCE, E-REPUTATION","item":"https:\/\/www.llcg-avocats.com\/en\/internet-technology-law\/"},{"@type":"ListItem","position":3,"name":"NOMS DE DOMAINE"}]},{"@type":"WebSite","@id":"https:\/\/www.llcg-avocats.com\/en\/#website","url":"https:\/\/www.llcg-avocats.com\/en\/","name":"Avocats propri\u00e9t\u00e9 intellectuelle \u00e0 Paris","description":"Legrand Lesage-Catel Gaultier","potentialAction":[{"@type":"SearchAction","target":{"@type":"EntryPoint","urlTemplate":"https:\/\/www.llcg-avocats.com\/en\/?s={search_term_string}"},"query-input":{"@type":"PropertyValueSpecification","valueRequired":true,"valueName":"search_term_string"}}],"inLanguage":"en-US"}]}},"_links":{"self":[{"href":"https:\/\/www.llcg-avocats.com\/en\/wp-json\/wp\/v2\/pages\/884","targetHints":{"allow":["GET"]}}],"collection":[{"href":"https:\/\/www.llcg-avocats.com\/en\/wp-json\/wp\/v2\/pages"}],"about":[{"href":"https:\/\/www.llcg-avocats.com\/en\/wp-json\/wp\/v2\/types\/page"}],"author":[{"embeddable":true,"href":"https:\/\/www.llcg-avocats.com\/en\/wp-json\/wp\/v2\/users\/1"}],"replies":[{"embeddable":true,"href":"https:\/\/www.llcg-avocats.com\/en\/wp-json\/wp\/v2\/comments?post=884"}],"version-history":[{"count":7,"href":"https:\/\/www.llcg-avocats.com\/en\/wp-json\/wp\/v2\/pages\/884\/revisions"}],"predecessor-version":[{"id":4279,"href":"https:\/\/www.llcg-avocats.com\/en\/wp-json\/wp\/v2\/pages\/884\/revisions\/4279"}],"up":[{"embeddable":true,"href":"https:\/\/www.llcg-avocats.com\/en\/wp-json\/wp\/v2\/pages\/878"}],"wp:attachment":[{"href":"https:\/\/www.llcg-avocats.com\/en\/wp-json\/wp\/v2\/media?parent=884"}],"curies":[{"name":"wp","href":"https:\/\/api.w.org\/{rel}","templated":true}]}}