{"id":887,"date":"2016-05-30T13:33:56","date_gmt":"2016-05-30T11:33:56","guid":{"rendered":"https:\/\/llcg.trafic-influence.net\/en\/ecommerce-ereputation\/"},"modified":"2021-10-14T16:47:35","modified_gmt":"2021-10-14T14:47:35","slug":"ecommerce-ereputation","status":"publish","type":"page","link":"https:\/\/www.llcg-avocats.com\/en\/internet-technology-law\/ecommerce-ereputation\/","title":{"rendered":"E-COMMERCE ET E-REPUTATION"},"content":{"rendered":"<p>[et_pb_section fb_built=&#8221;1&#8243; _builder_version=&#8221;4.6.1&#8243; background_enable_color=&#8221;off&#8221; background_image=&#8221;https:\/\/www.llcg-avocats.com\/wp-content\/uploads\/2016\/05\/ecommerce-ereputation-4.jpg&#8221;][et_pb_row column_structure=&#8221;3_4,1_4&#8243; _builder_version=&#8221;4.0.6&#8243;][et_pb_column type=&#8221;3_4&#8243; _builder_version=&#8221;4.0.6&#8243;][et_pb_text _builder_version=&#8221;4.0.6&#8243; header_font=&#8221;|600|||||||&#8221; header_text_color=&#8221;#ffffff&#8221; header_font_size=&#8221;40px&#8221; header_font_size_tablet=&#8221;&#8221; header_font_size_phone=&#8221;27px&#8221; header_font_size_last_edited=&#8221;on|phone&#8221;]<\/p>\n<h1>E-commerce &amp; e-reputation<\/h1>\n<p>[\/et_pb_text][\/et_pb_column][et_pb_column type=&#8221;1_4&#8243; _builder_version=&#8221;4.0.6&#8243;][et_pb_button button_url=&#8221;https:\/\/www.llcg-avocats.com\/en\/contact\/&#8221; button_text=&#8221;Contact us&#8221; _builder_version=&#8221;4.0.6&#8243; custom_button=&#8221;on&#8221; button_text_size=&#8221;15px&#8221; button_text_color=&#8221;#ffffff&#8221; button_border_width=&#8221;1px&#8221; button_border_color=&#8221;#ffffff&#8221;][\/et_pb_button][\/et_pb_column][\/et_pb_row][\/et_pb_section][et_pb_section fb_built=&#8221;1&#8243; _builder_version=&#8221;4.0.6&#8243;][et_pb_row _builder_version=&#8221;4.3.3&#8243; custom_padding=&#8221;||20px||false|false&#8221; locked=&#8221;off&#8221;][et_pb_column type=&#8221;4_4&#8243; _builder_version=&#8221;4.0.6&#8243;][et_pb_image src=&#8221;https:\/\/www.llcg-avocats.com\/wp-content\/uploads\/2020\/02\/site-web-ecommerce.png&#8221; align=&#8221;center&#8221; _builder_version=&#8221;4.4.0&#8243; custom_margin=&#8221;||||false|false&#8221; custom_padding=&#8221;||||false|false&#8221; animation_style=&#8221;fade&#8221; border_radii=&#8221;on|80px|80px|80px|80px&#8221; box_shadow_style=&#8221;preset1&#8243; box_shadow_vertical=&#8221;10px&#8221; box_shadow_blur=&#8221;80px&#8221; box_shadow_spread=&#8221;-10px&#8221; box_shadow_color=&#8221;rgba(44,54,92,0.2)&#8221; locked=&#8221;off&#8221;][\/et_pb_image][et_pb_text _builder_version=&#8221;4.0.6&#8243; text_font=&#8221;|300|||||||&#8221; text_font_size=&#8221;15px&#8221; header_2_font=&#8221;|600|||||||&#8221; text_orientation=&#8221;center&#8221; custom_padding=&#8221;||17px|||&#8221;]<\/p>\n<h2>Pre-litigation and litigation relating to websites<\/h2>\n<p>[\/et_pb_text][\/et_pb_column][\/et_pb_row][et_pb_row _builder_version=&#8221;4.0.6&#8243;][et_pb_column type=&#8221;4_4&#8243; _builder_version=&#8221;4.0.6&#8243;][et_pb_text _builder_version=&#8221;4.9.2&#8243; text_font=&#8221;|300|||||||&#8221; text_font_size=&#8221;14px&#8221; text_line_height=&#8221;1.5em&#8221;]<\/p>\n<h2>E-commerce<\/h2>\n<p>Freedom of commerce and industry is mediated through Internet, although bound by the rule of law notably and intellectual property rights, the entitlements of third parties and the provisions governing unfair competition.<\/p>\n<p>This is a complex and many-sided environment in which the global reach of the internet affects entitlements, given that websites may be accessed from many countries governed by different rules of law, whether or not members of the European Union and whether or not signatories of international agreements and treaties.<\/p>\n<p>Internet is a conveyor of the most varied forms of information in many languages including illustrations that may or may not be protected by specific national enactments.<\/p>\n<p>This is clearly a field where advisory input from specialist lawyers, well in advance of formal legal proceedings, may be of valuable assistance.<\/p>\n<p>This is a field where LEGRAND LESAGE-CATEL lawyers bring to bear their acknowledged skills.<\/p>\n<h2>Advisory Services<\/h2>\n<p>Advice covers website content and attached intellectual property rights, protecting website structure, lay-out, drafting, form and illustration, the whole being envisaged as an original creation, protected like any other \u201cwork of the mind\u201d by copyright or droit d\u2019auteur.<\/p>\n<p>What specifically is protected? In whom are rights vested? What about contracts for the assignment of rights? What about illustrations and third party photographic images? Or clauses governing the assignment of copyright for purposes of internet coverage, access to websites, etc.<\/p>\n<p>Advisory services also cover issues such as respect for or infringement of trademarks, designs and models, fair competition, rules of advertising and rules of legal liability\u2026<\/p>\n<h2>Litigation<\/h2>\n<p>Websites are an environment highly incentive to infringements of intellectual property rights, to such an extent that most infringements now take place through the internet, involving consumer products and works of applied arts such as tableware, fashion articles and accessories, jewellery and fragrances. Internet is also key to international trading in medicines and art forgeries.<\/p>\n<p>Action on grounds of infringement in most cases begins with evidential reports of traffic on Internet. To be admissible as evidence, such reports must comply with strict rules under the oversight of a specialist lawyer and be performed by a court-appointed Bailiff. Failure to comply may lead to the rejection of the evidential reports and loss of their content.<\/p>\n<p>Challenges to infringing content is Internet-based, and may include court-ordered measures to delete on-line content, to publish court rulings on the infringer\u2019s website, in addition to financial sanctions against infringers and the traditional publications on heritage media.<\/p>\n<p>A network of foreign correspondents connects LEGRAND LESAGE-CATEL lawyers to their cross-border counterparts, in national markets where action is best coordinated and targeted against infringements, including in many cases actions on grounds of unfair and parasitical competition and misleading advertising.<\/p>\n<h2>Liability in respect of on-line communication, E-reputation<\/h2>\n<p>LEGRAND LESAGE-CATEL lawyers are also involved in matters of breach of privacy or damage to personal reputation or image on internet, as well as in legal proceedings to enforce the deletion of digital records.<\/p>\n<p>The aim here is the removal of unlawful and harmful content, backed up by effective sanctions.<\/p>\n<p>The law of 21 June 2004 on Confidence in the Digital Economy in France allows liability claims to be raised against Internet hosts on grounds of the unlawful content they disseminate on-line, subject to prior notification of unlawful content by means of strictly defined formal procedures.<\/p>\n<p>However, the author of the message challenged, if identified, must have been issued with formal notice in precise wording stating the content and unlawful nature of the message objected to.<\/p>\n<p>French law on the digital economy also lays down a legal process of right of response, open to any person named or designated by an online public communications service. The government order of 24 October 2007 strictly regulates the manner and form in which the right of response is exercised and addressed to the director of a publication, when an objection is raised against it.<\/p>\n<p>The deletion or correction of certain passages of wording may also be requested.<\/p>\n<p>Court proceedings may also be necessary if infringements persist, giving grounds for claiming criminal sanctions and punitive damages, as well as actions on grounds of defamation, insult, disparagement, image and reputational prejudice, and invasion of privacy.<\/p>\n<p>In all such actions, LEGRAND LESAGE-CATEL lawyers will advise and assist clients both plaintiff and defendant.<\/p>\n<p>[\/et_pb_text][\/et_pb_column][\/et_pb_row][\/et_pb_section]<\/p>\n","protected":false},"excerpt":{"rendered":"<p>E-commerce &amp; e-reputationPre-litigation and litigation relating to websitesE-commerce Freedom of commerce and industry is mediated through Internet, although bound by the rule of law notably and intellectual property rights, the entitlements of third parties and the provisions governing unfair competition. This is a complex and many-sided environment in which the global reach of the internet [&hellip;]<\/p>\n","protected":false},"author":1,"featured_media":0,"parent":878,"menu_order":0,"comment_status":"closed","ping_status":"closed","template":"","meta":{"_et_pb_use_builder":"on","_et_pb_old_content":"","_et_gb_content_width":"","footnotes":""},"class_list":["post-887","page","type-page","status-publish","hentry"],"yoast_head":"<!-- This site is optimized with the Yoast SEO plugin v27.4 - https:\/\/yoast.com\/product\/yoast-seo-wordpress\/ -->\n<title>E-commerce and e-reputation law | Legrand Lesage-Catel<\/title>\n<meta name=\"description\" content=\"Specialist in e-commerce and e-reputation, Legrand Lesage-Catel law office advises you and assists you in legal issues\" \/>\n<meta name=\"robots\" content=\"index, follow, max-snippet:-1, max-image-preview:large, max-video-preview:-1\" \/>\n<link rel=\"canonical\" href=\"https:\/\/www.llcg-avocats.com\/en\/internet-technology-law\/ecommerce-ereputation\/\" \/>\n<meta property=\"og:locale\" content=\"en_US\" \/>\n<meta property=\"og:type\" content=\"article\" \/>\n<meta property=\"og:title\" content=\"E-commerce and e-reputation law | Legrand Lesage-Catel\" \/>\n<meta property=\"og:description\" content=\"Specialist in e-commerce and e-reputation, Legrand Lesage-Catel law office advises you and assists you in legal issues\" \/>\n<meta property=\"og:url\" content=\"https:\/\/www.llcg-avocats.com\/en\/internet-technology-law\/ecommerce-ereputation\/\" \/>\n<meta property=\"og:site_name\" content=\"Avocats propri\u00e9t\u00e9 intellectuelle \u00e0 Paris\" \/>\n<meta property=\"article:modified_time\" content=\"2021-10-14T14:47:35+00:00\" \/>\n<meta name=\"twitter:card\" content=\"summary_large_image\" \/>\n<meta name=\"twitter:label1\" content=\"Est. reading time\" \/>\n\t<meta name=\"twitter:data1\" content=\"5 minutes\" \/>\n<script type=\"application\/ld+json\" class=\"yoast-schema-graph\">{\"@context\":\"https:\\\/\\\/schema.org\",\"@graph\":[{\"@type\":\"WebPage\",\"@id\":\"https:\\\/\\\/www.llcg-avocats.com\\\/en\\\/internet-technology-law\\\/ecommerce-ereputation\\\/\",\"url\":\"https:\\\/\\\/www.llcg-avocats.com\\\/en\\\/internet-technology-law\\\/ecommerce-ereputation\\\/\",\"name\":\"E-commerce and e-reputation law | Legrand Lesage-Catel\",\"isPartOf\":{\"@id\":\"https:\\\/\\\/www.llcg-avocats.com\\\/en\\\/#website\"},\"datePublished\":\"2016-05-30T11:33:56+00:00\",\"dateModified\":\"2021-10-14T14:47:35+00:00\",\"description\":\"Specialist in e-commerce and e-reputation, Legrand Lesage-Catel law office advises you and assists you in legal issues\",\"breadcrumb\":{\"@id\":\"https:\\\/\\\/www.llcg-avocats.com\\\/en\\\/internet-technology-law\\\/ecommerce-ereputation\\\/#breadcrumb\"},\"inLanguage\":\"en-US\",\"potentialAction\":[{\"@type\":\"ReadAction\",\"target\":[\"https:\\\/\\\/www.llcg-avocats.com\\\/en\\\/internet-technology-law\\\/ecommerce-ereputation\\\/\"]}]},{\"@type\":\"BreadcrumbList\",\"@id\":\"https:\\\/\\\/www.llcg-avocats.com\\\/en\\\/internet-technology-law\\\/ecommerce-ereputation\\\/#breadcrumb\",\"itemListElement\":[{\"@type\":\"ListItem\",\"position\":1,\"name\":\"Accueil\",\"item\":\"https:\\\/\\\/www.llcg-avocats.com\\\/en\\\/\"},{\"@type\":\"ListItem\",\"position\":2,\"name\":\"DROIT DE L&#8217;INFORMATIQUE ET DE L&#8217;INTERNET, ECOMMERCE, E-REPUTATION\",\"item\":\"https:\\\/\\\/www.llcg-avocats.com\\\/en\\\/internet-technology-law\\\/\"},{\"@type\":\"ListItem\",\"position\":3,\"name\":\"E-COMMERCE ET E-REPUTATION\"}]},{\"@type\":\"WebSite\",\"@id\":\"https:\\\/\\\/www.llcg-avocats.com\\\/en\\\/#website\",\"url\":\"https:\\\/\\\/www.llcg-avocats.com\\\/en\\\/\",\"name\":\"Avocats propri\u00e9t\u00e9 intellectuelle \u00e0 Paris\",\"description\":\"Legrand Lesage-Catel Gaultier\",\"potentialAction\":[{\"@type\":\"SearchAction\",\"target\":{\"@type\":\"EntryPoint\",\"urlTemplate\":\"https:\\\/\\\/www.llcg-avocats.com\\\/en\\\/?s={search_term_string}\"},\"query-input\":{\"@type\":\"PropertyValueSpecification\",\"valueRequired\":true,\"valueName\":\"search_term_string\"}}],\"inLanguage\":\"en-US\"}]}<\/script>\n<!-- \/ Yoast SEO plugin. -->","yoast_head_json":{"title":"E-commerce and e-reputation law | Legrand Lesage-Catel","description":"Specialist in e-commerce and e-reputation, Legrand Lesage-Catel law office advises you and assists you in legal issues","robots":{"index":"index","follow":"follow","max-snippet":"max-snippet:-1","max-image-preview":"max-image-preview:large","max-video-preview":"max-video-preview:-1"},"canonical":"https:\/\/www.llcg-avocats.com\/en\/internet-technology-law\/ecommerce-ereputation\/","og_locale":"en_US","og_type":"article","og_title":"E-commerce and e-reputation law | Legrand Lesage-Catel","og_description":"Specialist in e-commerce and e-reputation, Legrand Lesage-Catel law office advises you and assists you in legal issues","og_url":"https:\/\/www.llcg-avocats.com\/en\/internet-technology-law\/ecommerce-ereputation\/","og_site_name":"Avocats propri\u00e9t\u00e9 intellectuelle \u00e0 Paris","article_modified_time":"2021-10-14T14:47:35+00:00","twitter_card":"summary_large_image","twitter_misc":{"Est. reading time":"5 minutes"},"schema":{"@context":"https:\/\/schema.org","@graph":[{"@type":"WebPage","@id":"https:\/\/www.llcg-avocats.com\/en\/internet-technology-law\/ecommerce-ereputation\/","url":"https:\/\/www.llcg-avocats.com\/en\/internet-technology-law\/ecommerce-ereputation\/","name":"E-commerce and e-reputation law | Legrand Lesage-Catel","isPartOf":{"@id":"https:\/\/www.llcg-avocats.com\/en\/#website"},"datePublished":"2016-05-30T11:33:56+00:00","dateModified":"2021-10-14T14:47:35+00:00","description":"Specialist in e-commerce and e-reputation, Legrand Lesage-Catel law office advises you and assists you in legal issues","breadcrumb":{"@id":"https:\/\/www.llcg-avocats.com\/en\/internet-technology-law\/ecommerce-ereputation\/#breadcrumb"},"inLanguage":"en-US","potentialAction":[{"@type":"ReadAction","target":["https:\/\/www.llcg-avocats.com\/en\/internet-technology-law\/ecommerce-ereputation\/"]}]},{"@type":"BreadcrumbList","@id":"https:\/\/www.llcg-avocats.com\/en\/internet-technology-law\/ecommerce-ereputation\/#breadcrumb","itemListElement":[{"@type":"ListItem","position":1,"name":"Accueil","item":"https:\/\/www.llcg-avocats.com\/en\/"},{"@type":"ListItem","position":2,"name":"DROIT DE L&#8217;INFORMATIQUE ET DE L&#8217;INTERNET, ECOMMERCE, E-REPUTATION","item":"https:\/\/www.llcg-avocats.com\/en\/internet-technology-law\/"},{"@type":"ListItem","position":3,"name":"E-COMMERCE ET E-REPUTATION"}]},{"@type":"WebSite","@id":"https:\/\/www.llcg-avocats.com\/en\/#website","url":"https:\/\/www.llcg-avocats.com\/en\/","name":"Avocats propri\u00e9t\u00e9 intellectuelle \u00e0 Paris","description":"Legrand Lesage-Catel Gaultier","potentialAction":[{"@type":"SearchAction","target":{"@type":"EntryPoint","urlTemplate":"https:\/\/www.llcg-avocats.com\/en\/?s={search_term_string}"},"query-input":{"@type":"PropertyValueSpecification","valueRequired":true,"valueName":"search_term_string"}}],"inLanguage":"en-US"}]}},"_links":{"self":[{"href":"https:\/\/www.llcg-avocats.com\/en\/wp-json\/wp\/v2\/pages\/887","targetHints":{"allow":["GET"]}}],"collection":[{"href":"https:\/\/www.llcg-avocats.com\/en\/wp-json\/wp\/v2\/pages"}],"about":[{"href":"https:\/\/www.llcg-avocats.com\/en\/wp-json\/wp\/v2\/types\/page"}],"author":[{"embeddable":true,"href":"https:\/\/www.llcg-avocats.com\/en\/wp-json\/wp\/v2\/users\/1"}],"replies":[{"embeddable":true,"href":"https:\/\/www.llcg-avocats.com\/en\/wp-json\/wp\/v2\/comments?post=887"}],"version-history":[{"count":11,"href":"https:\/\/www.llcg-avocats.com\/en\/wp-json\/wp\/v2\/pages\/887\/revisions"}],"predecessor-version":[{"id":4575,"href":"https:\/\/www.llcg-avocats.com\/en\/wp-json\/wp\/v2\/pages\/887\/revisions\/4575"}],"up":[{"embeddable":true,"href":"https:\/\/www.llcg-avocats.com\/en\/wp-json\/wp\/v2\/pages\/878"}],"wp:attachment":[{"href":"https:\/\/www.llcg-avocats.com\/en\/wp-json\/wp\/v2\/media?parent=887"}],"curies":[{"name":"wp","href":"https:\/\/api.w.org\/{rel}","templated":true}]}}