{"id":890,"date":"2016-05-30T13:34:56","date_gmt":"2016-05-30T11:34:56","guid":{"rendered":"https:\/\/llcg.trafic-influence.net\/en\/concurrence-deloyale-parasitaire\/"},"modified":"2021-05-09T15:31:17","modified_gmt":"2021-05-09T13:31:17","slug":"unfair-and-parasitic-competition","status":"publish","type":"page","link":"https:\/\/www.llcg-avocats.com\/en\/unfair-and-parasitic-competition\/","title":{"rendered":"CONCURRENCE D\u00c9LOYALE ET PARASITAIRE"},"content":{"rendered":"<p>[et_pb_section fb_built=&#8221;1&#8243; _builder_version=&#8221;4.6.1&#8243; background_enable_color=&#8221;off&#8221; background_image=&#8221;https:\/\/www.llcg-avocats.com\/wp-content\/uploads\/2016\/05\/concurrence-deloyale-parasitaire-4.jpg&#8221;][et_pb_row column_structure=&#8221;3_4,1_4&#8243; _builder_version=&#8221;4.0.6&#8243;][et_pb_column type=&#8221;3_4&#8243; _builder_version=&#8221;4.0.6&#8243;][et_pb_text _builder_version=&#8221;4.0.6&#8243; header_font=&#8221;|600|||||||&#8221; header_text_color=&#8221;#ffffff&#8221; header_font_size=&#8221;40px&#8221; header_font_size_tablet=&#8221;&#8221; header_font_size_phone=&#8221;27px&#8221; header_font_size_last_edited=&#8221;on|phone&#8221;]<\/p>\n<h1>Unfair and parasitical competition<\/h1>\n<p>[\/et_pb_text][\/et_pb_column][et_pb_column type=&#8221;1_4&#8243; _builder_version=&#8221;4.0.6&#8243;][et_pb_button button_url=&#8221;https:\/\/www.llcg-avocats.com\/en\/contact\/&#8221; button_text=&#8221;Contact us&#8221; _builder_version=&#8221;4.0.6&#8243; custom_button=&#8221;on&#8221; button_text_size=&#8221;15px&#8221; button_text_color=&#8221;#ffffff&#8221; button_border_width=&#8221;1px&#8221; button_border_color=&#8221;#ffffff&#8221;][\/et_pb_button][\/et_pb_column][\/et_pb_row][\/et_pb_section][et_pb_section fb_built=&#8221;1&#8243; _builder_version=&#8221;4.0.6&#8243;][et_pb_row _builder_version=&#8221;4.0.6&#8243; custom_padding=&#8221;||0px|||&#8221; locked=&#8221;off&#8221;][et_pb_column type=&#8221;4_4&#8243; _builder_version=&#8221;4.0.6&#8243;][et_pb_image src=&#8221;https:\/\/www.llcg-avocats.com\/wp-content\/uploads\/2020\/03\/concurrence-deloyale-parasitaire-1s.png&#8221; align=&#8221;center&#8221; _builder_version=&#8221;4.4.0&#8243; custom_margin=&#8221;||||false|false&#8221; custom_padding=&#8221;||||false|false&#8221; animation_style=&#8221;fade&#8221; border_radii=&#8221;on|80px|80px|80px|80px&#8221; box_shadow_style=&#8221;preset1&#8243; box_shadow_vertical=&#8221;10px&#8221; box_shadow_blur=&#8221;80px&#8221; box_shadow_spread=&#8221;-10px&#8221; box_shadow_color=&#8221;rgba(44,54,92,0.2)&#8221; locked=&#8221;off&#8221;][\/et_pb_image][\/et_pb_column][\/et_pb_row][et_pb_row _builder_version=&#8221;4.0.6&#8243;][et_pb_column type=&#8221;4_4&#8243; _builder_version=&#8221;4.0.6&#8243;][et_pb_text _builder_version=&#8221;4.9.2&#8243; text_font=&#8221;|300|||||||&#8221; text_font_size=&#8221;15px&#8221; text_line_height=&#8221;1.5em&#8221; hover_enabled=&#8221;0&#8243; sticky_enabled=&#8221;0&#8243;]<\/p>\n<p>LEGRAND LESAGE-CATEL lawyers advise and assist companies in the field of unfair competition.<\/p>\n<h2>Unfair competition<\/h2>\n<p>According to Article 10 bis of the Paris Convention for the Protection of Industrial Property:<\/p>\n<p>\u201c(2) Any act of competition contrary to honest practices in industrial or commercial matters constitutes an act of unfair competition.<\/p>\n<p>(3) The following in particular shall be prohibited:<\/p>\n<p>all acts of such a nature as to create confusion by any means whatever with the establishment, the goods, or the industrial or commercial activities, of a competitor;<br \/>false allegations in the course of trade of such a nature as to discredit the establishment, the goods, or the industrial or commercial activities, of a competitor;\u201d<br \/>Any such action is deemed a tort in the light of this Convention ratified by France, and liability will attach to the perpetrators of such acts under French domestic law pursuant to Article 1382 of the Civil Code (now Article 1240 after the reform of the Civil Code by Government Order of 10 February 2016).<\/p>\n<p>The dishonest practices denounced do not necessarily adversely affect or infringe rights of intellectual property but seek to bring about confusion affecting a competitor\u2019s activities and by seeking to disparage or discredit its products in the eyes of customers.<\/p>\n<p>Actions prejudicial to a company\u2019s name, trading name, domain names, or imitations thereof or the raising of unlawful claims thereto are so many further methods of unfair competition. Servile copying of products to create confusion, manoeuvring in order to discredit a competitor and its products also fall into the same category.<\/p>\n<p>Such dishonest proceedings may be additional to acts of direct infringement of industrial property rights or, if there are none to infringe, may render their perpetrators open to legal action on grounds of harmful practice in the eyes of competition law.<\/p>\n<h2>Parasitical competition<\/h2>\n<p>Parasitical competition occurs when a second company follows in the wake of a first company, for the second company\u2019s sole benefit, thereby avoiding the financial outlay of investments and diverting into its own hands the economic value generated by the first company.<\/p>\n<p>Hence the research, product development, market launch procedures and the formal aspects of product design whereby a product range is brought into being, including variations, colours, advertising campaigns and the products themselves, are frequently copied in a purely servile manner, so that goods are sold at aggressively low prices to the absolute detriment of the first market player.<br \/>Such practices are in many cases accompanied by hiring away staff and illegally accessing or even taking possession of technical and client files \u2026<\/p>\n<p>LEGRAND LESAGE-CATEL specialist lawyers advise companies in these circumstances, take steps to collect evidence and raise actions in the competent courts (Commercial Courts, occasionally District Courts, particularly if the grounds are infringement of intellectual property rights).<\/p>\n<p>[\/et_pb_text][\/et_pb_column][\/et_pb_row][\/et_pb_section]<\/p>\n","protected":false},"excerpt":{"rendered":"<p>Unfair and parasitical competitionLEGRAND LESAGE-CATEL lawyers advise and assist companies in the field of unfair competition. Unfair competition According to Article 10 bis of the Paris Convention for the Protection of Industrial Property: \u201c(2) Any act of competition contrary to honest practices in industrial or commercial matters constitutes an act of unfair competition. (3) The [&hellip;]<\/p>\n","protected":false},"author":1,"featured_media":0,"parent":0,"menu_order":0,"comment_status":"closed","ping_status":"closed","template":"","meta":{"_et_pb_use_builder":"on","_et_pb_old_content":"","_et_gb_content_width":"","footnotes":""},"class_list":["post-890","page","type-page","status-publish","hentry"],"yoast_head":"<!-- This site is optimized with the Yoast SEO plugin v27.5 - https:\/\/yoast.com\/product\/yoast-seo-wordpress\/ -->\n<title>Unfair and parasitical competition lawyers | Legrand Lesage-Catel Gaultier<\/title>\n<meta name=\"description\" content=\"Specialist in unfair and parasitical competition, Legrand Lesage-Catel Gaultier law office advises you and assists you in legal issues\" \/>\n<meta name=\"robots\" content=\"index, follow, max-snippet:-1, max-image-preview:large, max-video-preview:-1\" \/>\n<link rel=\"canonical\" href=\"https:\/\/www.llcg-avocats.com\/en\/unfair-and-parasitic-competition\/\" \/>\n<meta property=\"og:locale\" content=\"en_US\" \/>\n<meta property=\"og:type\" content=\"article\" \/>\n<meta property=\"og:title\" content=\"Unfair and parasitical competition lawyers | Legrand Lesage-Catel Gaultier\" \/>\n<meta property=\"og:description\" content=\"Specialist in unfair and parasitical competition, Legrand Lesage-Catel Gaultier law office advises you and assists you in legal issues\" \/>\n<meta property=\"og:url\" content=\"https:\/\/www.llcg-avocats.com\/en\/unfair-and-parasitic-competition\/\" \/>\n<meta property=\"og:site_name\" content=\"Avocats propri\u00e9t\u00e9 intellectuelle \u00e0 Paris\" \/>\n<meta property=\"article:modified_time\" content=\"2021-05-09T13:31:17+00:00\" \/>\n<meta name=\"twitter:card\" content=\"summary_large_image\" \/>\n<meta name=\"twitter:label1\" content=\"Est. reading time\" \/>\n\t<meta name=\"twitter:data1\" content=\"4 minutes\" \/>\n<script type=\"application\/ld+json\" class=\"yoast-schema-graph\">{\"@context\":\"https:\\\/\\\/schema.org\",\"@graph\":[{\"@type\":\"WebPage\",\"@id\":\"https:\\\/\\\/www.llcg-avocats.com\\\/en\\\/unfair-and-parasitic-competition\\\/\",\"url\":\"https:\\\/\\\/www.llcg-avocats.com\\\/en\\\/unfair-and-parasitic-competition\\\/\",\"name\":\"Unfair and parasitical competition lawyers | Legrand Lesage-Catel Gaultier\",\"isPartOf\":{\"@id\":\"https:\\\/\\\/www.llcg-avocats.com\\\/en\\\/#website\"},\"datePublished\":\"2016-05-30T11:34:56+00:00\",\"dateModified\":\"2021-05-09T13:31:17+00:00\",\"description\":\"Specialist in unfair and parasitical competition, Legrand Lesage-Catel Gaultier law office advises you and assists you in legal issues\",\"breadcrumb\":{\"@id\":\"https:\\\/\\\/www.llcg-avocats.com\\\/en\\\/unfair-and-parasitic-competition\\\/#breadcrumb\"},\"inLanguage\":\"en-US\",\"potentialAction\":[{\"@type\":\"ReadAction\",\"target\":[\"https:\\\/\\\/www.llcg-avocats.com\\\/en\\\/unfair-and-parasitic-competition\\\/\"]}]},{\"@type\":\"BreadcrumbList\",\"@id\":\"https:\\\/\\\/www.llcg-avocats.com\\\/en\\\/unfair-and-parasitic-competition\\\/#breadcrumb\",\"itemListElement\":[{\"@type\":\"ListItem\",\"position\":1,\"name\":\"Accueil\",\"item\":\"https:\\\/\\\/www.llcg-avocats.com\\\/en\\\/\"},{\"@type\":\"ListItem\",\"position\":2,\"name\":\"CONCURRENCE D\u00c9LOYALE ET PARASITAIRE\"}]},{\"@type\":\"WebSite\",\"@id\":\"https:\\\/\\\/www.llcg-avocats.com\\\/en\\\/#website\",\"url\":\"https:\\\/\\\/www.llcg-avocats.com\\\/en\\\/\",\"name\":\"Avocats propri\u00e9t\u00e9 intellectuelle \u00e0 Paris\",\"description\":\"Legrand Lesage-Catel Gaultier\",\"potentialAction\":[{\"@type\":\"SearchAction\",\"target\":{\"@type\":\"EntryPoint\",\"urlTemplate\":\"https:\\\/\\\/www.llcg-avocats.com\\\/en\\\/?s={search_term_string}\"},\"query-input\":{\"@type\":\"PropertyValueSpecification\",\"valueRequired\":true,\"valueName\":\"search_term_string\"}}],\"inLanguage\":\"en-US\"}]}<\/script>\n<!-- \/ Yoast SEO plugin. -->","yoast_head_json":{"title":"Unfair and parasitical competition lawyers | Legrand Lesage-Catel Gaultier","description":"Specialist in unfair and parasitical competition, Legrand Lesage-Catel Gaultier law office advises you and assists you in legal issues","robots":{"index":"index","follow":"follow","max-snippet":"max-snippet:-1","max-image-preview":"max-image-preview:large","max-video-preview":"max-video-preview:-1"},"canonical":"https:\/\/www.llcg-avocats.com\/en\/unfair-and-parasitic-competition\/","og_locale":"en_US","og_type":"article","og_title":"Unfair and parasitical competition lawyers | Legrand Lesage-Catel Gaultier","og_description":"Specialist in unfair and parasitical competition, Legrand Lesage-Catel Gaultier law office advises you and assists you in legal issues","og_url":"https:\/\/www.llcg-avocats.com\/en\/unfair-and-parasitic-competition\/","og_site_name":"Avocats propri\u00e9t\u00e9 intellectuelle \u00e0 Paris","article_modified_time":"2021-05-09T13:31:17+00:00","twitter_card":"summary_large_image","twitter_misc":{"Est. reading time":"4 minutes"},"schema":{"@context":"https:\/\/schema.org","@graph":[{"@type":"WebPage","@id":"https:\/\/www.llcg-avocats.com\/en\/unfair-and-parasitic-competition\/","url":"https:\/\/www.llcg-avocats.com\/en\/unfair-and-parasitic-competition\/","name":"Unfair and parasitical competition lawyers | Legrand Lesage-Catel Gaultier","isPartOf":{"@id":"https:\/\/www.llcg-avocats.com\/en\/#website"},"datePublished":"2016-05-30T11:34:56+00:00","dateModified":"2021-05-09T13:31:17+00:00","description":"Specialist in unfair and parasitical competition, Legrand Lesage-Catel Gaultier law office advises you and assists you in legal issues","breadcrumb":{"@id":"https:\/\/www.llcg-avocats.com\/en\/unfair-and-parasitic-competition\/#breadcrumb"},"inLanguage":"en-US","potentialAction":[{"@type":"ReadAction","target":["https:\/\/www.llcg-avocats.com\/en\/unfair-and-parasitic-competition\/"]}]},{"@type":"BreadcrumbList","@id":"https:\/\/www.llcg-avocats.com\/en\/unfair-and-parasitic-competition\/#breadcrumb","itemListElement":[{"@type":"ListItem","position":1,"name":"Accueil","item":"https:\/\/www.llcg-avocats.com\/en\/"},{"@type":"ListItem","position":2,"name":"CONCURRENCE D\u00c9LOYALE ET PARASITAIRE"}]},{"@type":"WebSite","@id":"https:\/\/www.llcg-avocats.com\/en\/#website","url":"https:\/\/www.llcg-avocats.com\/en\/","name":"Avocats propri\u00e9t\u00e9 intellectuelle \u00e0 Paris","description":"Legrand Lesage-Catel Gaultier","potentialAction":[{"@type":"SearchAction","target":{"@type":"EntryPoint","urlTemplate":"https:\/\/www.llcg-avocats.com\/en\/?s={search_term_string}"},"query-input":{"@type":"PropertyValueSpecification","valueRequired":true,"valueName":"search_term_string"}}],"inLanguage":"en-US"}]}},"_links":{"self":[{"href":"https:\/\/www.llcg-avocats.com\/en\/wp-json\/wp\/v2\/pages\/890","targetHints":{"allow":["GET"]}}],"collection":[{"href":"https:\/\/www.llcg-avocats.com\/en\/wp-json\/wp\/v2\/pages"}],"about":[{"href":"https:\/\/www.llcg-avocats.com\/en\/wp-json\/wp\/v2\/types\/page"}],"author":[{"embeddable":true,"href":"https:\/\/www.llcg-avocats.com\/en\/wp-json\/wp\/v2\/users\/1"}],"replies":[{"embeddable":true,"href":"https:\/\/www.llcg-avocats.com\/en\/wp-json\/wp\/v2\/comments?post=890"}],"version-history":[{"count":8,"href":"https:\/\/www.llcg-avocats.com\/en\/wp-json\/wp\/v2\/pages\/890\/revisions"}],"predecessor-version":[{"id":4288,"href":"https:\/\/www.llcg-avocats.com\/en\/wp-json\/wp\/v2\/pages\/890\/revisions\/4288"}],"wp:attachment":[{"href":"https:\/\/www.llcg-avocats.com\/en\/wp-json\/wp\/v2\/media?parent=890"}],"curies":[{"name":"wp","href":"https:\/\/api.w.org\/{rel}","templated":true}]}}