{"id":899,"date":"2016-05-30T13:37:02","date_gmt":"2016-05-30T11:37:02","guid":{"rendered":"https:\/\/llcg.trafic-influence.net\/en\/droit-marche-art\/"},"modified":"2021-10-15T16:54:37","modified_gmt":"2021-10-15T14:54:37","slug":"art-market","status":"publish","type":"page","link":"https:\/\/www.llcg-avocats.com\/en\/art-market\/","title":{"rendered":"DROIT DU MARCH\u00c9 DE L&#8217;ART"},"content":{"rendered":"<p>[et_pb_section fb_built=&#8221;1&#8243; _builder_version=&#8221;4.6.1&#8243; background_enable_color=&#8221;off&#8221; background_image=&#8221;https:\/\/www.llcg-avocats.com\/wp-content\/uploads\/2016\/05\/marche-art-4.jpg&#8221;][et_pb_row column_structure=&#8221;3_4,1_4&#8243; _builder_version=&#8221;4.0.6&#8243;][et_pb_column type=&#8221;3_4&#8243; _builder_version=&#8221;4.0.6&#8243;][et_pb_text _builder_version=&#8221;4.0.6&#8243; header_font=&#8221;|600|||||||&#8221; header_text_color=&#8221;#ffffff&#8221; header_font_size=&#8221;40px&#8221; header_font_size_tablet=&#8221;&#8221; header_font_size_phone=&#8221;27px&#8221; header_font_size_last_edited=&#8221;on|phone&#8221;]<\/p>\n<h1>Law on artworks<\/h1>\n<p>[\/et_pb_text][\/et_pb_column][et_pb_column type=&#8221;1_4&#8243; _builder_version=&#8221;4.0.6&#8243;][et_pb_button button_url=&#8221;https:\/\/www.llcg-avocats.com\/en\/contact\/&#8221; button_text=&#8221;Contact us&#8221; _builder_version=&#8221;4.0.6&#8243; custom_button=&#8221;on&#8221; button_text_size=&#8221;15px&#8221; button_text_color=&#8221;#ffffff&#8221; button_border_width=&#8221;1px&#8221; button_border_color=&#8221;#ffffff&#8221;][\/et_pb_button][\/et_pb_column][\/et_pb_row][\/et_pb_section][et_pb_section fb_built=&#8221;1&#8243; _builder_version=&#8221;4.9.2&#8243;][et_pb_row _builder_version=&#8221;4.0.6&#8243;][et_pb_column type=&#8221;4_4&#8243; _builder_version=&#8221;4.0.6&#8243;][et_pb_text _builder_version=&#8221;4.9.2&#8243; text_font=&#8221;|300|||||||&#8221; text_font_size=&#8221;15px&#8221; text_line_height=&#8221;1.5em&#8221;]<\/p>\n<p>A diversity of legal issues arise under the law on artworks, among them their status as authentic, tax considerations and terms of sale (rules of copyright in artworks including rights to fees on resale, their reproduction and disclosure; rules governing their circulation; terms and conditions of transfer of title\u2026).<\/p>\n<p>Legrand Lesage-Catel lawyers advise, assist and represent clients across this broad field.<\/p>\n<p>[\/et_pb_text][\/et_pb_column][\/et_pb_row][\/et_pb_section]<\/p>\n","protected":false},"excerpt":{"rendered":"<p>Law on artworksA diversity of legal issues arise under the law on artworks, among them their status as authentic, tax considerations and terms of sale (rules of copyright in artworks including rights to fees on resale, their reproduction and disclosure; rules governing their circulation; terms and conditions of transfer of title\u2026). Legrand Lesage-Catel lawyers advise, [&hellip;]<\/p>\n","protected":false},"author":1,"featured_media":0,"parent":0,"menu_order":0,"comment_status":"closed","ping_status":"closed","template":"","meta":{"_et_pb_use_builder":"on","_et_pb_old_content":"","_et_gb_content_width":"","footnotes":""},"class_list":["post-899","page","type-page","status-publish","hentry"],"yoast_head":"<!-- This site is optimized with the Yoast SEO plugin v27.5 - https:\/\/yoast.com\/product\/yoast-seo-wordpress\/ -->\n<title>Art market lawyers | Legrand Lesage-Catel<\/title>\n<meta name=\"description\" content=\"Expert in art market law, Legrand Lesage-Catel law office assists you in legal issues regarding art pieces: authenticity certificate, sales...\" \/>\n<meta name=\"robots\" content=\"index, follow, max-snippet:-1, max-image-preview:large, max-video-preview:-1\" \/>\n<link rel=\"canonical\" href=\"https:\/\/www.llcg-avocats.com\/en\/art-market\/\" \/>\n<meta property=\"og:locale\" content=\"en_US\" \/>\n<meta property=\"og:type\" content=\"article\" \/>\n<meta property=\"og:title\" content=\"Art market lawyers | Legrand Lesage-Catel\" \/>\n<meta property=\"og:description\" content=\"Expert in art market law, Legrand Lesage-Catel law office assists you in legal issues regarding art pieces: authenticity certificate, sales...\" \/>\n<meta property=\"og:url\" content=\"https:\/\/www.llcg-avocats.com\/en\/art-market\/\" \/>\n<meta property=\"og:site_name\" content=\"Avocats propri\u00e9t\u00e9 intellectuelle \u00e0 Paris\" \/>\n<meta property=\"article:modified_time\" content=\"2021-10-15T14:54:37+00:00\" \/>\n<meta name=\"twitter:card\" content=\"summary_large_image\" \/>\n<meta name=\"twitter:label1\" content=\"Est. reading time\" \/>\n\t<meta name=\"twitter:data1\" content=\"1 minute\" \/>\n<script type=\"application\/ld+json\" class=\"yoast-schema-graph\">{\"@context\":\"https:\\\/\\\/schema.org\",\"@graph\":[{\"@type\":\"WebPage\",\"@id\":\"https:\\\/\\\/www.llcg-avocats.com\\\/en\\\/art-market\\\/\",\"url\":\"https:\\\/\\\/www.llcg-avocats.com\\\/en\\\/art-market\\\/\",\"name\":\"Art market lawyers | Legrand Lesage-Catel\",\"isPartOf\":{\"@id\":\"https:\\\/\\\/www.llcg-avocats.com\\\/en\\\/#website\"},\"datePublished\":\"2016-05-30T11:37:02+00:00\",\"dateModified\":\"2021-10-15T14:54:37+00:00\",\"description\":\"Expert in art market law, Legrand Lesage-Catel law office assists you in legal issues regarding art pieces: authenticity certificate, sales...\",\"breadcrumb\":{\"@id\":\"https:\\\/\\\/www.llcg-avocats.com\\\/en\\\/art-market\\\/#breadcrumb\"},\"inLanguage\":\"en-US\",\"potentialAction\":[{\"@type\":\"ReadAction\",\"target\":[\"https:\\\/\\\/www.llcg-avocats.com\\\/en\\\/art-market\\\/\"]}]},{\"@type\":\"BreadcrumbList\",\"@id\":\"https:\\\/\\\/www.llcg-avocats.com\\\/en\\\/art-market\\\/#breadcrumb\",\"itemListElement\":[{\"@type\":\"ListItem\",\"position\":1,\"name\":\"Accueil\",\"item\":\"https:\\\/\\\/www.llcg-avocats.com\\\/en\\\/\"},{\"@type\":\"ListItem\",\"position\":2,\"name\":\"DROIT DU MARCH\u00c9 DE L&#8217;ART\"}]},{\"@type\":\"WebSite\",\"@id\":\"https:\\\/\\\/www.llcg-avocats.com\\\/en\\\/#website\",\"url\":\"https:\\\/\\\/www.llcg-avocats.com\\\/en\\\/\",\"name\":\"Avocats propri\u00e9t\u00e9 intellectuelle \u00e0 Paris\",\"description\":\"Legrand Lesage-Catel Gaultier\",\"potentialAction\":[{\"@type\":\"SearchAction\",\"target\":{\"@type\":\"EntryPoint\",\"urlTemplate\":\"https:\\\/\\\/www.llcg-avocats.com\\\/en\\\/?s={search_term_string}\"},\"query-input\":{\"@type\":\"PropertyValueSpecification\",\"valueRequired\":true,\"valueName\":\"search_term_string\"}}],\"inLanguage\":\"en-US\"}]}<\/script>\n<!-- \/ Yoast SEO plugin. -->","yoast_head_json":{"title":"Art market lawyers | Legrand Lesage-Catel","description":"Expert in art market law, Legrand Lesage-Catel law office assists you in legal issues regarding art pieces: authenticity certificate, sales...","robots":{"index":"index","follow":"follow","max-snippet":"max-snippet:-1","max-image-preview":"max-image-preview:large","max-video-preview":"max-video-preview:-1"},"canonical":"https:\/\/www.llcg-avocats.com\/en\/art-market\/","og_locale":"en_US","og_type":"article","og_title":"Art market lawyers | Legrand Lesage-Catel","og_description":"Expert in art market law, Legrand Lesage-Catel law office assists you in legal issues regarding art pieces: authenticity certificate, sales...","og_url":"https:\/\/www.llcg-avocats.com\/en\/art-market\/","og_site_name":"Avocats propri\u00e9t\u00e9 intellectuelle \u00e0 Paris","article_modified_time":"2021-10-15T14:54:37+00:00","twitter_card":"summary_large_image","twitter_misc":{"Est. reading time":"1 minute"},"schema":{"@context":"https:\/\/schema.org","@graph":[{"@type":"WebPage","@id":"https:\/\/www.llcg-avocats.com\/en\/art-market\/","url":"https:\/\/www.llcg-avocats.com\/en\/art-market\/","name":"Art market lawyers | Legrand Lesage-Catel","isPartOf":{"@id":"https:\/\/www.llcg-avocats.com\/en\/#website"},"datePublished":"2016-05-30T11:37:02+00:00","dateModified":"2021-10-15T14:54:37+00:00","description":"Expert in art market law, Legrand Lesage-Catel law office assists you in legal issues regarding art pieces: authenticity certificate, sales...","breadcrumb":{"@id":"https:\/\/www.llcg-avocats.com\/en\/art-market\/#breadcrumb"},"inLanguage":"en-US","potentialAction":[{"@type":"ReadAction","target":["https:\/\/www.llcg-avocats.com\/en\/art-market\/"]}]},{"@type":"BreadcrumbList","@id":"https:\/\/www.llcg-avocats.com\/en\/art-market\/#breadcrumb","itemListElement":[{"@type":"ListItem","position":1,"name":"Accueil","item":"https:\/\/www.llcg-avocats.com\/en\/"},{"@type":"ListItem","position":2,"name":"DROIT DU MARCH\u00c9 DE L&#8217;ART"}]},{"@type":"WebSite","@id":"https:\/\/www.llcg-avocats.com\/en\/#website","url":"https:\/\/www.llcg-avocats.com\/en\/","name":"Avocats propri\u00e9t\u00e9 intellectuelle \u00e0 Paris","description":"Legrand Lesage-Catel Gaultier","potentialAction":[{"@type":"SearchAction","target":{"@type":"EntryPoint","urlTemplate":"https:\/\/www.llcg-avocats.com\/en\/?s={search_term_string}"},"query-input":{"@type":"PropertyValueSpecification","valueRequired":true,"valueName":"search_term_string"}}],"inLanguage":"en-US"}]}},"_links":{"self":[{"href":"https:\/\/www.llcg-avocats.com\/en\/wp-json\/wp\/v2\/pages\/899","targetHints":{"allow":["GET"]}}],"collection":[{"href":"https:\/\/www.llcg-avocats.com\/en\/wp-json\/wp\/v2\/pages"}],"about":[{"href":"https:\/\/www.llcg-avocats.com\/en\/wp-json\/wp\/v2\/types\/page"}],"author":[{"embeddable":true,"href":"https:\/\/www.llcg-avocats.com\/en\/wp-json\/wp\/v2\/users\/1"}],"replies":[{"embeddable":true,"href":"https:\/\/www.llcg-avocats.com\/en\/wp-json\/wp\/v2\/comments?post=899"}],"version-history":[{"count":9,"href":"https:\/\/www.llcg-avocats.com\/en\/wp-json\/wp\/v2\/pages\/899\/revisions"}],"predecessor-version":[{"id":4597,"href":"https:\/\/www.llcg-avocats.com\/en\/wp-json\/wp\/v2\/pages\/899\/revisions\/4597"}],"wp:attachment":[{"href":"https:\/\/www.llcg-avocats.com\/en\/wp-json\/wp\/v2\/media?parent=899"}],"curies":[{"name":"wp","href":"https:\/\/api.w.org\/{rel}","templated":true}]}}